{"id":511,"date":"2026-01-30T14:24:15","date_gmt":"2026-01-30T14:24:15","guid":{"rendered":"https:\/\/quartorojo.cl\/?post_type=product&#038;p=511"},"modified":"2026-01-30T14:24:15","modified_gmt":"2026-01-30T14:24:15","slug":"masturbador-hiperrealista","status":"publish","type":"product","link":"https:\/\/quartorojo.cl\/index.php\/producto\/masturbador-hiperrealista\/","title":{"rendered":"Masturbador hiperrealista"},"content":{"rendered":"<h3>T\u00e9cnicas de Tantabutt Ultra-Suaves :<\/h3>\n<p>La mu\u00f1eca sexual TANTALY Nina es la opci\u00f3n ideal para los hombres apasionados por estos juguetes. Tantaly utiliza una tecnolog\u00eda<\/p>\n<p>exclusiva y popular Tantabutt para dise\u00f1ar este torso sexual, la cual brinda una experiencia incre\u00edblemente realista y s\u00faper suave. Los<\/p>\n<p>juguetes sexuales para hombres son gruesos y abultados, y se sienten muy suaves al tacto. Cuando usas las nalgas de este torso sexual,<\/p>\n<p>la forma y textura de esta mu\u00f1eca sexual te brindara un efecto maravilloso.<\/p>\n<h3>Dise\u00f1o de T\u00faneles Personalizado y \u00danico :<\/h3>\n<p>Las mu\u00f1ecas sexuales TANTALY tienen m\u00faltiples t\u00faneles personalizados y \u00fanicos para diferentes tipos de estimulaci\u00f3n. Las cavidades de<\/p>\n<p>este juguete sexual para adultos son flexibles y el patr\u00f3n en forma de diamante en el medio tiene una buena sensaci\u00f3n de fricci\u00f3n. La<\/p>\n<p>abertura es herm\u00e9tica y hay m\u00faltiples patrones en forma de W de m\u00e1s suelto a apretado, y de m\u00e1s apretado a suelto. La vagina de bolsillo<\/p>\n<p>tiene un dise\u00f1o recto y flexible, y todo el t\u00fanel est\u00e1 lleno de part\u00edculas medianas para la estimulaci\u00f3n con fricci\u00f3n.<\/p>\n<h3>Trasero Redondo Cl\u00e1sico y Realista :<\/h3>\n<p>El masturbador masculino TANTALY tiene una forma realista imitando el cuerpo humano: su trasero de redondo y suave te cautivar\u00e1. El<\/p>\n<p>realismo sin precedentes amplifica cada empuje, haciendo que cada uno sea m\u00e1s robusto. Tantaly tambi\u00e9n ha dise\u00f1ado una cintura m\u00e1s<\/p>\n<p>alta para su modelo Lina, proporcion\u00e1ndole un mejor manejo en cada encuentro apasionado. El dise\u00f1o cl\u00e1sico de la mu\u00f1eca sexual se<\/p>\n<p>basa en la forma de un humano real, que puede brindar una experiencia s\u00faper suave y real.<\/p>\n<p>La vagina de Nina tiene un canal de estimulaci\u00f3n m\u00faltiple. La entrada es flexible y un patr\u00f3n en forma de diamante en el medio para una sensaci\u00f3n de fricci\u00f3n. Dentro del canal, hay varios patrones en W, de m\u00e1s suelto a apretado, y de m\u00e1s apretado a suelto. El canal anal tiene un dise\u00f1o recto y flexible y todo el canal est\u00e1 lleno de part\u00edculas para la estimulaci\u00f3n de<\/p>\n<p>la fricci\u00f3n.<\/p>\n","protected":false},"excerpt":{"rendered":"<p>\u2705Reutilizable<br \/>\n\u2705Adaptable a cualquier tama\u00f1o<br \/>\n\u2705F\u00e1cil de lavar<br \/>\n\u2705Hiperrealista<\/p>\n","protected":false},"featured_media":513,"comment_status":"open","ping_status":"closed","template":"","meta":[],"product_brand":[],"product_cat":[15],"product_tag":[],"class_list":{"0":"post-511","1":"product","2":"type-product","3":"status-publish","4":"has-post-thumbnail","6":"product_cat-sin-categorizar","8":"first","9":"instock","10":"shipping-taxable","11":"purchasable","12":"product-type-simple"},"yoast_head":"<!-- This site is optimized with the Yoast SEO plugin v26.8 - https:\/\/yoast.com\/product\/yoast-seo-wordpress\/ -->\n<title>Masturbador hiperrealista - Quarto Rojo<\/title>\n<meta name=\"robots\" content=\"index, follow, max-snippet:-1, max-image-preview:large, max-video-preview:-1\" \/>\n<link rel=\"canonical\" href=\"https:\/\/quartorojo.cl\/index.php\/producto\/masturbador-hiperrealista\/\" \/>\n<meta property=\"og:locale\" content=\"es_ES\" \/>\n<meta property=\"og:type\" content=\"article\" \/>\n<meta property=\"og:title\" content=\"Masturbador hiperrealista - Quarto Rojo\" \/>\n<meta property=\"og:description\" content=\"\u2705Reutilizable \u2705Adaptable a cualquier tama\u00f1o \u2705F\u00e1cil de lavar \u2705Hiperrealista\" \/>\n<meta property=\"og:url\" content=\"https:\/\/quartorojo.cl\/index.php\/producto\/masturbador-hiperrealista\/\" \/>\n<meta property=\"og:site_name\" content=\"Quarto Rojo\" \/>\n<meta property=\"og:image\" content=\"https:\/\/quartorojo.cl\/wp-content\/uploads\/2026\/01\/3c.png\" \/>\n\t<meta property=\"og:image:width\" content=\"500\" \/>\n\t<meta property=\"og:image:height\" content=\"500\" \/>\n\t<meta property=\"og:image:type\" content=\"image\/png\" \/>\n<meta name=\"twitter:card\" content=\"summary_large_image\" \/>\n<meta name=\"twitter:label1\" content=\"Tiempo de lectura\" \/>\n\t<meta name=\"twitter:data1\" content=\"2 minutos\" \/>\n<script type=\"application\/ld+json\" class=\"yoast-schema-graph\">{\"@context\":\"https:\/\/schema.org\",\"@graph\":[{\"@type\":\"WebPage\",\"@id\":\"https:\/\/quartorojo.cl\/index.php\/producto\/masturbador-hiperrealista\/\",\"url\":\"https:\/\/quartorojo.cl\/index.php\/producto\/masturbador-hiperrealista\/\",\"name\":\"Masturbador hiperrealista - Quarto Rojo\",\"isPartOf\":{\"@id\":\"https:\/\/quartorojo.cl\/#website\"},\"primaryImageOfPage\":{\"@id\":\"https:\/\/quartorojo.cl\/index.php\/producto\/masturbador-hiperrealista\/#primaryimage\"},\"image\":{\"@id\":\"https:\/\/quartorojo.cl\/index.php\/producto\/masturbador-hiperrealista\/#primaryimage\"},\"thumbnailUrl\":\"https:\/\/quartorojo.cl\/wp-content\/uploads\/2026\/01\/3c.png\",\"datePublished\":\"2026-01-30T14:24:15+00:00\",\"breadcrumb\":{\"@id\":\"https:\/\/quartorojo.cl\/index.php\/producto\/masturbador-hiperrealista\/#breadcrumb\"},\"inLanguage\":\"es\",\"potentialAction\":[{\"@type\":\"ReadAction\",\"target\":[\"https:\/\/quartorojo.cl\/index.php\/producto\/masturbador-hiperrealista\/\"]}]},{\"@type\":\"ImageObject\",\"inLanguage\":\"es\",\"@id\":\"https:\/\/quartorojo.cl\/index.php\/producto\/masturbador-hiperrealista\/#primaryimage\",\"url\":\"https:\/\/quartorojo.cl\/wp-content\/uploads\/2026\/01\/3c.png\",\"contentUrl\":\"https:\/\/quartorojo.cl\/wp-content\/uploads\/2026\/01\/3c.png\",\"width\":500,\"height\":500},{\"@type\":\"BreadcrumbList\",\"@id\":\"https:\/\/quartorojo.cl\/index.php\/producto\/masturbador-hiperrealista\/#breadcrumb\",\"itemListElement\":[{\"@type\":\"ListItem\",\"position\":1,\"name\":\"Portada\",\"item\":\"https:\/\/quartorojo.cl\/\"},{\"@type\":\"ListItem\",\"position\":2,\"name\":\"Tienda\",\"item\":\"https:\/\/quartorojo.cl\/index.php\/tienda\/\"},{\"@type\":\"ListItem\",\"position\":3,\"name\":\"Masturbador hiperrealista\"}]},{\"@type\":\"WebSite\",\"@id\":\"https:\/\/quartorojo.cl\/#website\",\"url\":\"https:\/\/quartorojo.cl\/\",\"name\":\"Quartorojo.cl\",\"description\":\"Juguetes \u00cdntimos\",\"publisher\":{\"@id\":\"https:\/\/quartorojo.cl\/#organization\"},\"potentialAction\":[{\"@type\":\"SearchAction\",\"target\":{\"@type\":\"EntryPoint\",\"urlTemplate\":\"https:\/\/quartorojo.cl\/?s={search_term_string}\"},\"query-input\":{\"@type\":\"PropertyValueSpecification\",\"valueRequired\":true,\"valueName\":\"search_term_string\"}}],\"inLanguage\":\"es\"},{\"@type\":\"Organization\",\"@id\":\"https:\/\/quartorojo.cl\/#organization\",\"name\":\"Quarto Rojo\",\"url\":\"https:\/\/quartorojo.cl\/\",\"logo\":{\"@type\":\"ImageObject\",\"inLanguage\":\"es\",\"@id\":\"https:\/\/quartorojo.cl\/#\/schema\/logo\/image\/\",\"url\":\"https:\/\/quartorojo.cl\/wp-content\/uploads\/2025\/10\/LOGOQUARTOROJO2023TRAZADO-scaled.png\",\"contentUrl\":\"https:\/\/quartorojo.cl\/wp-content\/uploads\/2025\/10\/LOGOQUARTOROJO2023TRAZADO-scaled.png\",\"width\":2560,\"height\":2193,\"caption\":\"Quarto Rojo\"},\"image\":{\"@id\":\"https:\/\/quartorojo.cl\/#\/schema\/logo\/image\/\"}}]}<\/script>\n<!-- \/ Yoast SEO plugin. -->","yoast_head_json":{"title":"Masturbador hiperrealista - Quarto Rojo","robots":{"index":"index","follow":"follow","max-snippet":"max-snippet:-1","max-image-preview":"max-image-preview:large","max-video-preview":"max-video-preview:-1"},"canonical":"https:\/\/quartorojo.cl\/index.php\/producto\/masturbador-hiperrealista\/","og_locale":"es_ES","og_type":"article","og_title":"Masturbador hiperrealista - Quarto Rojo","og_description":"\u2705Reutilizable \u2705Adaptable a cualquier tama\u00f1o \u2705F\u00e1cil de lavar \u2705Hiperrealista","og_url":"https:\/\/quartorojo.cl\/index.php\/producto\/masturbador-hiperrealista\/","og_site_name":"Quarto Rojo","og_image":[{"width":500,"height":500,"url":"https:\/\/quartorojo.cl\/wp-content\/uploads\/2026\/01\/3c.png","type":"image\/png"}],"twitter_card":"summary_large_image","twitter_misc":{"Tiempo de lectura":"2 minutos"},"schema":{"@context":"https:\/\/schema.org","@graph":[{"@type":"WebPage","@id":"https:\/\/quartorojo.cl\/index.php\/producto\/masturbador-hiperrealista\/","url":"https:\/\/quartorojo.cl\/index.php\/producto\/masturbador-hiperrealista\/","name":"Masturbador hiperrealista - Quarto Rojo","isPartOf":{"@id":"https:\/\/quartorojo.cl\/#website"},"primaryImageOfPage":{"@id":"https:\/\/quartorojo.cl\/index.php\/producto\/masturbador-hiperrealista\/#primaryimage"},"image":{"@id":"https:\/\/quartorojo.cl\/index.php\/producto\/masturbador-hiperrealista\/#primaryimage"},"thumbnailUrl":"https:\/\/quartorojo.cl\/wp-content\/uploads\/2026\/01\/3c.png","datePublished":"2026-01-30T14:24:15+00:00","breadcrumb":{"@id":"https:\/\/quartorojo.cl\/index.php\/producto\/masturbador-hiperrealista\/#breadcrumb"},"inLanguage":"es","potentialAction":[{"@type":"ReadAction","target":["https:\/\/quartorojo.cl\/index.php\/producto\/masturbador-hiperrealista\/"]}]},{"@type":"ImageObject","inLanguage":"es","@id":"https:\/\/quartorojo.cl\/index.php\/producto\/masturbador-hiperrealista\/#primaryimage","url":"https:\/\/quartorojo.cl\/wp-content\/uploads\/2026\/01\/3c.png","contentUrl":"https:\/\/quartorojo.cl\/wp-content\/uploads\/2026\/01\/3c.png","width":500,"height":500},{"@type":"BreadcrumbList","@id":"https:\/\/quartorojo.cl\/index.php\/producto\/masturbador-hiperrealista\/#breadcrumb","itemListElement":[{"@type":"ListItem","position":1,"name":"Portada","item":"https:\/\/quartorojo.cl\/"},{"@type":"ListItem","position":2,"name":"Tienda","item":"https:\/\/quartorojo.cl\/index.php\/tienda\/"},{"@type":"ListItem","position":3,"name":"Masturbador hiperrealista"}]},{"@type":"WebSite","@id":"https:\/\/quartorojo.cl\/#website","url":"https:\/\/quartorojo.cl\/","name":"Quartorojo.cl","description":"Juguetes \u00cdntimos","publisher":{"@id":"https:\/\/quartorojo.cl\/#organization"},"potentialAction":[{"@type":"SearchAction","target":{"@type":"EntryPoint","urlTemplate":"https:\/\/quartorojo.cl\/?s={search_term_string}"},"query-input":{"@type":"PropertyValueSpecification","valueRequired":true,"valueName":"search_term_string"}}],"inLanguage":"es"},{"@type":"Organization","@id":"https:\/\/quartorojo.cl\/#organization","name":"Quarto Rojo","url":"https:\/\/quartorojo.cl\/","logo":{"@type":"ImageObject","inLanguage":"es","@id":"https:\/\/quartorojo.cl\/#\/schema\/logo\/image\/","url":"https:\/\/quartorojo.cl\/wp-content\/uploads\/2025\/10\/LOGOQUARTOROJO2023TRAZADO-scaled.png","contentUrl":"https:\/\/quartorojo.cl\/wp-content\/uploads\/2025\/10\/LOGOQUARTOROJO2023TRAZADO-scaled.png","width":2560,"height":2193,"caption":"Quarto Rojo"},"image":{"@id":"https:\/\/quartorojo.cl\/#\/schema\/logo\/image\/"}}]}},"_links":{"self":[{"href":"https:\/\/quartorojo.cl\/index.php\/wp-json\/wp\/v2\/product\/511","targetHints":{"allow":["GET"]}}],"collection":[{"href":"https:\/\/quartorojo.cl\/index.php\/wp-json\/wp\/v2\/product"}],"about":[{"href":"https:\/\/quartorojo.cl\/index.php\/wp-json\/wp\/v2\/types\/product"}],"replies":[{"embeddable":true,"href":"https:\/\/quartorojo.cl\/index.php\/wp-json\/wp\/v2\/comments?post=511"}],"wp:featuredmedia":[{"embeddable":true,"href":"https:\/\/quartorojo.cl\/index.php\/wp-json\/wp\/v2\/media\/513"}],"wp:attachment":[{"href":"https:\/\/quartorojo.cl\/index.php\/wp-json\/wp\/v2\/media?parent=511"}],"wp:term":[{"taxonomy":"product_brand","embeddable":true,"href":"https:\/\/quartorojo.cl\/index.php\/wp-json\/wp\/v2\/product_brand?post=511"},{"taxonomy":"product_cat","embeddable":true,"href":"https:\/\/quartorojo.cl\/index.php\/wp-json\/wp\/v2\/product_cat?post=511"},{"taxonomy":"product_tag","embeddable":true,"href":"https:\/\/quartorojo.cl\/index.php\/wp-json\/wp\/v2\/product_tag?post=511"}],"curies":[{"name":"wp","href":"https:\/\/api.w.org\/{rel}","templated":true}]}}