{"id":500,"date":"2026-01-28T16:51:00","date_gmt":"2026-01-28T16:51:00","guid":{"rendered":"https:\/\/quartorojo.cl\/?post_type=product&#038;p=500"},"modified":"2026-01-28T16:51:04","modified_gmt":"2026-01-28T16:51:04","slug":"perfume-de-feromonas-jean-paul-gaultier","status":"publish","type":"product","link":"https:\/\/quartorojo.cl\/index.php\/producto\/perfume-de-feromonas-jean-paul-gaultier\/","title":{"rendered":"Perfume de Feromonas  Jean Paul Gaultier"},"content":{"rendered":"<p class=\"ds-markdown-paragraph\"><strong><em>Inspirado en la esencia vibrante de Le Beau Homme de Jean Paul Gaultier<\/em><\/strong><\/p>\n<p class=\"ds-markdown-paragraph\">Phero-X Le Beau es la encarnaci\u00f3n de la seducci\u00f3n playera y la vitalidad irresistible. Dise\u00f1ado para el hombre que irradia carisma y energ\u00eda solar, esta f\u00f3rmula combina nuestras feromonas de alto impacto con una explosi\u00f3n olfativa que transporta directamente a una isla paradis\u00edaca.<\/p>\n<p class=\"ds-markdown-paragraph\"><strong>La Fragancia<\/strong>: Una vibrante fusi\u00f3n de coco fresco y bergamota jugosa, sobre un coraz\u00f3n arom\u00e1tico de hierbas de la garriga y un fondo amaderado y sensual de almizcle y maderas preciosas. Es la esencia del verano eterno y la masculinidad magn\u00e9tica.<\/p>\n<h3><strong>Modo de uso:<\/strong><\/h3>\n<p>Rociar sobre puntos de calor, como cuello y mu\u00f1ecas antes de un encuentro sexual. Su uso puede ser diario y tiene una duraci\u00f3n aprox. de 5 a 8 horas.<\/p>\n<p>&nbsp;<\/p>\n<p><strong>Caracter\u00edsticas<\/strong>:<\/p>\n<ul class=\"lte-list\">\n<li>Color: Incoloro<\/li>\n<li>Tama\u00f1o: 10 ml<\/li>\n<li>Funciones de modelo: Feromonas<\/li>\n<li>Variaci\u00f3n: Hombre<\/li>\n<li>Certificaci\u00f3n: CE<\/li>\n<li>Presentaci\u00f3n: Perfume de feromonas Roll-On<\/li>\n<\/ul>\n","protected":false},"excerpt":{"rendered":"<p><strong>Caracter\u00edsticas<\/strong>:<\/p>\n<ul class=\"lte-list\">\n<li>Color: Incoloro<\/li>\n<li>Tama\u00f1o: 10 ml<\/li>\n<li>Funciones de modelo: Feromonas<\/li>\n<li>Variaci\u00f3n: Hombre<\/li>\n<li>Certificaci\u00f3n: CE<\/li>\n<li>Presentaci\u00f3n: Perfume de feromonas Roll-On<\/li>\n<\/ul>\n","protected":false},"featured_media":508,"comment_status":"open","ping_status":"closed","template":"","meta":[],"product_brand":[],"product_cat":[15],"product_tag":[],"class_list":{"0":"post-500","1":"product","2":"type-product","3":"status-publish","4":"has-post-thumbnail","6":"product_cat-sin-categorizar","8":"first","9":"instock","10":"shipping-taxable","11":"purchasable","12":"product-type-simple"},"yoast_head":"<!-- This site is optimized with the Yoast SEO plugin v26.8 - https:\/\/yoast.com\/product\/yoast-seo-wordpress\/ -->\n<title>Perfume de Feromonas Jean Paul Gaultier - Quarto Rojo<\/title>\n<meta name=\"robots\" content=\"index, follow, max-snippet:-1, max-image-preview:large, max-video-preview:-1\" \/>\n<link rel=\"canonical\" href=\"https:\/\/quartorojo.cl\/index.php\/producto\/perfume-de-feromonas-jean-paul-gaultier\/\" \/>\n<meta property=\"og:locale\" content=\"es_ES\" \/>\n<meta property=\"og:type\" content=\"article\" \/>\n<meta property=\"og:title\" content=\"Perfume de Feromonas Jean Paul Gaultier - Quarto Rojo\" \/>\n<meta property=\"og:description\" content=\"Caracter\u00edsticas:   Color: Incoloro  Tama\u00f1o: 10 ml  Funciones de modelo: Feromonas  Variaci\u00f3n: Hombre  Certificaci\u00f3n: CE  Presentaci\u00f3n: Perfume de feromonas Roll-On\" \/>\n<meta property=\"og:url\" content=\"https:\/\/quartorojo.cl\/index.php\/producto\/perfume-de-feromonas-jean-paul-gaultier\/\" \/>\n<meta property=\"og:site_name\" content=\"Quarto Rojo\" \/>\n<meta property=\"article:modified_time\" content=\"2026-01-28T16:51:04+00:00\" \/>\n<meta property=\"og:image\" content=\"https:\/\/quartorojo.cl\/wp-content\/uploads\/2026\/01\/feromona-azul-1.png\" \/>\n\t<meta property=\"og:image:width\" content=\"522\" \/>\n\t<meta property=\"og:image:height\" content=\"408\" \/>\n\t<meta property=\"og:image:type\" content=\"image\/png\" \/>\n<meta name=\"twitter:card\" content=\"summary_large_image\" \/>\n<meta name=\"twitter:label1\" content=\"Tiempo de lectura\" \/>\n\t<meta name=\"twitter:data1\" content=\"1 minuto\" \/>\n<script type=\"application\/ld+json\" class=\"yoast-schema-graph\">{\"@context\":\"https:\/\/schema.org\",\"@graph\":[{\"@type\":\"WebPage\",\"@id\":\"https:\/\/quartorojo.cl\/index.php\/producto\/perfume-de-feromonas-jean-paul-gaultier\/\",\"url\":\"https:\/\/quartorojo.cl\/index.php\/producto\/perfume-de-feromonas-jean-paul-gaultier\/\",\"name\":\"Perfume de Feromonas Jean Paul Gaultier - Quarto Rojo\",\"isPartOf\":{\"@id\":\"https:\/\/quartorojo.cl\/#website\"},\"primaryImageOfPage\":{\"@id\":\"https:\/\/quartorojo.cl\/index.php\/producto\/perfume-de-feromonas-jean-paul-gaultier\/#primaryimage\"},\"image\":{\"@id\":\"https:\/\/quartorojo.cl\/index.php\/producto\/perfume-de-feromonas-jean-paul-gaultier\/#primaryimage\"},\"thumbnailUrl\":\"https:\/\/quartorojo.cl\/wp-content\/uploads\/2026\/01\/feromona-azul-1.png\",\"datePublished\":\"2026-01-28T16:51:00+00:00\",\"dateModified\":\"2026-01-28T16:51:04+00:00\",\"breadcrumb\":{\"@id\":\"https:\/\/quartorojo.cl\/index.php\/producto\/perfume-de-feromonas-jean-paul-gaultier\/#breadcrumb\"},\"inLanguage\":\"es\",\"potentialAction\":[{\"@type\":\"ReadAction\",\"target\":[\"https:\/\/quartorojo.cl\/index.php\/producto\/perfume-de-feromonas-jean-paul-gaultier\/\"]}]},{\"@type\":\"ImageObject\",\"inLanguage\":\"es\",\"@id\":\"https:\/\/quartorojo.cl\/index.php\/producto\/perfume-de-feromonas-jean-paul-gaultier\/#primaryimage\",\"url\":\"https:\/\/quartorojo.cl\/wp-content\/uploads\/2026\/01\/feromona-azul-1.png\",\"contentUrl\":\"https:\/\/quartorojo.cl\/wp-content\/uploads\/2026\/01\/feromona-azul-1.png\",\"width\":522,\"height\":408},{\"@type\":\"BreadcrumbList\",\"@id\":\"https:\/\/quartorojo.cl\/index.php\/producto\/perfume-de-feromonas-jean-paul-gaultier\/#breadcrumb\",\"itemListElement\":[{\"@type\":\"ListItem\",\"position\":1,\"name\":\"Portada\",\"item\":\"https:\/\/quartorojo.cl\/\"},{\"@type\":\"ListItem\",\"position\":2,\"name\":\"Tienda\",\"item\":\"https:\/\/quartorojo.cl\/index.php\/tienda\/\"},{\"@type\":\"ListItem\",\"position\":3,\"name\":\"Perfume de Feromonas Jean Paul Gaultier\"}]},{\"@type\":\"WebSite\",\"@id\":\"https:\/\/quartorojo.cl\/#website\",\"url\":\"https:\/\/quartorojo.cl\/\",\"name\":\"Quartorojo.cl\",\"description\":\"Juguetes \u00cdntimos\",\"publisher\":{\"@id\":\"https:\/\/quartorojo.cl\/#organization\"},\"potentialAction\":[{\"@type\":\"SearchAction\",\"target\":{\"@type\":\"EntryPoint\",\"urlTemplate\":\"https:\/\/quartorojo.cl\/?s={search_term_string}\"},\"query-input\":{\"@type\":\"PropertyValueSpecification\",\"valueRequired\":true,\"valueName\":\"search_term_string\"}}],\"inLanguage\":\"es\"},{\"@type\":\"Organization\",\"@id\":\"https:\/\/quartorojo.cl\/#organization\",\"name\":\"Quarto Rojo\",\"url\":\"https:\/\/quartorojo.cl\/\",\"logo\":{\"@type\":\"ImageObject\",\"inLanguage\":\"es\",\"@id\":\"https:\/\/quartorojo.cl\/#\/schema\/logo\/image\/\",\"url\":\"https:\/\/quartorojo.cl\/wp-content\/uploads\/2025\/10\/LOGOQUARTOROJO2023TRAZADO-scaled.png\",\"contentUrl\":\"https:\/\/quartorojo.cl\/wp-content\/uploads\/2025\/10\/LOGOQUARTOROJO2023TRAZADO-scaled.png\",\"width\":2560,\"height\":2193,\"caption\":\"Quarto Rojo\"},\"image\":{\"@id\":\"https:\/\/quartorojo.cl\/#\/schema\/logo\/image\/\"}}]}<\/script>\n<!-- \/ Yoast SEO plugin. -->","yoast_head_json":{"title":"Perfume de Feromonas Jean Paul Gaultier - Quarto Rojo","robots":{"index":"index","follow":"follow","max-snippet":"max-snippet:-1","max-image-preview":"max-image-preview:large","max-video-preview":"max-video-preview:-1"},"canonical":"https:\/\/quartorojo.cl\/index.php\/producto\/perfume-de-feromonas-jean-paul-gaultier\/","og_locale":"es_ES","og_type":"article","og_title":"Perfume de Feromonas Jean Paul Gaultier - Quarto Rojo","og_description":"Caracter\u00edsticas:   Color: Incoloro  Tama\u00f1o: 10 ml  Funciones de modelo: Feromonas  Variaci\u00f3n: Hombre  Certificaci\u00f3n: CE  Presentaci\u00f3n: Perfume de feromonas Roll-On","og_url":"https:\/\/quartorojo.cl\/index.php\/producto\/perfume-de-feromonas-jean-paul-gaultier\/","og_site_name":"Quarto Rojo","article_modified_time":"2026-01-28T16:51:04+00:00","og_image":[{"width":522,"height":408,"url":"https:\/\/quartorojo.cl\/wp-content\/uploads\/2026\/01\/feromona-azul-1.png","type":"image\/png"}],"twitter_card":"summary_large_image","twitter_misc":{"Tiempo de lectura":"1 minuto"},"schema":{"@context":"https:\/\/schema.org","@graph":[{"@type":"WebPage","@id":"https:\/\/quartorojo.cl\/index.php\/producto\/perfume-de-feromonas-jean-paul-gaultier\/","url":"https:\/\/quartorojo.cl\/index.php\/producto\/perfume-de-feromonas-jean-paul-gaultier\/","name":"Perfume de Feromonas Jean Paul Gaultier - Quarto Rojo","isPartOf":{"@id":"https:\/\/quartorojo.cl\/#website"},"primaryImageOfPage":{"@id":"https:\/\/quartorojo.cl\/index.php\/producto\/perfume-de-feromonas-jean-paul-gaultier\/#primaryimage"},"image":{"@id":"https:\/\/quartorojo.cl\/index.php\/producto\/perfume-de-feromonas-jean-paul-gaultier\/#primaryimage"},"thumbnailUrl":"https:\/\/quartorojo.cl\/wp-content\/uploads\/2026\/01\/feromona-azul-1.png","datePublished":"2026-01-28T16:51:00+00:00","dateModified":"2026-01-28T16:51:04+00:00","breadcrumb":{"@id":"https:\/\/quartorojo.cl\/index.php\/producto\/perfume-de-feromonas-jean-paul-gaultier\/#breadcrumb"},"inLanguage":"es","potentialAction":[{"@type":"ReadAction","target":["https:\/\/quartorojo.cl\/index.php\/producto\/perfume-de-feromonas-jean-paul-gaultier\/"]}]},{"@type":"ImageObject","inLanguage":"es","@id":"https:\/\/quartorojo.cl\/index.php\/producto\/perfume-de-feromonas-jean-paul-gaultier\/#primaryimage","url":"https:\/\/quartorojo.cl\/wp-content\/uploads\/2026\/01\/feromona-azul-1.png","contentUrl":"https:\/\/quartorojo.cl\/wp-content\/uploads\/2026\/01\/feromona-azul-1.png","width":522,"height":408},{"@type":"BreadcrumbList","@id":"https:\/\/quartorojo.cl\/index.php\/producto\/perfume-de-feromonas-jean-paul-gaultier\/#breadcrumb","itemListElement":[{"@type":"ListItem","position":1,"name":"Portada","item":"https:\/\/quartorojo.cl\/"},{"@type":"ListItem","position":2,"name":"Tienda","item":"https:\/\/quartorojo.cl\/index.php\/tienda\/"},{"@type":"ListItem","position":3,"name":"Perfume de Feromonas Jean Paul Gaultier"}]},{"@type":"WebSite","@id":"https:\/\/quartorojo.cl\/#website","url":"https:\/\/quartorojo.cl\/","name":"Quartorojo.cl","description":"Juguetes \u00cdntimos","publisher":{"@id":"https:\/\/quartorojo.cl\/#organization"},"potentialAction":[{"@type":"SearchAction","target":{"@type":"EntryPoint","urlTemplate":"https:\/\/quartorojo.cl\/?s={search_term_string}"},"query-input":{"@type":"PropertyValueSpecification","valueRequired":true,"valueName":"search_term_string"}}],"inLanguage":"es"},{"@type":"Organization","@id":"https:\/\/quartorojo.cl\/#organization","name":"Quarto Rojo","url":"https:\/\/quartorojo.cl\/","logo":{"@type":"ImageObject","inLanguage":"es","@id":"https:\/\/quartorojo.cl\/#\/schema\/logo\/image\/","url":"https:\/\/quartorojo.cl\/wp-content\/uploads\/2025\/10\/LOGOQUARTOROJO2023TRAZADO-scaled.png","contentUrl":"https:\/\/quartorojo.cl\/wp-content\/uploads\/2025\/10\/LOGOQUARTOROJO2023TRAZADO-scaled.png","width":2560,"height":2193,"caption":"Quarto Rojo"},"image":{"@id":"https:\/\/quartorojo.cl\/#\/schema\/logo\/image\/"}}]}},"_links":{"self":[{"href":"https:\/\/quartorojo.cl\/index.php\/wp-json\/wp\/v2\/product\/500","targetHints":{"allow":["GET"]}}],"collection":[{"href":"https:\/\/quartorojo.cl\/index.php\/wp-json\/wp\/v2\/product"}],"about":[{"href":"https:\/\/quartorojo.cl\/index.php\/wp-json\/wp\/v2\/types\/product"}],"replies":[{"embeddable":true,"href":"https:\/\/quartorojo.cl\/index.php\/wp-json\/wp\/v2\/comments?post=500"}],"wp:featuredmedia":[{"embeddable":true,"href":"https:\/\/quartorojo.cl\/index.php\/wp-json\/wp\/v2\/media\/508"}],"wp:attachment":[{"href":"https:\/\/quartorojo.cl\/index.php\/wp-json\/wp\/v2\/media?parent=500"}],"wp:term":[{"taxonomy":"product_brand","embeddable":true,"href":"https:\/\/quartorojo.cl\/index.php\/wp-json\/wp\/v2\/product_brand?post=500"},{"taxonomy":"product_cat","embeddable":true,"href":"https:\/\/quartorojo.cl\/index.php\/wp-json\/wp\/v2\/product_cat?post=500"},{"taxonomy":"product_tag","embeddable":true,"href":"https:\/\/quartorojo.cl\/index.php\/wp-json\/wp\/v2\/product_tag?post=500"}],"curies":[{"name":"wp","href":"https:\/\/api.w.org\/{rel}","templated":true}]}}