{"id":469,"date":"2026-01-26T20:18:45","date_gmt":"2026-01-26T20:18:45","guid":{"rendered":"https:\/\/quartorojo.cl\/?post_type=product&#038;p=469"},"modified":"2026-01-26T20:18:45","modified_gmt":"2026-01-26T20:18:45","slug":"dildo-realista-masturbable-prettylove","status":"publish","type":"product","link":"https:\/\/quartorojo.cl\/index.php\/producto\/dildo-realista-masturbable-prettylove\/","title":{"rendered":"Dildo realista masturbable PRETTYLOVE"},"content":{"rendered":"<p>Otro fant\u00e1stico dildo de nuestra gama de juguetes sexuales realistas, hecho de material TPR realista con dise\u00f1o de n\u00facleo vertebral. Este dildo realista de pene s\u00faper grande tiene una cabeza generosa y una piel deslizante para mayores sensaciones y un realismo extra. Un dildo grande con ventosa en la base para los juegos en solitario m\u00e1s incre\u00edbles. \u00a1Es una bestia, el dise\u00f1o de n\u00facleo vertebral te permite encontrar siempre el punto perfecto!<\/p>\n<p>&nbsp;<\/p>\n<p><strong>Caracter\u00edsticas<\/strong>:<\/p>\n<ul>\n<li>Color: Rosa claro<\/li>\n<li>Tama\u00f1o:<\/li>\n<li>Longitud total 23 cm<\/li>\n<li>Longitud total insertable 15,5 cm<\/li>\n<li>Di\u00e1metro Max. 4,3 cm<\/li>\n<li>Funciones de modelo: Dildo Realista masturbable<\/li>\n<li>Material: TPR<\/li>\n<li>Certificaci\u00f3n: CE<\/li>\n<li>A prueba de agua: Si<\/li>\n<\/ul>\n","protected":false},"excerpt":{"rendered":"<p><strong>Caracter\u00edsticas<\/strong>:<\/p>\n<ul>\n<li>Color: Rosa claro<\/li>\n<li>Tama\u00f1o:<\/li>\n<li>Longitud total 23 cm<\/li>\n<li>Longitud total insertable 15,5 cm<\/li>\n<li>Di\u00e1metro Max. 4,3 cm<\/li>\n<li>Funciones de modelo: Dildo Realista masturbable<\/li>\n<li>Material: TPR<\/li>\n<li>Certificaci\u00f3n: CE<\/li>\n<li>A prueba de agua: Si<\/li>\n<\/ul>\n","protected":false},"featured_media":471,"comment_status":"open","ping_status":"closed","template":"","meta":[],"product_brand":[],"product_cat":[15],"product_tag":[],"class_list":{"0":"post-469","1":"product","2":"type-product","3":"status-publish","4":"has-post-thumbnail","6":"product_cat-sin-categorizar","8":"first","9":"instock","10":"shipping-taxable","11":"purchasable","12":"product-type-simple"},"yoast_head":"<!-- This site is optimized with the Yoast SEO plugin v26.8 - https:\/\/yoast.com\/product\/yoast-seo-wordpress\/ -->\n<title>Dildo realista masturbable PRETTYLOVE - Quarto Rojo<\/title>\n<meta name=\"robots\" content=\"index, follow, max-snippet:-1, max-image-preview:large, max-video-preview:-1\" \/>\n<link rel=\"canonical\" href=\"https:\/\/quartorojo.cl\/index.php\/producto\/dildo-realista-masturbable-prettylove\/\" \/>\n<meta property=\"og:locale\" content=\"es_ES\" \/>\n<meta property=\"og:type\" content=\"article\" \/>\n<meta property=\"og:title\" content=\"Dildo realista masturbable PRETTYLOVE - Quarto Rojo\" \/>\n<meta property=\"og:description\" content=\"Caracter\u00edsticas:   Color: Rosa claro  Tama\u00f1o:  Longitud total 23 cm  Longitud total insertable 15,5 cm  Di\u00e1metro Max. 4,3 cm  Funciones de modelo: Dildo Realista masturbable  Material: TPR  Certificaci\u00f3n: CE  A prueba de agua: Si\" \/>\n<meta property=\"og:url\" content=\"https:\/\/quartorojo.cl\/index.php\/producto\/dildo-realista-masturbable-prettylove\/\" \/>\n<meta property=\"og:site_name\" content=\"Quarto Rojo\" \/>\n<meta property=\"og:image\" content=\"https:\/\/quartorojo.cl\/wp-content\/uploads\/2026\/01\/Dildo-1.png\" \/>\n\t<meta property=\"og:image:width\" content=\"860\" \/>\n\t<meta property=\"og:image:height\" content=\"859\" \/>\n\t<meta property=\"og:image:type\" content=\"image\/png\" \/>\n<meta name=\"twitter:card\" content=\"summary_large_image\" \/>\n<meta name=\"twitter:label1\" content=\"Tiempo de lectura\" \/>\n\t<meta name=\"twitter:data1\" content=\"1 minuto\" \/>\n<script type=\"application\/ld+json\" class=\"yoast-schema-graph\">{\"@context\":\"https:\/\/schema.org\",\"@graph\":[{\"@type\":\"WebPage\",\"@id\":\"https:\/\/quartorojo.cl\/index.php\/producto\/dildo-realista-masturbable-prettylove\/\",\"url\":\"https:\/\/quartorojo.cl\/index.php\/producto\/dildo-realista-masturbable-prettylove\/\",\"name\":\"Dildo realista masturbable PRETTYLOVE - Quarto Rojo\",\"isPartOf\":{\"@id\":\"https:\/\/quartorojo.cl\/#website\"},\"primaryImageOfPage\":{\"@id\":\"https:\/\/quartorojo.cl\/index.php\/producto\/dildo-realista-masturbable-prettylove\/#primaryimage\"},\"image\":{\"@id\":\"https:\/\/quartorojo.cl\/index.php\/producto\/dildo-realista-masturbable-prettylove\/#primaryimage\"},\"thumbnailUrl\":\"https:\/\/quartorojo.cl\/wp-content\/uploads\/2026\/01\/Dildo-1.png\",\"datePublished\":\"2026-01-26T20:18:45+00:00\",\"breadcrumb\":{\"@id\":\"https:\/\/quartorojo.cl\/index.php\/producto\/dildo-realista-masturbable-prettylove\/#breadcrumb\"},\"inLanguage\":\"es\",\"potentialAction\":[{\"@type\":\"ReadAction\",\"target\":[\"https:\/\/quartorojo.cl\/index.php\/producto\/dildo-realista-masturbable-prettylove\/\"]}]},{\"@type\":\"ImageObject\",\"inLanguage\":\"es\",\"@id\":\"https:\/\/quartorojo.cl\/index.php\/producto\/dildo-realista-masturbable-prettylove\/#primaryimage\",\"url\":\"https:\/\/quartorojo.cl\/wp-content\/uploads\/2026\/01\/Dildo-1.png\",\"contentUrl\":\"https:\/\/quartorojo.cl\/wp-content\/uploads\/2026\/01\/Dildo-1.png\",\"width\":860,\"height\":859},{\"@type\":\"BreadcrumbList\",\"@id\":\"https:\/\/quartorojo.cl\/index.php\/producto\/dildo-realista-masturbable-prettylove\/#breadcrumb\",\"itemListElement\":[{\"@type\":\"ListItem\",\"position\":1,\"name\":\"Portada\",\"item\":\"https:\/\/quartorojo.cl\/\"},{\"@type\":\"ListItem\",\"position\":2,\"name\":\"Tienda\",\"item\":\"https:\/\/quartorojo.cl\/index.php\/tienda\/\"},{\"@type\":\"ListItem\",\"position\":3,\"name\":\"Dildo realista masturbable PRETTYLOVE\"}]},{\"@type\":\"WebSite\",\"@id\":\"https:\/\/quartorojo.cl\/#website\",\"url\":\"https:\/\/quartorojo.cl\/\",\"name\":\"Quartorojo.cl\",\"description\":\"Juguetes \u00cdntimos\",\"publisher\":{\"@id\":\"https:\/\/quartorojo.cl\/#organization\"},\"potentialAction\":[{\"@type\":\"SearchAction\",\"target\":{\"@type\":\"EntryPoint\",\"urlTemplate\":\"https:\/\/quartorojo.cl\/?s={search_term_string}\"},\"query-input\":{\"@type\":\"PropertyValueSpecification\",\"valueRequired\":true,\"valueName\":\"search_term_string\"}}],\"inLanguage\":\"es\"},{\"@type\":\"Organization\",\"@id\":\"https:\/\/quartorojo.cl\/#organization\",\"name\":\"Quarto Rojo\",\"url\":\"https:\/\/quartorojo.cl\/\",\"logo\":{\"@type\":\"ImageObject\",\"inLanguage\":\"es\",\"@id\":\"https:\/\/quartorojo.cl\/#\/schema\/logo\/image\/\",\"url\":\"https:\/\/quartorojo.cl\/wp-content\/uploads\/2025\/10\/LOGOQUARTOROJO2023TRAZADO-scaled.png\",\"contentUrl\":\"https:\/\/quartorojo.cl\/wp-content\/uploads\/2025\/10\/LOGOQUARTOROJO2023TRAZADO-scaled.png\",\"width\":2560,\"height\":2193,\"caption\":\"Quarto Rojo\"},\"image\":{\"@id\":\"https:\/\/quartorojo.cl\/#\/schema\/logo\/image\/\"}}]}<\/script>\n<!-- \/ Yoast SEO plugin. -->","yoast_head_json":{"title":"Dildo realista masturbable PRETTYLOVE - Quarto Rojo","robots":{"index":"index","follow":"follow","max-snippet":"max-snippet:-1","max-image-preview":"max-image-preview:large","max-video-preview":"max-video-preview:-1"},"canonical":"https:\/\/quartorojo.cl\/index.php\/producto\/dildo-realista-masturbable-prettylove\/","og_locale":"es_ES","og_type":"article","og_title":"Dildo realista masturbable PRETTYLOVE - Quarto Rojo","og_description":"Caracter\u00edsticas:   Color: Rosa claro  Tama\u00f1o:  Longitud total 23 cm  Longitud total insertable 15,5 cm  Di\u00e1metro Max. 4,3 cm  Funciones de modelo: Dildo Realista masturbable  Material: TPR  Certificaci\u00f3n: CE  A prueba de agua: Si","og_url":"https:\/\/quartorojo.cl\/index.php\/producto\/dildo-realista-masturbable-prettylove\/","og_site_name":"Quarto Rojo","og_image":[{"width":860,"height":859,"url":"https:\/\/quartorojo.cl\/wp-content\/uploads\/2026\/01\/Dildo-1.png","type":"image\/png"}],"twitter_card":"summary_large_image","twitter_misc":{"Tiempo de lectura":"1 minuto"},"schema":{"@context":"https:\/\/schema.org","@graph":[{"@type":"WebPage","@id":"https:\/\/quartorojo.cl\/index.php\/producto\/dildo-realista-masturbable-prettylove\/","url":"https:\/\/quartorojo.cl\/index.php\/producto\/dildo-realista-masturbable-prettylove\/","name":"Dildo realista masturbable PRETTYLOVE - Quarto Rojo","isPartOf":{"@id":"https:\/\/quartorojo.cl\/#website"},"primaryImageOfPage":{"@id":"https:\/\/quartorojo.cl\/index.php\/producto\/dildo-realista-masturbable-prettylove\/#primaryimage"},"image":{"@id":"https:\/\/quartorojo.cl\/index.php\/producto\/dildo-realista-masturbable-prettylove\/#primaryimage"},"thumbnailUrl":"https:\/\/quartorojo.cl\/wp-content\/uploads\/2026\/01\/Dildo-1.png","datePublished":"2026-01-26T20:18:45+00:00","breadcrumb":{"@id":"https:\/\/quartorojo.cl\/index.php\/producto\/dildo-realista-masturbable-prettylove\/#breadcrumb"},"inLanguage":"es","potentialAction":[{"@type":"ReadAction","target":["https:\/\/quartorojo.cl\/index.php\/producto\/dildo-realista-masturbable-prettylove\/"]}]},{"@type":"ImageObject","inLanguage":"es","@id":"https:\/\/quartorojo.cl\/index.php\/producto\/dildo-realista-masturbable-prettylove\/#primaryimage","url":"https:\/\/quartorojo.cl\/wp-content\/uploads\/2026\/01\/Dildo-1.png","contentUrl":"https:\/\/quartorojo.cl\/wp-content\/uploads\/2026\/01\/Dildo-1.png","width":860,"height":859},{"@type":"BreadcrumbList","@id":"https:\/\/quartorojo.cl\/index.php\/producto\/dildo-realista-masturbable-prettylove\/#breadcrumb","itemListElement":[{"@type":"ListItem","position":1,"name":"Portada","item":"https:\/\/quartorojo.cl\/"},{"@type":"ListItem","position":2,"name":"Tienda","item":"https:\/\/quartorojo.cl\/index.php\/tienda\/"},{"@type":"ListItem","position":3,"name":"Dildo realista masturbable PRETTYLOVE"}]},{"@type":"WebSite","@id":"https:\/\/quartorojo.cl\/#website","url":"https:\/\/quartorojo.cl\/","name":"Quartorojo.cl","description":"Juguetes \u00cdntimos","publisher":{"@id":"https:\/\/quartorojo.cl\/#organization"},"potentialAction":[{"@type":"SearchAction","target":{"@type":"EntryPoint","urlTemplate":"https:\/\/quartorojo.cl\/?s={search_term_string}"},"query-input":{"@type":"PropertyValueSpecification","valueRequired":true,"valueName":"search_term_string"}}],"inLanguage":"es"},{"@type":"Organization","@id":"https:\/\/quartorojo.cl\/#organization","name":"Quarto Rojo","url":"https:\/\/quartorojo.cl\/","logo":{"@type":"ImageObject","inLanguage":"es","@id":"https:\/\/quartorojo.cl\/#\/schema\/logo\/image\/","url":"https:\/\/quartorojo.cl\/wp-content\/uploads\/2025\/10\/LOGOQUARTOROJO2023TRAZADO-scaled.png","contentUrl":"https:\/\/quartorojo.cl\/wp-content\/uploads\/2025\/10\/LOGOQUARTOROJO2023TRAZADO-scaled.png","width":2560,"height":2193,"caption":"Quarto Rojo"},"image":{"@id":"https:\/\/quartorojo.cl\/#\/schema\/logo\/image\/"}}]}},"_links":{"self":[{"href":"https:\/\/quartorojo.cl\/index.php\/wp-json\/wp\/v2\/product\/469","targetHints":{"allow":["GET"]}}],"collection":[{"href":"https:\/\/quartorojo.cl\/index.php\/wp-json\/wp\/v2\/product"}],"about":[{"href":"https:\/\/quartorojo.cl\/index.php\/wp-json\/wp\/v2\/types\/product"}],"replies":[{"embeddable":true,"href":"https:\/\/quartorojo.cl\/index.php\/wp-json\/wp\/v2\/comments?post=469"}],"wp:featuredmedia":[{"embeddable":true,"href":"https:\/\/quartorojo.cl\/index.php\/wp-json\/wp\/v2\/media\/471"}],"wp:attachment":[{"href":"https:\/\/quartorojo.cl\/index.php\/wp-json\/wp\/v2\/media?parent=469"}],"wp:term":[{"taxonomy":"product_brand","embeddable":true,"href":"https:\/\/quartorojo.cl\/index.php\/wp-json\/wp\/v2\/product_brand?post=469"},{"taxonomy":"product_cat","embeddable":true,"href":"https:\/\/quartorojo.cl\/index.php\/wp-json\/wp\/v2\/product_cat?post=469"},{"taxonomy":"product_tag","embeddable":true,"href":"https:\/\/quartorojo.cl\/index.php\/wp-json\/wp\/v2\/product_tag?post=469"}],"curies":[{"name":"wp","href":"https:\/\/api.w.org\/{rel}","templated":true}]}}