{"id":418,"date":"2025-11-10T20:58:24","date_gmt":"2025-11-10T20:58:24","guid":{"rendered":"https:\/\/quartorojo.cl\/?post_type=product&#038;p=418"},"modified":"2025-11-10T21:01:21","modified_gmt":"2025-11-10T21:01:21","slug":"dildo-doble-capa","status":"publish","type":"product","link":"https:\/\/quartorojo.cl\/index.php\/producto\/dildo-doble-capa\/","title":{"rendered":"Dildo doble capa"},"content":{"rendered":"<p>Este novedoso dildo con ventosa es lo suficientemente firme como para proporcionar placer multiorg\u00e1smico y lo suficientemente real como para seducir! Nuestros clientes elogian el aspecto y la sensaci\u00f3n er\u00f3ticos de este popular dildo s\u00f3lido con piel deslizante y dise\u00f1o de n\u00facleo vertebral. Este fant\u00e1stico dildo realista cuenta con un eje cubierto de venas con propiedades org\u00e1smicas. Un dildo s\u00f3lido completamente irresistible que responde al calor de tu piel para sensaciones realistas. \u00a1Consi\u00e9ntete con fantas\u00edas de pasi\u00f3n y placer infinito con el incre\u00edble dildo de piel deslizante de TPR! Cuenta con una robusta ventosa en la base que te permite tener las manos libres para realizar todo tipo de travesuras.<\/p>\n<p>Caracter\u00edsticas:<\/p>\n<p>Color: Rosa claro<br \/>\nTama\u00f1o:<br \/>\nLongitud total 20,6 cm<br \/>\nLongitud total insertable 14 cm<br \/>\nDi\u00e1metro Max. 4,4 cm<br \/>\nFunciones de modelo: Dildo Realista masturbable<br \/>\nMaterial: TPR<br \/>\nCertificaci\u00f3n: CE<br \/>\nA prueba de agua: Si<\/p>\n","protected":false},"excerpt":{"rendered":"<p>Color: Rosa claro<br \/>\nTama\u00f1o:<br \/>\nLongitud total 20,6 cm<br \/>\nLongitud total insertable 14 cm<br \/>\nDi\u00e1metro Max. 4,4 cm<br \/>\nFunciones de modelo: Dildo Realista masturbable<br \/>\nMaterial: TPR<br \/>\nCertificaci\u00f3n: CE<br \/>\nA prueba de agua: Si<\/p>\n","protected":false},"featured_media":419,"comment_status":"open","ping_status":"closed","template":"","meta":[],"product_brand":[],"product_cat":[26],"product_tag":[],"class_list":{"0":"post-418","1":"product","2":"type-product","3":"status-publish","4":"has-post-thumbnail","6":"product_cat-dildos","8":"first","9":"instock","10":"shipping-taxable","11":"purchasable","12":"product-type-simple"},"yoast_head":"<!-- This site is optimized with the Yoast SEO plugin v26.8 - https:\/\/yoast.com\/product\/yoast-seo-wordpress\/ -->\n<title>Dildo doble capa - Quarto Rojo<\/title>\n<meta name=\"robots\" content=\"index, follow, max-snippet:-1, max-image-preview:large, max-video-preview:-1\" \/>\n<link rel=\"canonical\" href=\"https:\/\/quartorojo.cl\/index.php\/producto\/dildo-doble-capa\/\" \/>\n<meta property=\"og:locale\" content=\"es_ES\" \/>\n<meta property=\"og:type\" content=\"article\" \/>\n<meta property=\"og:title\" content=\"Dildo doble capa - Quarto Rojo\" \/>\n<meta property=\"og:description\" content=\"Color: Rosa claro Tama\u00f1o: Longitud total 20,6 cm Longitud total insertable 14 cm Di\u00e1metro Max. 4,4 cm Funciones de modelo: Dildo Realista masturbable Material: TPR Certificaci\u00f3n: CE A prueba de agua: Si\" \/>\n<meta property=\"og:url\" content=\"https:\/\/quartorojo.cl\/index.php\/producto\/dildo-doble-capa\/\" \/>\n<meta property=\"og:site_name\" content=\"Quarto Rojo\" \/>\n<meta property=\"article:modified_time\" content=\"2025-11-10T21:01:21+00:00\" \/>\n<meta property=\"og:image\" content=\"https:\/\/quartorojo.cl\/wp-content\/uploads\/2025\/11\/1-16.png\" \/>\n\t<meta property=\"og:image:width\" content=\"575\" \/>\n\t<meta property=\"og:image:height\" content=\"575\" \/>\n\t<meta property=\"og:image:type\" content=\"image\/png\" \/>\n<meta name=\"twitter:card\" content=\"summary_large_image\" \/>\n<meta name=\"twitter:label1\" content=\"Tiempo de lectura\" \/>\n\t<meta name=\"twitter:data1\" content=\"1 minuto\" \/>\n<script type=\"application\/ld+json\" class=\"yoast-schema-graph\">{\"@context\":\"https:\/\/schema.org\",\"@graph\":[{\"@type\":\"WebPage\",\"@id\":\"https:\/\/quartorojo.cl\/index.php\/producto\/dildo-doble-capa\/\",\"url\":\"https:\/\/quartorojo.cl\/index.php\/producto\/dildo-doble-capa\/\",\"name\":\"Dildo doble capa - Quarto Rojo\",\"isPartOf\":{\"@id\":\"https:\/\/quartorojo.cl\/#website\"},\"primaryImageOfPage\":{\"@id\":\"https:\/\/quartorojo.cl\/index.php\/producto\/dildo-doble-capa\/#primaryimage\"},\"image\":{\"@id\":\"https:\/\/quartorojo.cl\/index.php\/producto\/dildo-doble-capa\/#primaryimage\"},\"thumbnailUrl\":\"https:\/\/quartorojo.cl\/wp-content\/uploads\/2025\/11\/1-16.png\",\"datePublished\":\"2025-11-10T20:58:24+00:00\",\"dateModified\":\"2025-11-10T21:01:21+00:00\",\"breadcrumb\":{\"@id\":\"https:\/\/quartorojo.cl\/index.php\/producto\/dildo-doble-capa\/#breadcrumb\"},\"inLanguage\":\"es\",\"potentialAction\":[{\"@type\":\"ReadAction\",\"target\":[\"https:\/\/quartorojo.cl\/index.php\/producto\/dildo-doble-capa\/\"]}]},{\"@type\":\"ImageObject\",\"inLanguage\":\"es\",\"@id\":\"https:\/\/quartorojo.cl\/index.php\/producto\/dildo-doble-capa\/#primaryimage\",\"url\":\"https:\/\/quartorojo.cl\/wp-content\/uploads\/2025\/11\/1-16.png\",\"contentUrl\":\"https:\/\/quartorojo.cl\/wp-content\/uploads\/2025\/11\/1-16.png\",\"width\":575,\"height\":575},{\"@type\":\"BreadcrumbList\",\"@id\":\"https:\/\/quartorojo.cl\/index.php\/producto\/dildo-doble-capa\/#breadcrumb\",\"itemListElement\":[{\"@type\":\"ListItem\",\"position\":1,\"name\":\"Portada\",\"item\":\"https:\/\/quartorojo.cl\/\"},{\"@type\":\"ListItem\",\"position\":2,\"name\":\"Tienda\",\"item\":\"https:\/\/quartorojo.cl\/index.php\/tienda\/\"},{\"@type\":\"ListItem\",\"position\":3,\"name\":\"Dildo doble capa\"}]},{\"@type\":\"WebSite\",\"@id\":\"https:\/\/quartorojo.cl\/#website\",\"url\":\"https:\/\/quartorojo.cl\/\",\"name\":\"Quartorojo.cl\",\"description\":\"Juguetes \u00cdntimos\",\"publisher\":{\"@id\":\"https:\/\/quartorojo.cl\/#organization\"},\"potentialAction\":[{\"@type\":\"SearchAction\",\"target\":{\"@type\":\"EntryPoint\",\"urlTemplate\":\"https:\/\/quartorojo.cl\/?s={search_term_string}\"},\"query-input\":{\"@type\":\"PropertyValueSpecification\",\"valueRequired\":true,\"valueName\":\"search_term_string\"}}],\"inLanguage\":\"es\"},{\"@type\":\"Organization\",\"@id\":\"https:\/\/quartorojo.cl\/#organization\",\"name\":\"Quarto Rojo\",\"url\":\"https:\/\/quartorojo.cl\/\",\"logo\":{\"@type\":\"ImageObject\",\"inLanguage\":\"es\",\"@id\":\"https:\/\/quartorojo.cl\/#\/schema\/logo\/image\/\",\"url\":\"https:\/\/quartorojo.cl\/wp-content\/uploads\/2025\/10\/LOGOQUARTOROJO2023TRAZADO-scaled.png\",\"contentUrl\":\"https:\/\/quartorojo.cl\/wp-content\/uploads\/2025\/10\/LOGOQUARTOROJO2023TRAZADO-scaled.png\",\"width\":2560,\"height\":2193,\"caption\":\"Quarto Rojo\"},\"image\":{\"@id\":\"https:\/\/quartorojo.cl\/#\/schema\/logo\/image\/\"}}]}<\/script>\n<!-- \/ Yoast SEO plugin. -->","yoast_head_json":{"title":"Dildo doble capa - Quarto Rojo","robots":{"index":"index","follow":"follow","max-snippet":"max-snippet:-1","max-image-preview":"max-image-preview:large","max-video-preview":"max-video-preview:-1"},"canonical":"https:\/\/quartorojo.cl\/index.php\/producto\/dildo-doble-capa\/","og_locale":"es_ES","og_type":"article","og_title":"Dildo doble capa - Quarto Rojo","og_description":"Color: Rosa claro Tama\u00f1o: Longitud total 20,6 cm Longitud total insertable 14 cm Di\u00e1metro Max. 4,4 cm Funciones de modelo: Dildo Realista masturbable Material: TPR Certificaci\u00f3n: CE A prueba de agua: Si","og_url":"https:\/\/quartorojo.cl\/index.php\/producto\/dildo-doble-capa\/","og_site_name":"Quarto Rojo","article_modified_time":"2025-11-10T21:01:21+00:00","og_image":[{"width":575,"height":575,"url":"https:\/\/quartorojo.cl\/wp-content\/uploads\/2025\/11\/1-16.png","type":"image\/png"}],"twitter_card":"summary_large_image","twitter_misc":{"Tiempo de lectura":"1 minuto"},"schema":{"@context":"https:\/\/schema.org","@graph":[{"@type":"WebPage","@id":"https:\/\/quartorojo.cl\/index.php\/producto\/dildo-doble-capa\/","url":"https:\/\/quartorojo.cl\/index.php\/producto\/dildo-doble-capa\/","name":"Dildo doble capa - Quarto Rojo","isPartOf":{"@id":"https:\/\/quartorojo.cl\/#website"},"primaryImageOfPage":{"@id":"https:\/\/quartorojo.cl\/index.php\/producto\/dildo-doble-capa\/#primaryimage"},"image":{"@id":"https:\/\/quartorojo.cl\/index.php\/producto\/dildo-doble-capa\/#primaryimage"},"thumbnailUrl":"https:\/\/quartorojo.cl\/wp-content\/uploads\/2025\/11\/1-16.png","datePublished":"2025-11-10T20:58:24+00:00","dateModified":"2025-11-10T21:01:21+00:00","breadcrumb":{"@id":"https:\/\/quartorojo.cl\/index.php\/producto\/dildo-doble-capa\/#breadcrumb"},"inLanguage":"es","potentialAction":[{"@type":"ReadAction","target":["https:\/\/quartorojo.cl\/index.php\/producto\/dildo-doble-capa\/"]}]},{"@type":"ImageObject","inLanguage":"es","@id":"https:\/\/quartorojo.cl\/index.php\/producto\/dildo-doble-capa\/#primaryimage","url":"https:\/\/quartorojo.cl\/wp-content\/uploads\/2025\/11\/1-16.png","contentUrl":"https:\/\/quartorojo.cl\/wp-content\/uploads\/2025\/11\/1-16.png","width":575,"height":575},{"@type":"BreadcrumbList","@id":"https:\/\/quartorojo.cl\/index.php\/producto\/dildo-doble-capa\/#breadcrumb","itemListElement":[{"@type":"ListItem","position":1,"name":"Portada","item":"https:\/\/quartorojo.cl\/"},{"@type":"ListItem","position":2,"name":"Tienda","item":"https:\/\/quartorojo.cl\/index.php\/tienda\/"},{"@type":"ListItem","position":3,"name":"Dildo doble capa"}]},{"@type":"WebSite","@id":"https:\/\/quartorojo.cl\/#website","url":"https:\/\/quartorojo.cl\/","name":"Quartorojo.cl","description":"Juguetes \u00cdntimos","publisher":{"@id":"https:\/\/quartorojo.cl\/#organization"},"potentialAction":[{"@type":"SearchAction","target":{"@type":"EntryPoint","urlTemplate":"https:\/\/quartorojo.cl\/?s={search_term_string}"},"query-input":{"@type":"PropertyValueSpecification","valueRequired":true,"valueName":"search_term_string"}}],"inLanguage":"es"},{"@type":"Organization","@id":"https:\/\/quartorojo.cl\/#organization","name":"Quarto Rojo","url":"https:\/\/quartorojo.cl\/","logo":{"@type":"ImageObject","inLanguage":"es","@id":"https:\/\/quartorojo.cl\/#\/schema\/logo\/image\/","url":"https:\/\/quartorojo.cl\/wp-content\/uploads\/2025\/10\/LOGOQUARTOROJO2023TRAZADO-scaled.png","contentUrl":"https:\/\/quartorojo.cl\/wp-content\/uploads\/2025\/10\/LOGOQUARTOROJO2023TRAZADO-scaled.png","width":2560,"height":2193,"caption":"Quarto Rojo"},"image":{"@id":"https:\/\/quartorojo.cl\/#\/schema\/logo\/image\/"}}]}},"_links":{"self":[{"href":"https:\/\/quartorojo.cl\/index.php\/wp-json\/wp\/v2\/product\/418","targetHints":{"allow":["GET"]}}],"collection":[{"href":"https:\/\/quartorojo.cl\/index.php\/wp-json\/wp\/v2\/product"}],"about":[{"href":"https:\/\/quartorojo.cl\/index.php\/wp-json\/wp\/v2\/types\/product"}],"replies":[{"embeddable":true,"href":"https:\/\/quartorojo.cl\/index.php\/wp-json\/wp\/v2\/comments?post=418"}],"wp:featuredmedia":[{"embeddable":true,"href":"https:\/\/quartorojo.cl\/index.php\/wp-json\/wp\/v2\/media\/419"}],"wp:attachment":[{"href":"https:\/\/quartorojo.cl\/index.php\/wp-json\/wp\/v2\/media?parent=418"}],"wp:term":[{"taxonomy":"product_brand","embeddable":true,"href":"https:\/\/quartorojo.cl\/index.php\/wp-json\/wp\/v2\/product_brand?post=418"},{"taxonomy":"product_cat","embeddable":true,"href":"https:\/\/quartorojo.cl\/index.php\/wp-json\/wp\/v2\/product_cat?post=418"},{"taxonomy":"product_tag","embeddable":true,"href":"https:\/\/quartorojo.cl\/index.php\/wp-json\/wp\/v2\/product_tag?post=418"}],"curies":[{"name":"wp","href":"https:\/\/api.w.org\/{rel}","templated":true}]}}