{"id":411,"date":"2025-11-10T20:41:34","date_gmt":"2025-11-10T20:41:34","guid":{"rendered":"https:\/\/quartorojo.cl\/?post_type=product&#038;p=411"},"modified":"2026-01-27T20:57:09","modified_gmt":"2026-01-27T20:57:09","slug":"huevo-vibrador-inteligente-con-control-por-app","status":"publish","type":"product","link":"https:\/\/quartorojo.cl\/index.php\/producto\/huevo-vibrador-inteligente-con-control-por-app\/","title":{"rendered":"Huevo Vibrador Inteligente con Control por App"},"content":{"rendered":"<div class=\"tVu25\">\n<div class=\"nH\">\n<div class=\"nH\">\n<div class=\"nH aqk aql bkL\">\n<div class=\"nH bkK\">\n<div class=\"nH\">\n<div class=\"nH ar4 z\">\n<div class=\"aeI\">\n<div class=\"AO\">\n<div id=\":3\" class=\"Tm aeJ cgjhk\">\n<div id=\":1\" class=\"aeF\">\n<div class=\"nH\">\n<div class=\"nH\" role=\"main\">\n<div class=\"nH g\">\n<div class=\"nH a98 iY\">\n<div class=\"nH\">\n<div class=\"aHU hx\">\n<div role=\"list\">\n<div class=\"h7 ie\" tabindex=\"-1\" role=\"listitem\" aria-expanded=\"true\">\n<div class=\"Bk\">\n<div class=\"G3 G2\">\n<div>\n<div id=\"avWBGd-2494\">\n<div id=\"avWBGd-2495\">\n<div class=\"adn ads\" data-message-id=\"#msg-f:1848437044391799515\" data-legacy-message-id=\"19a6f7b2cca56adb\">\n<div class=\"gs\">\n<div class=\"\">\n<div id=\":2vv\" class=\"ii gt\">\n<div id=\":2vw\" class=\"a3s aiL\">\n<div>\n<div>\n<p>Disfruta de una experiencia \u00edntima y tecnol\u00f3gica con nuestro huevo vibrador a prueba de agua, dise\u00f1ado para estimulaci\u00f3n interna y uso discreto bajo la ropa. Con control remoto v\u00eda app m\u00f3vil, podr\u00e1s explorar nuevas sensaciones de forma personalizada o compartir el placer con tu pareja desde cualquier lugar.<\/p>\n<p>Caracter\u00edsticas principales:<\/p>\n<p>App compatible (iOS\/Android) con m\u00faltiples funciones:<br \/>\n10 niveles de intensidad manual.<br \/>\nPatrones de vibraci\u00f3n predise\u00f1ados o crea los tuyos dibujando tu propio ritmo.<br \/>\nModo \u201cAgitar\u201d: activa las vibraciones sacudiendo tu tel\u00e9fono.<br \/>\nChat sensual: env\u00eda vibraciones en tiempo real durante tus conversaciones.<br \/>\nDise\u00f1o discreto y ergon\u00f3mico, ideal para usar bajo la ropa interior.<br \/>\nRecargable (USB) y a prueba de agua para juegos bajo la ducha o en la ba\u00f1era.<br \/>\nMaterial suave y seguro (silicona de grado m\u00e9dico).<br \/>\nIdeal para solo play o encuentros a distancia, este vibrador conectado lleva tu intimidad al siguiente nivel. \u00a1Control, complicidad y placer en tus manos!<br \/>\nCon\u00e9ctate, juega y explora sin l\u00edmites.<\/p>\n<p>Caracter\u00edsticas:<\/p>\n<p>Color: Morado, Rosado<br \/>\nTama\u00f1o:<br \/>\nLongitud total 8,5 cm<br \/>\nDi\u00e1metro Max. 3,5 cm<br \/>\nFunciones de modelo: Huevo vibrador con APP<br \/>\nMaterial: Silicona m\u00e9dica<br \/>\nCarga: USB<br \/>\nFrecuencia: 10 modos de vibraci\u00f3n manual<br \/>\nCertificaci\u00f3n: CE<br \/>\nA prueba de agua: Si<\/p>\n<\/div>\n<div class=\"yj6qo\"><\/div>\n<div class=\"adL\"><\/div>\n<\/div>\n<\/div>\n<\/div>\n<div id=\"avWBGd-2507\" class=\"WhmR8e\" data-hash=\"0\"><\/div>\n<\/div>\n<\/div>\n<div class=\"ajx\"><\/div>\n<\/div>\n<div class=\"gA gt acV\">\n<div class=\"gB xu\">\n<div class=\"mVCoBd\"><\/div>\n<div class=\"ip iq\">\n<div class=\"pLw6bb\"><\/div>\n<div id=\"avWBGd-2508\" class=\"bJvOmf\"><\/div>\n<\/div>\n<\/div>\n<\/div>\n<\/div>\n<\/div>\n<\/div>\n<\/div>\n<\/div>\n<\/div>\n<\/div>\n<div><\/div>\n<\/div>\n<\/div>\n<div class=\"nH btDi4d\">\n<div>\n<div>\n<div class=\"amr\">\n<div class=\"nr wR\">\n<div class=\"amn\">\n<div class=\"wrsVRe\" data-position=\"dynamic\"><\/div>\n<\/div>\n<\/div>\n<\/div>\n<\/div>\n<\/div>\n<\/div>\n<div class=\"nH\">\n<div class=\"l2\"><\/div>\n<\/div>\n<\/div>\n<\/div>\n<\/div>\n<\/div>\n<\/div>\n<\/div>\n<\/div>\n<\/div>\n<\/div>\n<\/div>\n<\/div>\n<div class=\"nH\">\n<div class=\"aUx\">\n<div class=\"bAw bcf it\">\n<div class=\"brC-dA-I-Jw\"><\/div>\n<\/div>\n<\/div>\n<\/div>\n<\/div>\n<\/div>\n<\/div>\n<\/div>\n<div class=\"vY nq\"><\/div>\n<div>\n<div><\/div>\n<\/div>\n<div class=\"dw\">\n<div class=\"jAmAWb\"><\/div>\n<div class=\"jvV5Me\">\n<div class=\"nH lFFILd\">\n<div class=\"nH\">\n<div class=\"no\"><\/div>\n<div class=\"dJ\"><\/div>\n<\/div>\n<\/div>\n<\/div>\n<div class=\"jAmAWb\"><\/div>\n<\/div>\n<div class=\"T-ays T-ays-avH\" role=\"tooltip\">\n<div class=\"T-ays-iP\"><\/div>\n<\/div>\n<div class=\"aLF-aPX aLF-aPX-aLK-aPD-JE bhY bbM bbK bbG aLF-aPX-a9l-ax4 aLF-aPX-bhP aLF-aPX-bbE aLF-aPX-aw3\" tabindex=\"0\" role=\"dialog\" aria-label=\"Se est\u00e1 mostrando el visor.\" aria-hidden=\"true\">\n<div class=\"aLF-aPX-auR\" tabindex=\"0\" aria-label=\"Mostrando PHOTO-2025-11-10-17-21-04.jpg.\"><\/div>\n<div class=\"aLF-aPX-aIC\"><\/div>\n<div class=\"aLF-aPX-aPk\">\n<div class=\"aLF-aPX-bhN\">\n<div class=\"aLF-aPX-aMO-auF-bhP\"><\/div>\n<\/div>\n<\/div>\n<div class=\"aLF-aPX-aPU\" role=\"toolbar\">\n<div class=\"aLF-aPX-aPU-J6\">\n<div class=\"aLF-aPX-aPU-a6z\">\n<div class=\"aLF-aPX-aPU-JX\" tabindex=\"-1\" role=\"img\" aria-label=\"Icono de Imagen\"><\/div>\n<div class=\"aLF-aPX-aPU-awu\" tabindex=\"-1\">\n<div class=\"aLF-aPX-aPU-awE\" data-tooltip-unhoverable=\"true\" data-tooltip-delay=\"500\" data-tooltip-class=\"aLF-aPX-T-ays\" data-tooltip-align=\"b,c\" data-tooltip-offset=\"-6\"><\/div>\n<div class=\"aLF-aPX-aPU-awE aLF-aPX-aPU-awE-aPK\"><\/div>\n<div class=\"aLF-aPX-aPU-biP-awE aLF-aPX-aPU-biP-awE-aPK\"><\/div>\n<\/div>\n<div class=\"aLF-aPX-aPU-Mw-P6\"><\/div>\n<\/div>\n<div class=\"aLF-aPX-aPU-Ne-P6\">\n<div class=\"aLF-aPX-aPU-Kq-a1b-aPC\"><\/div>\n<div class=\"aLF-aPX-aPU-Mw-P6\"><\/div>\n<\/div>\n<div class=\"aLF-aPX-aPU-a6I-P6\">\n<div class=\"aLF-aPX-aPU-atn\">\n<div class=\"aLF-aPX-auO-I aLF-aPX-aPU-ato-ayr-aLF J-J5-Ji aLF-aPX-I\" tabindex=\"0\" role=\"button\" data-tooltip-unhoverable=\"true\" data-tooltip-delay=\"500\" data-tooltip-class=\"aLF-aPX-T-ays\" data-tooltip-align=\"b,c\" data-tooltip-offset=\"-6\" aria-label=\"A\u00f1adir a Mi unidad\" aria-hidden=\"false\" data-tooltip=\"A\u00f1adir a Mi unidad\">\n<div class=\"aLF-aPX-aPU-ato-ayr-a77-aLF-JX\"><\/div>\n<\/div>\n<div class=\"aLF-aPX-aPU-Mw-P6\">\n<div class=\"aLF-aPX-auO-I aLF-aPX-Mw-I J-J5-Ji aLF-aPX-I aLF-aPX-Mw-I-ay5-JX\" tabindex=\"0\" role=\"button\" data-tooltip-unhoverable=\"true\" data-tooltip-delay=\"500\" data-tooltip-class=\"aLF-aPX-T-ays\" data-tooltip-align=\"b,c\" data-tooltip-offset=\"-6\" aria-disabled=\"false\" aria-hidden=\"false\" aria-label=\"Imprimir\" data-tooltip=\"Imprimir\">\n<div class=\"aLF-aPX-JX aLF-aPX-Mw-I-JX aLF-aPX-aPG-JX\"><\/div>\n<\/div>\n<div class=\"aLF-aPX-auO-I aLF-aPX-Mw-I J-J5-Ji aLF-aPX-I aLF-aPX-Mw-I-ay5-JX\" tabindex=\"0\" role=\"button\" data-tooltip-unhoverable=\"true\" data-tooltip-delay=\"500\" data-tooltip-class=\"aLF-aPX-T-ays\" data-tooltip-align=\"b,c\" data-tooltip-offset=\"-6\" aria-label=\"Descargar\" aria-hidden=\"false\" aria-disabled=\"false\" data-tooltip=\"Descargar\">\n<div class=\"aLF-aPX-JX aLF-aPX-Mw-I-JX aLF-aPX-aYT-JX\"><\/div>\n<\/div>\n<\/div>\n<\/div>\n<\/div>\n<\/div>\n<\/div>\n<\/div>\n","protected":false},"excerpt":{"rendered":"<p>App compatible (iOS\/Android) con m\u00faltiples funciones:<br \/>\n10 niveles de intensidad manual.<br \/>\nPatrones de vibraci\u00f3n predise\u00f1ados o crea los tuyos dibujando tu propio ritmo.<br \/>\nModo \u201cAgitar\u201d: activa las vibraciones sacudiendo tu tel\u00e9fono.<br \/>\nChat sensual: env\u00eda vibraciones en tiempo real durante tus conversaciones.<br \/>\nDise\u00f1o discreto y ergon\u00f3mico, ideal para usar bajo la ropa interior.<br \/>\nRecargable (USB) y a prueba de agua para juegos bajo la ducha o en la ba\u00f1era.<br \/>\nMaterial suave y seguro (silicona de grado m\u00e9dico).<br \/>\nIdeal para solo play o encuentros a distancia, este vibrador conectado lleva tu intimidad al siguiente nivel. \u00a1Control, complicidad y placer en tus manos!<br \/>\nCon\u00e9ctate, juega y explora sin l\u00edmites.<\/p>\n","protected":false},"featured_media":412,"comment_status":"open","ping_status":"closed","template":"","meta":[],"product_brand":[],"product_cat":[24],"product_tag":[],"class_list":{"0":"post-411","1":"product","2":"type-product","3":"status-publish","4":"has-post-thumbnail","6":"product_cat-vibradores","8":"first","9":"instock","10":"shipping-taxable","11":"purchasable","12":"product-type-simple"},"yoast_head":"<!-- This site is optimized with the Yoast SEO plugin v26.8 - https:\/\/yoast.com\/product\/yoast-seo-wordpress\/ -->\n<title>Huevo Vibrador Inteligente con Control por App - Quarto Rojo<\/title>\n<meta name=\"robots\" content=\"index, follow, max-snippet:-1, max-image-preview:large, max-video-preview:-1\" \/>\n<link rel=\"canonical\" href=\"https:\/\/quartorojo.cl\/index.php\/producto\/huevo-vibrador-inteligente-con-control-por-app\/\" \/>\n<meta property=\"og:locale\" content=\"es_ES\" \/>\n<meta property=\"og:type\" content=\"article\" \/>\n<meta property=\"og:title\" content=\"Huevo Vibrador Inteligente con Control por App - Quarto Rojo\" \/>\n<meta property=\"og:description\" content=\"App compatible (iOS\/Android) con m\u00faltiples funciones: 10 niveles de intensidad manual. Patrones de vibraci\u00f3n predise\u00f1ados o crea los tuyos dibujando tu propio ritmo. Modo \u201cAgitar\u201d: activa las vibraciones sacudiendo tu tel\u00e9fono. Chat sensual: env\u00eda vibraciones en tiempo real durante tus conversaciones. Dise\u00f1o discreto y ergon\u00f3mico, ideal para usar bajo la ropa interior. Recargable (USB) y a prueba de agua para juegos bajo la ducha o en la ba\u00f1era. Material suave y seguro (silicona de grado m\u00e9dico). Ideal para solo play o encuentros a distancia, este vibrador conectado lleva tu intimidad al siguiente nivel. \u00a1Control, complicidad y placer en tus manos! Con\u00e9ctate, juega y explora sin l\u00edmites.\" \/>\n<meta property=\"og:url\" content=\"https:\/\/quartorojo.cl\/index.php\/producto\/huevo-vibrador-inteligente-con-control-por-app\/\" \/>\n<meta property=\"og:site_name\" content=\"Quarto Rojo\" \/>\n<meta property=\"article:modified_time\" content=\"2026-01-27T20:57:09+00:00\" \/>\n<meta property=\"og:image\" content=\"https:\/\/quartorojo.cl\/wp-content\/uploads\/2025\/11\/1-14.png\" \/>\n\t<meta property=\"og:image:width\" content=\"414\" \/>\n\t<meta property=\"og:image:height\" content=\"437\" \/>\n\t<meta property=\"og:image:type\" content=\"image\/png\" \/>\n<meta name=\"twitter:card\" content=\"summary_large_image\" \/>\n<meta name=\"twitter:label1\" content=\"Tiempo de lectura\" \/>\n\t<meta name=\"twitter:data1\" content=\"2 minutos\" \/>\n<script type=\"application\/ld+json\" class=\"yoast-schema-graph\">{\"@context\":\"https:\/\/schema.org\",\"@graph\":[{\"@type\":\"WebPage\",\"@id\":\"https:\/\/quartorojo.cl\/index.php\/producto\/huevo-vibrador-inteligente-con-control-por-app\/\",\"url\":\"https:\/\/quartorojo.cl\/index.php\/producto\/huevo-vibrador-inteligente-con-control-por-app\/\",\"name\":\"Huevo Vibrador Inteligente con Control por App - Quarto Rojo\",\"isPartOf\":{\"@id\":\"https:\/\/quartorojo.cl\/#website\"},\"primaryImageOfPage\":{\"@id\":\"https:\/\/quartorojo.cl\/index.php\/producto\/huevo-vibrador-inteligente-con-control-por-app\/#primaryimage\"},\"image\":{\"@id\":\"https:\/\/quartorojo.cl\/index.php\/producto\/huevo-vibrador-inteligente-con-control-por-app\/#primaryimage\"},\"thumbnailUrl\":\"https:\/\/quartorojo.cl\/wp-content\/uploads\/2025\/11\/1-14.png\",\"datePublished\":\"2025-11-10T20:41:34+00:00\",\"dateModified\":\"2026-01-27T20:57:09+00:00\",\"breadcrumb\":{\"@id\":\"https:\/\/quartorojo.cl\/index.php\/producto\/huevo-vibrador-inteligente-con-control-por-app\/#breadcrumb\"},\"inLanguage\":\"es\",\"potentialAction\":[{\"@type\":\"ReadAction\",\"target\":[\"https:\/\/quartorojo.cl\/index.php\/producto\/huevo-vibrador-inteligente-con-control-por-app\/\"]}]},{\"@type\":\"ImageObject\",\"inLanguage\":\"es\",\"@id\":\"https:\/\/quartorojo.cl\/index.php\/producto\/huevo-vibrador-inteligente-con-control-por-app\/#primaryimage\",\"url\":\"https:\/\/quartorojo.cl\/wp-content\/uploads\/2025\/11\/1-14.png\",\"contentUrl\":\"https:\/\/quartorojo.cl\/wp-content\/uploads\/2025\/11\/1-14.png\",\"width\":414,\"height\":437},{\"@type\":\"BreadcrumbList\",\"@id\":\"https:\/\/quartorojo.cl\/index.php\/producto\/huevo-vibrador-inteligente-con-control-por-app\/#breadcrumb\",\"itemListElement\":[{\"@type\":\"ListItem\",\"position\":1,\"name\":\"Portada\",\"item\":\"https:\/\/quartorojo.cl\/\"},{\"@type\":\"ListItem\",\"position\":2,\"name\":\"Tienda\",\"item\":\"https:\/\/quartorojo.cl\/index.php\/tienda\/\"},{\"@type\":\"ListItem\",\"position\":3,\"name\":\"Huevo Vibrador Inteligente con Control por App\"}]},{\"@type\":\"WebSite\",\"@id\":\"https:\/\/quartorojo.cl\/#website\",\"url\":\"https:\/\/quartorojo.cl\/\",\"name\":\"Quartorojo.cl\",\"description\":\"Juguetes \u00cdntimos\",\"publisher\":{\"@id\":\"https:\/\/quartorojo.cl\/#organization\"},\"potentialAction\":[{\"@type\":\"SearchAction\",\"target\":{\"@type\":\"EntryPoint\",\"urlTemplate\":\"https:\/\/quartorojo.cl\/?s={search_term_string}\"},\"query-input\":{\"@type\":\"PropertyValueSpecification\",\"valueRequired\":true,\"valueName\":\"search_term_string\"}}],\"inLanguage\":\"es\"},{\"@type\":\"Organization\",\"@id\":\"https:\/\/quartorojo.cl\/#organization\",\"name\":\"Quarto Rojo\",\"url\":\"https:\/\/quartorojo.cl\/\",\"logo\":{\"@type\":\"ImageObject\",\"inLanguage\":\"es\",\"@id\":\"https:\/\/quartorojo.cl\/#\/schema\/logo\/image\/\",\"url\":\"https:\/\/quartorojo.cl\/wp-content\/uploads\/2025\/10\/LOGOQUARTOROJO2023TRAZADO-scaled.png\",\"contentUrl\":\"https:\/\/quartorojo.cl\/wp-content\/uploads\/2025\/10\/LOGOQUARTOROJO2023TRAZADO-scaled.png\",\"width\":2560,\"height\":2193,\"caption\":\"Quarto Rojo\"},\"image\":{\"@id\":\"https:\/\/quartorojo.cl\/#\/schema\/logo\/image\/\"}}]}<\/script>\n<!-- \/ Yoast SEO plugin. -->","yoast_head_json":{"title":"Huevo Vibrador Inteligente con Control por App - Quarto Rojo","robots":{"index":"index","follow":"follow","max-snippet":"max-snippet:-1","max-image-preview":"max-image-preview:large","max-video-preview":"max-video-preview:-1"},"canonical":"https:\/\/quartorojo.cl\/index.php\/producto\/huevo-vibrador-inteligente-con-control-por-app\/","og_locale":"es_ES","og_type":"article","og_title":"Huevo Vibrador Inteligente con Control por App - Quarto Rojo","og_description":"App compatible (iOS\/Android) con m\u00faltiples funciones: 10 niveles de intensidad manual. Patrones de vibraci\u00f3n predise\u00f1ados o crea los tuyos dibujando tu propio ritmo. Modo \u201cAgitar\u201d: activa las vibraciones sacudiendo tu tel\u00e9fono. Chat sensual: env\u00eda vibraciones en tiempo real durante tus conversaciones. Dise\u00f1o discreto y ergon\u00f3mico, ideal para usar bajo la ropa interior. Recargable (USB) y a prueba de agua para juegos bajo la ducha o en la ba\u00f1era. Material suave y seguro (silicona de grado m\u00e9dico). Ideal para solo play o encuentros a distancia, este vibrador conectado lleva tu intimidad al siguiente nivel. \u00a1Control, complicidad y placer en tus manos! Con\u00e9ctate, juega y explora sin l\u00edmites.","og_url":"https:\/\/quartorojo.cl\/index.php\/producto\/huevo-vibrador-inteligente-con-control-por-app\/","og_site_name":"Quarto Rojo","article_modified_time":"2026-01-27T20:57:09+00:00","og_image":[{"width":414,"height":437,"url":"https:\/\/quartorojo.cl\/wp-content\/uploads\/2025\/11\/1-14.png","type":"image\/png"}],"twitter_card":"summary_large_image","twitter_misc":{"Tiempo de lectura":"2 minutos"},"schema":{"@context":"https:\/\/schema.org","@graph":[{"@type":"WebPage","@id":"https:\/\/quartorojo.cl\/index.php\/producto\/huevo-vibrador-inteligente-con-control-por-app\/","url":"https:\/\/quartorojo.cl\/index.php\/producto\/huevo-vibrador-inteligente-con-control-por-app\/","name":"Huevo Vibrador Inteligente con Control por App - Quarto Rojo","isPartOf":{"@id":"https:\/\/quartorojo.cl\/#website"},"primaryImageOfPage":{"@id":"https:\/\/quartorojo.cl\/index.php\/producto\/huevo-vibrador-inteligente-con-control-por-app\/#primaryimage"},"image":{"@id":"https:\/\/quartorojo.cl\/index.php\/producto\/huevo-vibrador-inteligente-con-control-por-app\/#primaryimage"},"thumbnailUrl":"https:\/\/quartorojo.cl\/wp-content\/uploads\/2025\/11\/1-14.png","datePublished":"2025-11-10T20:41:34+00:00","dateModified":"2026-01-27T20:57:09+00:00","breadcrumb":{"@id":"https:\/\/quartorojo.cl\/index.php\/producto\/huevo-vibrador-inteligente-con-control-por-app\/#breadcrumb"},"inLanguage":"es","potentialAction":[{"@type":"ReadAction","target":["https:\/\/quartorojo.cl\/index.php\/producto\/huevo-vibrador-inteligente-con-control-por-app\/"]}]},{"@type":"ImageObject","inLanguage":"es","@id":"https:\/\/quartorojo.cl\/index.php\/producto\/huevo-vibrador-inteligente-con-control-por-app\/#primaryimage","url":"https:\/\/quartorojo.cl\/wp-content\/uploads\/2025\/11\/1-14.png","contentUrl":"https:\/\/quartorojo.cl\/wp-content\/uploads\/2025\/11\/1-14.png","width":414,"height":437},{"@type":"BreadcrumbList","@id":"https:\/\/quartorojo.cl\/index.php\/producto\/huevo-vibrador-inteligente-con-control-por-app\/#breadcrumb","itemListElement":[{"@type":"ListItem","position":1,"name":"Portada","item":"https:\/\/quartorojo.cl\/"},{"@type":"ListItem","position":2,"name":"Tienda","item":"https:\/\/quartorojo.cl\/index.php\/tienda\/"},{"@type":"ListItem","position":3,"name":"Huevo Vibrador Inteligente con Control por App"}]},{"@type":"WebSite","@id":"https:\/\/quartorojo.cl\/#website","url":"https:\/\/quartorojo.cl\/","name":"Quartorojo.cl","description":"Juguetes \u00cdntimos","publisher":{"@id":"https:\/\/quartorojo.cl\/#organization"},"potentialAction":[{"@type":"SearchAction","target":{"@type":"EntryPoint","urlTemplate":"https:\/\/quartorojo.cl\/?s={search_term_string}"},"query-input":{"@type":"PropertyValueSpecification","valueRequired":true,"valueName":"search_term_string"}}],"inLanguage":"es"},{"@type":"Organization","@id":"https:\/\/quartorojo.cl\/#organization","name":"Quarto Rojo","url":"https:\/\/quartorojo.cl\/","logo":{"@type":"ImageObject","inLanguage":"es","@id":"https:\/\/quartorojo.cl\/#\/schema\/logo\/image\/","url":"https:\/\/quartorojo.cl\/wp-content\/uploads\/2025\/10\/LOGOQUARTOROJO2023TRAZADO-scaled.png","contentUrl":"https:\/\/quartorojo.cl\/wp-content\/uploads\/2025\/10\/LOGOQUARTOROJO2023TRAZADO-scaled.png","width":2560,"height":2193,"caption":"Quarto Rojo"},"image":{"@id":"https:\/\/quartorojo.cl\/#\/schema\/logo\/image\/"}}]}},"_links":{"self":[{"href":"https:\/\/quartorojo.cl\/index.php\/wp-json\/wp\/v2\/product\/411","targetHints":{"allow":["GET"]}}],"collection":[{"href":"https:\/\/quartorojo.cl\/index.php\/wp-json\/wp\/v2\/product"}],"about":[{"href":"https:\/\/quartorojo.cl\/index.php\/wp-json\/wp\/v2\/types\/product"}],"replies":[{"embeddable":true,"href":"https:\/\/quartorojo.cl\/index.php\/wp-json\/wp\/v2\/comments?post=411"}],"wp:featuredmedia":[{"embeddable":true,"href":"https:\/\/quartorojo.cl\/index.php\/wp-json\/wp\/v2\/media\/412"}],"wp:attachment":[{"href":"https:\/\/quartorojo.cl\/index.php\/wp-json\/wp\/v2\/media?parent=411"}],"wp:term":[{"taxonomy":"product_brand","embeddable":true,"href":"https:\/\/quartorojo.cl\/index.php\/wp-json\/wp\/v2\/product_brand?post=411"},{"taxonomy":"product_cat","embeddable":true,"href":"https:\/\/quartorojo.cl\/index.php\/wp-json\/wp\/v2\/product_cat?post=411"},{"taxonomy":"product_tag","embeddable":true,"href":"https:\/\/quartorojo.cl\/index.php\/wp-json\/wp\/v2\/product_tag?post=411"}],"curies":[{"name":"wp","href":"https:\/\/api.w.org\/{rel}","templated":true}]}}