{"id":407,"date":"2025-11-10T20:34:56","date_gmt":"2025-11-10T20:34:56","guid":{"rendered":"https:\/\/quartorojo.cl\/?post_type=product&#038;p=407"},"modified":"2026-01-23T19:06:36","modified_gmt":"2026-01-23T19:06:36","slug":"mini-horse-de-lilo","status":"publish","type":"product","link":"https:\/\/quartorojo.cl\/index.php\/producto\/mini-horse-de-lilo\/","title":{"rendered":"Mini Horse de LILO"},"content":{"rendered":"<p>\u00bfBuscas diversi\u00f3n mini pero intensa? \u00a1Este juguetito pastel es tu nuevo mejor amigo!<\/p>\n<p>\u00bfPor qu\u00e9 enamorarte de \u00e9l?<\/p>\n<p><img decoding=\"async\" class=\"emoji\" role=\"img\" draggable=\"false\" src=\"https:\/\/s.w.org\/images\/core\/emoji\/16.0.1\/svg\/2705.svg\" alt=\"\u2705\" \/>10 velocidades para subir la temperatura<br \/>\n<img decoding=\"async\" class=\"emoji\" role=\"img\" draggable=\"false\" src=\"https:\/\/s.w.org\/images\/core\/emoji\/16.0.1\/svg\/2705.svg\" alt=\"\u2705\" \/>Succi\u00f3n TOP Ideal para pezones, cl\u00edtoris, pene o cualquier \u201cpunto er\u00f3tico\u201d que quieras explorar!<br \/>\n<img decoding=\"async\" class=\"emoji\" role=\"img\" draggable=\"false\" src=\"https:\/\/s.w.org\/images\/core\/emoji\/16.0.1\/svg\/2705.svg\" alt=\"\u2705\" \/>Recargable y ultraport\u00e1til<\/p>\n<p>\u00a1OJO!<\/p>\n<p>Es tan tierno y discreto que hasta querr\u00e1s usarlo de decoraci\u00f3n\u2026 \u00a1pero mejor dale uso!<\/p>\n<p>Peque\u00f1o en tama\u00f1o, GRANDE en sensaciones. \u00bfListo para galopar hacia el \u00e9xtasis?<\/p>\n<p>Caracter\u00edsticas:<\/p>\n<p>Color: Rosa claro, Amarillo<br \/>\nTama\u00f1o:<br \/>\nLongitud total 9,8 cm<br \/>\nLongitud total insertable 16,5 cm<br \/>\nDi\u00e1metro Max. 3,8 cm<br \/>\nFunciones de modelo: Succionador<br \/>\nMaterial: Silicona + ABS<br \/>\nCarga: Bater\u00eda de litio recargable<br \/>\nBater\u00eda de litio: Tiempo de carga 90 min, tiempo de uso 90 min<br \/>\nFrecuencia: 10 modo de succi\u00f3n<br \/>\nCertificaci\u00f3n: CE<br \/>\nA prueba de agua: Si<br \/>\nRecomendaciones de uso:<\/p>\n<p>L\u00e1valo antes y despu\u00e9s de utilizarlo con agua tibia y jab\u00f3n<br \/>\nSi es de uso personal con tu pareja, no necesitas preservativo para utilizarlo<br \/>\nSiempre gu\u00e1rdalo seco y en un lugar sin humedad<br \/>\nSe recomienda no sumergirlo por mucho tiempo en el agua para evitar problemas<br \/>\nSiempre debes guardarlo solo, sin ning\u00fan otro juguete, para que ninguno de los dos se estropee<\/p>\n","protected":false},"excerpt":{"rendered":"<p><img decoding=\"async\" class=\"emoji\" role=\"img\" draggable=\"false\" src=\"https:\/\/s.w.org\/images\/core\/emoji\/16.0.1\/svg\/2705.svg\" alt=\"\u2705\" \/>10 velocidades para subir la temperatura<br \/>\n<img decoding=\"async\" class=\"emoji\" role=\"img\" draggable=\"false\" src=\"https:\/\/s.w.org\/images\/core\/emoji\/16.0.1\/svg\/2705.svg\" alt=\"\u2705\" \/>Succi\u00f3n TOP Ideal para pezones, cl\u00edtoris, pene o cualquier \u201cpunto er\u00f3tico\u201d que quieras explorar!<br \/>\n<img decoding=\"async\" class=\"emoji\" role=\"img\" draggable=\"false\" src=\"https:\/\/s.w.org\/images\/core\/emoji\/16.0.1\/svg\/2705.svg\" alt=\"\u2705\" \/>Recargable y ultraport\u00e1til<\/p>\n","protected":false},"featured_media":409,"comment_status":"open","ping_status":"closed","template":"","meta":[],"product_brand":[],"product_cat":[25],"product_tag":[],"class_list":{"0":"post-407","1":"product","2":"type-product","3":"status-publish","4":"has-post-thumbnail","6":"product_cat-succionadores","8":"first","9":"instock","10":"shipping-taxable","11":"purchasable","12":"product-type-simple"},"yoast_head":"<!-- This site is optimized with the Yoast SEO plugin v26.8 - https:\/\/yoast.com\/product\/yoast-seo-wordpress\/ -->\n<title>Mini Horse de LILO - Quarto Rojo<\/title>\n<meta name=\"robots\" content=\"index, follow, max-snippet:-1, max-image-preview:large, max-video-preview:-1\" \/>\n<link rel=\"canonical\" href=\"https:\/\/quartorojo.cl\/index.php\/producto\/mini-horse-de-lilo\/\" \/>\n<meta property=\"og:locale\" content=\"es_ES\" \/>\n<meta property=\"og:type\" content=\"article\" \/>\n<meta property=\"og:title\" content=\"Mini Horse de LILO - Quarto Rojo\" \/>\n<meta property=\"og:description\" content=\"10 velocidades para subir la temperatura Succi\u00f3n TOP Ideal para pezones, cl\u00edtoris, pene o cualquier \u201cpunto er\u00f3tico\u201d que quieras explorar! Recargable y ultraport\u00e1til\" \/>\n<meta property=\"og:url\" content=\"https:\/\/quartorojo.cl\/index.php\/producto\/mini-horse-de-lilo\/\" \/>\n<meta property=\"og:site_name\" content=\"Quarto Rojo\" \/>\n<meta property=\"article:modified_time\" content=\"2026-01-23T19:06:36+00:00\" \/>\n<meta property=\"og:image\" content=\"https:\/\/quartorojo.cl\/wp-content\/uploads\/2025\/11\/2-11.png\" \/>\n\t<meta property=\"og:image:width\" content=\"444\" \/>\n\t<meta property=\"og:image:height\" content=\"447\" \/>\n\t<meta property=\"og:image:type\" content=\"image\/png\" \/>\n<meta name=\"twitter:card\" content=\"summary_large_image\" \/>\n<meta name=\"twitter:label1\" content=\"Tiempo de lectura\" \/>\n\t<meta name=\"twitter:data1\" content=\"2 minutos\" \/>\n<script type=\"application\/ld+json\" class=\"yoast-schema-graph\">{\"@context\":\"https:\/\/schema.org\",\"@graph\":[{\"@type\":\"WebPage\",\"@id\":\"https:\/\/quartorojo.cl\/index.php\/producto\/mini-horse-de-lilo\/\",\"url\":\"https:\/\/quartorojo.cl\/index.php\/producto\/mini-horse-de-lilo\/\",\"name\":\"Mini Horse de LILO - Quarto Rojo\",\"isPartOf\":{\"@id\":\"https:\/\/quartorojo.cl\/#website\"},\"primaryImageOfPage\":{\"@id\":\"https:\/\/quartorojo.cl\/index.php\/producto\/mini-horse-de-lilo\/#primaryimage\"},\"image\":{\"@id\":\"https:\/\/quartorojo.cl\/index.php\/producto\/mini-horse-de-lilo\/#primaryimage\"},\"thumbnailUrl\":\"https:\/\/quartorojo.cl\/wp-content\/uploads\/2025\/11\/2-11.png\",\"datePublished\":\"2025-11-10T20:34:56+00:00\",\"dateModified\":\"2026-01-23T19:06:36+00:00\",\"breadcrumb\":{\"@id\":\"https:\/\/quartorojo.cl\/index.php\/producto\/mini-horse-de-lilo\/#breadcrumb\"},\"inLanguage\":\"es\",\"potentialAction\":[{\"@type\":\"ReadAction\",\"target\":[\"https:\/\/quartorojo.cl\/index.php\/producto\/mini-horse-de-lilo\/\"]}]},{\"@type\":\"ImageObject\",\"inLanguage\":\"es\",\"@id\":\"https:\/\/quartorojo.cl\/index.php\/producto\/mini-horse-de-lilo\/#primaryimage\",\"url\":\"https:\/\/quartorojo.cl\/wp-content\/uploads\/2025\/11\/2-11.png\",\"contentUrl\":\"https:\/\/quartorojo.cl\/wp-content\/uploads\/2025\/11\/2-11.png\",\"width\":444,\"height\":447},{\"@type\":\"BreadcrumbList\",\"@id\":\"https:\/\/quartorojo.cl\/index.php\/producto\/mini-horse-de-lilo\/#breadcrumb\",\"itemListElement\":[{\"@type\":\"ListItem\",\"position\":1,\"name\":\"Portada\",\"item\":\"https:\/\/quartorojo.cl\/\"},{\"@type\":\"ListItem\",\"position\":2,\"name\":\"Tienda\",\"item\":\"https:\/\/quartorojo.cl\/index.php\/tienda\/\"},{\"@type\":\"ListItem\",\"position\":3,\"name\":\"Mini Horse de LILO\"}]},{\"@type\":\"WebSite\",\"@id\":\"https:\/\/quartorojo.cl\/#website\",\"url\":\"https:\/\/quartorojo.cl\/\",\"name\":\"Quartorojo.cl\",\"description\":\"Juguetes \u00cdntimos\",\"publisher\":{\"@id\":\"https:\/\/quartorojo.cl\/#organization\"},\"potentialAction\":[{\"@type\":\"SearchAction\",\"target\":{\"@type\":\"EntryPoint\",\"urlTemplate\":\"https:\/\/quartorojo.cl\/?s={search_term_string}\"},\"query-input\":{\"@type\":\"PropertyValueSpecification\",\"valueRequired\":true,\"valueName\":\"search_term_string\"}}],\"inLanguage\":\"es\"},{\"@type\":\"Organization\",\"@id\":\"https:\/\/quartorojo.cl\/#organization\",\"name\":\"Quarto Rojo\",\"url\":\"https:\/\/quartorojo.cl\/\",\"logo\":{\"@type\":\"ImageObject\",\"inLanguage\":\"es\",\"@id\":\"https:\/\/quartorojo.cl\/#\/schema\/logo\/image\/\",\"url\":\"https:\/\/quartorojo.cl\/wp-content\/uploads\/2025\/10\/LOGOQUARTOROJO2023TRAZADO-scaled.png\",\"contentUrl\":\"https:\/\/quartorojo.cl\/wp-content\/uploads\/2025\/10\/LOGOQUARTOROJO2023TRAZADO-scaled.png\",\"width\":2560,\"height\":2193,\"caption\":\"Quarto Rojo\"},\"image\":{\"@id\":\"https:\/\/quartorojo.cl\/#\/schema\/logo\/image\/\"}}]}<\/script>\n<!-- \/ Yoast SEO plugin. -->","yoast_head_json":{"title":"Mini Horse de LILO - Quarto Rojo","robots":{"index":"index","follow":"follow","max-snippet":"max-snippet:-1","max-image-preview":"max-image-preview:large","max-video-preview":"max-video-preview:-1"},"canonical":"https:\/\/quartorojo.cl\/index.php\/producto\/mini-horse-de-lilo\/","og_locale":"es_ES","og_type":"article","og_title":"Mini Horse de LILO - Quarto Rojo","og_description":"10 velocidades para subir la temperatura Succi\u00f3n TOP Ideal para pezones, cl\u00edtoris, pene o cualquier \u201cpunto er\u00f3tico\u201d que quieras explorar! Recargable y ultraport\u00e1til","og_url":"https:\/\/quartorojo.cl\/index.php\/producto\/mini-horse-de-lilo\/","og_site_name":"Quarto Rojo","article_modified_time":"2026-01-23T19:06:36+00:00","og_image":[{"width":444,"height":447,"url":"https:\/\/quartorojo.cl\/wp-content\/uploads\/2025\/11\/2-11.png","type":"image\/png"}],"twitter_card":"summary_large_image","twitter_misc":{"Tiempo de lectura":"2 minutos"},"schema":{"@context":"https:\/\/schema.org","@graph":[{"@type":"WebPage","@id":"https:\/\/quartorojo.cl\/index.php\/producto\/mini-horse-de-lilo\/","url":"https:\/\/quartorojo.cl\/index.php\/producto\/mini-horse-de-lilo\/","name":"Mini Horse de LILO - Quarto Rojo","isPartOf":{"@id":"https:\/\/quartorojo.cl\/#website"},"primaryImageOfPage":{"@id":"https:\/\/quartorojo.cl\/index.php\/producto\/mini-horse-de-lilo\/#primaryimage"},"image":{"@id":"https:\/\/quartorojo.cl\/index.php\/producto\/mini-horse-de-lilo\/#primaryimage"},"thumbnailUrl":"https:\/\/quartorojo.cl\/wp-content\/uploads\/2025\/11\/2-11.png","datePublished":"2025-11-10T20:34:56+00:00","dateModified":"2026-01-23T19:06:36+00:00","breadcrumb":{"@id":"https:\/\/quartorojo.cl\/index.php\/producto\/mini-horse-de-lilo\/#breadcrumb"},"inLanguage":"es","potentialAction":[{"@type":"ReadAction","target":["https:\/\/quartorojo.cl\/index.php\/producto\/mini-horse-de-lilo\/"]}]},{"@type":"ImageObject","inLanguage":"es","@id":"https:\/\/quartorojo.cl\/index.php\/producto\/mini-horse-de-lilo\/#primaryimage","url":"https:\/\/quartorojo.cl\/wp-content\/uploads\/2025\/11\/2-11.png","contentUrl":"https:\/\/quartorojo.cl\/wp-content\/uploads\/2025\/11\/2-11.png","width":444,"height":447},{"@type":"BreadcrumbList","@id":"https:\/\/quartorojo.cl\/index.php\/producto\/mini-horse-de-lilo\/#breadcrumb","itemListElement":[{"@type":"ListItem","position":1,"name":"Portada","item":"https:\/\/quartorojo.cl\/"},{"@type":"ListItem","position":2,"name":"Tienda","item":"https:\/\/quartorojo.cl\/index.php\/tienda\/"},{"@type":"ListItem","position":3,"name":"Mini Horse de LILO"}]},{"@type":"WebSite","@id":"https:\/\/quartorojo.cl\/#website","url":"https:\/\/quartorojo.cl\/","name":"Quartorojo.cl","description":"Juguetes \u00cdntimos","publisher":{"@id":"https:\/\/quartorojo.cl\/#organization"},"potentialAction":[{"@type":"SearchAction","target":{"@type":"EntryPoint","urlTemplate":"https:\/\/quartorojo.cl\/?s={search_term_string}"},"query-input":{"@type":"PropertyValueSpecification","valueRequired":true,"valueName":"search_term_string"}}],"inLanguage":"es"},{"@type":"Organization","@id":"https:\/\/quartorojo.cl\/#organization","name":"Quarto Rojo","url":"https:\/\/quartorojo.cl\/","logo":{"@type":"ImageObject","inLanguage":"es","@id":"https:\/\/quartorojo.cl\/#\/schema\/logo\/image\/","url":"https:\/\/quartorojo.cl\/wp-content\/uploads\/2025\/10\/LOGOQUARTOROJO2023TRAZADO-scaled.png","contentUrl":"https:\/\/quartorojo.cl\/wp-content\/uploads\/2025\/10\/LOGOQUARTOROJO2023TRAZADO-scaled.png","width":2560,"height":2193,"caption":"Quarto Rojo"},"image":{"@id":"https:\/\/quartorojo.cl\/#\/schema\/logo\/image\/"}}]}},"_links":{"self":[{"href":"https:\/\/quartorojo.cl\/index.php\/wp-json\/wp\/v2\/product\/407","targetHints":{"allow":["GET"]}}],"collection":[{"href":"https:\/\/quartorojo.cl\/index.php\/wp-json\/wp\/v2\/product"}],"about":[{"href":"https:\/\/quartorojo.cl\/index.php\/wp-json\/wp\/v2\/types\/product"}],"replies":[{"embeddable":true,"href":"https:\/\/quartorojo.cl\/index.php\/wp-json\/wp\/v2\/comments?post=407"}],"wp:featuredmedia":[{"embeddable":true,"href":"https:\/\/quartorojo.cl\/index.php\/wp-json\/wp\/v2\/media\/409"}],"wp:attachment":[{"href":"https:\/\/quartorojo.cl\/index.php\/wp-json\/wp\/v2\/media?parent=407"}],"wp:term":[{"taxonomy":"product_brand","embeddable":true,"href":"https:\/\/quartorojo.cl\/index.php\/wp-json\/wp\/v2\/product_brand?post=407"},{"taxonomy":"product_cat","embeddable":true,"href":"https:\/\/quartorojo.cl\/index.php\/wp-json\/wp\/v2\/product_cat?post=407"},{"taxonomy":"product_tag","embeddable":true,"href":"https:\/\/quartorojo.cl\/index.php\/wp-json\/wp\/v2\/product_tag?post=407"}],"curies":[{"name":"wp","href":"https:\/\/api.w.org\/{rel}","templated":true}]}}