{"id":346,"date":"2025-11-10T14:49:40","date_gmt":"2025-11-10T14:49:40","guid":{"rendered":"https:\/\/quartorojo.cl\/?post_type=product&#038;p=346"},"modified":"2025-11-10T18:43:47","modified_gmt":"2025-11-10T18:43:47","slug":"bomba-de-vacio-para-pene-penis-pump","status":"publish","type":"product","link":"https:\/\/quartorojo.cl\/index.php\/producto\/bomba-de-vacio-para-pene-penis-pump\/","title":{"rendered":"Bomba de vac\u00edo para pene Penis Pump"},"content":{"rendered":"<p>La bomba de pene\u00a0<strong>Penis Pump<\/strong>\u00a0puede ayudarte a lograr el aumento de tu pene, con regulaci\u00f3n de presi\u00f3n y materiales amigables.<\/p>\n<p>Con las bombas para pene, podr\u00e1s tener una ereccion m\u00e1s firme, aumentar temporalmente el tama\u00f1o de tu pene, de largo y ancho. Promueve la circulaci\u00f3n sangu\u00ednea y ayuda al crecimiento del pene y a la erecci\u00f3n r\u00e1pida.<\/p>\n<p>La b\u00e1scula clara en el tubo transparente te ayuda a controlar el resultado.<\/p>\n<p>Tubo de aire extra\u00edble para una f\u00e1cil limpieza, que garantiza la m\u00e1xima comodidad de uso e higiene<\/p>\n<ul>\n<li>Color: Negro<\/li>\n<li>Tama\u00f1o:<\/li>\n<li>Longitud total 19 cm<\/li>\n<li>Di\u00e1metro max 6 cm<\/li>\n<li>Funciones de modelo: Bomba de vac\u00edo manual<\/li>\n<li>Material: ABS + PVC + Silicona<\/li>\n<li>Certificaci\u00f3n: CE<\/li>\n<li>A prueba de agua: Si<\/li>\n<\/ul>\n","protected":false},"excerpt":{"rendered":"<ul>\n<li>Color: Negro<\/li>\n<li>Tama\u00f1o:<\/li>\n<li>Longitud total 19 cmDi\u00e1metro max 6 cm<\/li>\n<li>Funciones de modelo: Bomba de vac\u00edo manual<\/li>\n<li>Material: ABS + PVC + Silicona<\/li>\n<li>Certificaci\u00f3n: CE<\/li>\n<li>A prueba de agua: Si<\/li>\n<\/ul>\n","protected":false},"featured_media":347,"comment_status":"open","ping_status":"closed","template":"","meta":[],"product_brand":[],"product_cat":[19,25],"product_tag":[],"class_list":{"0":"post-346","1":"product","2":"type-product","3":"status-publish","4":"has-post-thumbnail","6":"product_cat-juguetes-sexuales","7":"product_cat-succionadores","9":"first","10":"instock","11":"shipping-taxable","12":"purchasable","13":"product-type-simple"},"yoast_head":"<!-- This site is optimized with the Yoast SEO plugin v26.8 - https:\/\/yoast.com\/product\/yoast-seo-wordpress\/ -->\n<title>Bomba de vac\u00edo para pene Penis Pump - Quarto Rojo<\/title>\n<meta name=\"robots\" content=\"index, follow, max-snippet:-1, max-image-preview:large, max-video-preview:-1\" \/>\n<link rel=\"canonical\" href=\"https:\/\/quartorojo.cl\/index.php\/producto\/bomba-de-vacio-para-pene-penis-pump\/\" \/>\n<meta property=\"og:locale\" content=\"es_ES\" \/>\n<meta property=\"og:type\" content=\"article\" \/>\n<meta property=\"og:title\" content=\"Bomba de vac\u00edo para pene Penis Pump - Quarto Rojo\" \/>\n<meta property=\"og:description\" content=\"Color: Negro  Tama\u00f1o:  Longitud total 19 cmDi\u00e1metro max 6 cm  Funciones de modelo: Bomba de vac\u00edo manual  Material: ABS + PVC + Silicona  Certificaci\u00f3n: CE  A prueba de agua: Si\" \/>\n<meta property=\"og:url\" content=\"https:\/\/quartorojo.cl\/index.php\/producto\/bomba-de-vacio-para-pene-penis-pump\/\" \/>\n<meta property=\"og:site_name\" content=\"Quarto Rojo\" \/>\n<meta property=\"article:modified_time\" content=\"2025-11-10T18:43:47+00:00\" \/>\n<meta property=\"og:image\" content=\"https:\/\/quartorojo.cl\/wp-content\/uploads\/2025\/11\/1-7.png\" \/>\n\t<meta property=\"og:image:width\" content=\"731\" \/>\n\t<meta property=\"og:image:height\" content=\"786\" \/>\n\t<meta property=\"og:image:type\" content=\"image\/png\" \/>\n<meta name=\"twitter:card\" content=\"summary_large_image\" \/>\n<meta name=\"twitter:label1\" content=\"Tiempo de lectura\" \/>\n\t<meta name=\"twitter:data1\" content=\"1 minuto\" \/>\n<script type=\"application\/ld+json\" class=\"yoast-schema-graph\">{\"@context\":\"https:\/\/schema.org\",\"@graph\":[{\"@type\":\"WebPage\",\"@id\":\"https:\/\/quartorojo.cl\/index.php\/producto\/bomba-de-vacio-para-pene-penis-pump\/\",\"url\":\"https:\/\/quartorojo.cl\/index.php\/producto\/bomba-de-vacio-para-pene-penis-pump\/\",\"name\":\"Bomba de vac\u00edo para pene Penis Pump - Quarto Rojo\",\"isPartOf\":{\"@id\":\"https:\/\/quartorojo.cl\/#website\"},\"primaryImageOfPage\":{\"@id\":\"https:\/\/quartorojo.cl\/index.php\/producto\/bomba-de-vacio-para-pene-penis-pump\/#primaryimage\"},\"image\":{\"@id\":\"https:\/\/quartorojo.cl\/index.php\/producto\/bomba-de-vacio-para-pene-penis-pump\/#primaryimage\"},\"thumbnailUrl\":\"https:\/\/quartorojo.cl\/wp-content\/uploads\/2025\/11\/1-7.png\",\"datePublished\":\"2025-11-10T14:49:40+00:00\",\"dateModified\":\"2025-11-10T18:43:47+00:00\",\"breadcrumb\":{\"@id\":\"https:\/\/quartorojo.cl\/index.php\/producto\/bomba-de-vacio-para-pene-penis-pump\/#breadcrumb\"},\"inLanguage\":\"es\",\"potentialAction\":[{\"@type\":\"ReadAction\",\"target\":[\"https:\/\/quartorojo.cl\/index.php\/producto\/bomba-de-vacio-para-pene-penis-pump\/\"]}]},{\"@type\":\"ImageObject\",\"inLanguage\":\"es\",\"@id\":\"https:\/\/quartorojo.cl\/index.php\/producto\/bomba-de-vacio-para-pene-penis-pump\/#primaryimage\",\"url\":\"https:\/\/quartorojo.cl\/wp-content\/uploads\/2025\/11\/1-7.png\",\"contentUrl\":\"https:\/\/quartorojo.cl\/wp-content\/uploads\/2025\/11\/1-7.png\",\"width\":731,\"height\":786},{\"@type\":\"BreadcrumbList\",\"@id\":\"https:\/\/quartorojo.cl\/index.php\/producto\/bomba-de-vacio-para-pene-penis-pump\/#breadcrumb\",\"itemListElement\":[{\"@type\":\"ListItem\",\"position\":1,\"name\":\"Portada\",\"item\":\"https:\/\/quartorojo.cl\/\"},{\"@type\":\"ListItem\",\"position\":2,\"name\":\"Tienda\",\"item\":\"https:\/\/quartorojo.cl\/index.php\/tienda\/\"},{\"@type\":\"ListItem\",\"position\":3,\"name\":\"Bomba de vac\u00edo para pene Penis Pump\"}]},{\"@type\":\"WebSite\",\"@id\":\"https:\/\/quartorojo.cl\/#website\",\"url\":\"https:\/\/quartorojo.cl\/\",\"name\":\"Quartorojo.cl\",\"description\":\"Juguetes \u00cdntimos\",\"publisher\":{\"@id\":\"https:\/\/quartorojo.cl\/#organization\"},\"potentialAction\":[{\"@type\":\"SearchAction\",\"target\":{\"@type\":\"EntryPoint\",\"urlTemplate\":\"https:\/\/quartorojo.cl\/?s={search_term_string}\"},\"query-input\":{\"@type\":\"PropertyValueSpecification\",\"valueRequired\":true,\"valueName\":\"search_term_string\"}}],\"inLanguage\":\"es\"},{\"@type\":\"Organization\",\"@id\":\"https:\/\/quartorojo.cl\/#organization\",\"name\":\"Quarto Rojo\",\"url\":\"https:\/\/quartorojo.cl\/\",\"logo\":{\"@type\":\"ImageObject\",\"inLanguage\":\"es\",\"@id\":\"https:\/\/quartorojo.cl\/#\/schema\/logo\/image\/\",\"url\":\"https:\/\/quartorojo.cl\/wp-content\/uploads\/2025\/10\/LOGOQUARTOROJO2023TRAZADO-scaled.png\",\"contentUrl\":\"https:\/\/quartorojo.cl\/wp-content\/uploads\/2025\/10\/LOGOQUARTOROJO2023TRAZADO-scaled.png\",\"width\":2560,\"height\":2193,\"caption\":\"Quarto Rojo\"},\"image\":{\"@id\":\"https:\/\/quartorojo.cl\/#\/schema\/logo\/image\/\"}}]}<\/script>\n<!-- \/ Yoast SEO plugin. -->","yoast_head_json":{"title":"Bomba de vac\u00edo para pene Penis Pump - Quarto Rojo","robots":{"index":"index","follow":"follow","max-snippet":"max-snippet:-1","max-image-preview":"max-image-preview:large","max-video-preview":"max-video-preview:-1"},"canonical":"https:\/\/quartorojo.cl\/index.php\/producto\/bomba-de-vacio-para-pene-penis-pump\/","og_locale":"es_ES","og_type":"article","og_title":"Bomba de vac\u00edo para pene Penis Pump - Quarto Rojo","og_description":"Color: Negro  Tama\u00f1o:  Longitud total 19 cmDi\u00e1metro max 6 cm  Funciones de modelo: Bomba de vac\u00edo manual  Material: ABS + PVC + Silicona  Certificaci\u00f3n: CE  A prueba de agua: Si","og_url":"https:\/\/quartorojo.cl\/index.php\/producto\/bomba-de-vacio-para-pene-penis-pump\/","og_site_name":"Quarto Rojo","article_modified_time":"2025-11-10T18:43:47+00:00","og_image":[{"width":731,"height":786,"url":"https:\/\/quartorojo.cl\/wp-content\/uploads\/2025\/11\/1-7.png","type":"image\/png"}],"twitter_card":"summary_large_image","twitter_misc":{"Tiempo de lectura":"1 minuto"},"schema":{"@context":"https:\/\/schema.org","@graph":[{"@type":"WebPage","@id":"https:\/\/quartorojo.cl\/index.php\/producto\/bomba-de-vacio-para-pene-penis-pump\/","url":"https:\/\/quartorojo.cl\/index.php\/producto\/bomba-de-vacio-para-pene-penis-pump\/","name":"Bomba de vac\u00edo para pene Penis Pump - Quarto Rojo","isPartOf":{"@id":"https:\/\/quartorojo.cl\/#website"},"primaryImageOfPage":{"@id":"https:\/\/quartorojo.cl\/index.php\/producto\/bomba-de-vacio-para-pene-penis-pump\/#primaryimage"},"image":{"@id":"https:\/\/quartorojo.cl\/index.php\/producto\/bomba-de-vacio-para-pene-penis-pump\/#primaryimage"},"thumbnailUrl":"https:\/\/quartorojo.cl\/wp-content\/uploads\/2025\/11\/1-7.png","datePublished":"2025-11-10T14:49:40+00:00","dateModified":"2025-11-10T18:43:47+00:00","breadcrumb":{"@id":"https:\/\/quartorojo.cl\/index.php\/producto\/bomba-de-vacio-para-pene-penis-pump\/#breadcrumb"},"inLanguage":"es","potentialAction":[{"@type":"ReadAction","target":["https:\/\/quartorojo.cl\/index.php\/producto\/bomba-de-vacio-para-pene-penis-pump\/"]}]},{"@type":"ImageObject","inLanguage":"es","@id":"https:\/\/quartorojo.cl\/index.php\/producto\/bomba-de-vacio-para-pene-penis-pump\/#primaryimage","url":"https:\/\/quartorojo.cl\/wp-content\/uploads\/2025\/11\/1-7.png","contentUrl":"https:\/\/quartorojo.cl\/wp-content\/uploads\/2025\/11\/1-7.png","width":731,"height":786},{"@type":"BreadcrumbList","@id":"https:\/\/quartorojo.cl\/index.php\/producto\/bomba-de-vacio-para-pene-penis-pump\/#breadcrumb","itemListElement":[{"@type":"ListItem","position":1,"name":"Portada","item":"https:\/\/quartorojo.cl\/"},{"@type":"ListItem","position":2,"name":"Tienda","item":"https:\/\/quartorojo.cl\/index.php\/tienda\/"},{"@type":"ListItem","position":3,"name":"Bomba de vac\u00edo para pene Penis Pump"}]},{"@type":"WebSite","@id":"https:\/\/quartorojo.cl\/#website","url":"https:\/\/quartorojo.cl\/","name":"Quartorojo.cl","description":"Juguetes \u00cdntimos","publisher":{"@id":"https:\/\/quartorojo.cl\/#organization"},"potentialAction":[{"@type":"SearchAction","target":{"@type":"EntryPoint","urlTemplate":"https:\/\/quartorojo.cl\/?s={search_term_string}"},"query-input":{"@type":"PropertyValueSpecification","valueRequired":true,"valueName":"search_term_string"}}],"inLanguage":"es"},{"@type":"Organization","@id":"https:\/\/quartorojo.cl\/#organization","name":"Quarto Rojo","url":"https:\/\/quartorojo.cl\/","logo":{"@type":"ImageObject","inLanguage":"es","@id":"https:\/\/quartorojo.cl\/#\/schema\/logo\/image\/","url":"https:\/\/quartorojo.cl\/wp-content\/uploads\/2025\/10\/LOGOQUARTOROJO2023TRAZADO-scaled.png","contentUrl":"https:\/\/quartorojo.cl\/wp-content\/uploads\/2025\/10\/LOGOQUARTOROJO2023TRAZADO-scaled.png","width":2560,"height":2193,"caption":"Quarto Rojo"},"image":{"@id":"https:\/\/quartorojo.cl\/#\/schema\/logo\/image\/"}}]}},"_links":{"self":[{"href":"https:\/\/quartorojo.cl\/index.php\/wp-json\/wp\/v2\/product\/346","targetHints":{"allow":["GET"]}}],"collection":[{"href":"https:\/\/quartorojo.cl\/index.php\/wp-json\/wp\/v2\/product"}],"about":[{"href":"https:\/\/quartorojo.cl\/index.php\/wp-json\/wp\/v2\/types\/product"}],"replies":[{"embeddable":true,"href":"https:\/\/quartorojo.cl\/index.php\/wp-json\/wp\/v2\/comments?post=346"}],"wp:featuredmedia":[{"embeddable":true,"href":"https:\/\/quartorojo.cl\/index.php\/wp-json\/wp\/v2\/media\/347"}],"wp:attachment":[{"href":"https:\/\/quartorojo.cl\/index.php\/wp-json\/wp\/v2\/media?parent=346"}],"wp:term":[{"taxonomy":"product_brand","embeddable":true,"href":"https:\/\/quartorojo.cl\/index.php\/wp-json\/wp\/v2\/product_brand?post=346"},{"taxonomy":"product_cat","embeddable":true,"href":"https:\/\/quartorojo.cl\/index.php\/wp-json\/wp\/v2\/product_cat?post=346"},{"taxonomy":"product_tag","embeddable":true,"href":"https:\/\/quartorojo.cl\/index.php\/wp-json\/wp\/v2\/product_tag?post=346"}],"curies":[{"name":"wp","href":"https:\/\/api.w.org\/{rel}","templated":true}]}}