{"id":341,"date":"2025-11-10T14:27:40","date_gmt":"2025-11-10T14:27:40","guid":{"rendered":"https:\/\/quartorojo.cl\/?post_type=product&#038;p=341"},"modified":"2026-01-23T19:16:27","modified_gmt":"2026-01-23T19:16:27","slug":"retardante-peineili-spray","status":"publish","type":"product","link":"https:\/\/quartorojo.cl\/index.php\/producto\/retardante-peineili-spray\/","title":{"rendered":"Retardante Peineili Spray"},"content":{"rendered":"<p>El aerosol\u00a0<strong>Peineili<\/strong>\u00a0es un spray que tiene el efecto de retardar la eyaculaci\u00f3n en el hombre. Su efecto desensibilizante prolonga la duraci\u00f3n de las relaciones sexuales retardando el orgasmo en el hombre y por consecuencia dando m\u00e1s placer a tu pareja, dando lugar a una mayor nivel de satisfacci\u00f3n general durante el coito.<\/p>\n<p>El spray es una preparaci\u00f3n de uso externo, no tiene olor ni sabor.<\/p>\n<p><strong>Funci\u00f3n<\/strong><\/p>\n<p>El spray desensibiliza el pene cuando se aplica al glande y comienza a surtir efecto dentro de los 5 minutos de haber sido rociado. Puedes tambi\u00e9n aplicarlo en tus manos y masajear el miembro. Si sientes una sensaci\u00f3n de hormigueo despu\u00e9s de aplicar el spray, es normal, y disminuye en un minuto.<\/p>\n<p><strong>Instrucciones de uso<\/strong><\/p>\n<p>Utilice el producto de 5 a 20 minutos antes del acto sexual.<\/p>\n<ol>\n<li>Aplicar sobre el glande y surco coronario<\/li>\n<li>Aplicar Uniformemente<\/li>\n<li>Rociar de 2 a 3 veces sin exceso, medio segundo por atomizaci\u00f3n es suficiente<\/li>\n<li>No se recomienda rociar m\u00e1s de 3 veces<\/li>\n<li>En caso de rociar de m\u00e1s todo volver\u00e1 a la normalidad despu\u00e9s de unos 60 minutos<\/li>\n<\/ol>\n<p>100% a base de hierbas sin efectos secundarios.<\/p>\n<p>&nbsp;<\/p>\n<p><strong>Caracter\u00edsticas<\/strong>:<\/p>\n<ul>\n<li>Color: Transparente<\/li>\n<li>Contenido: 15 Ml<\/li>\n<li>Ingredientes: Syzygium aromaticum, Cnidium monnieri, cinnamomum zeylanicum, agua, spongilla fragilis leidy, frutas y extractos de plantas.<\/li>\n<li>Funciones de modelo: Retardante<\/li>\n<li>Consistencia: Spray<\/li>\n<li>Certificaci\u00f3n: CE<\/li>\n<li>Aprueba de agua: No<\/li>\n<\/ul>\n<p>&nbsp;<\/p>\n<p><strong>Recomendaciones de uso:<\/strong><\/p>\n<ul>\n<li>Los consumidores deben leer atentamente el manual del producto antes de usarlo.<\/li>\n<li>No apto para embarazadas ni al\u00e9rgicos graves<\/li>\n<li>Cuidado con el contacto con los ojos<\/li>\n<li>Despu\u00e9s de su uso, lavar partes aplicadas para mayor higiene<\/li>\n<li>No consumir oralmente en grandes cantidades<\/li>\n<\/ul>\n","protected":false},"excerpt":{"rendered":"<ol>\n<li>Aplicar sobre el glande y surco coronario<\/li>\n<li>Aplicar Uniformemente<\/li>\n<li>Rociar de 2 a 3 veces sin exceso, medio segundo por atomizaci\u00f3n es suficiente<\/li>\n<li>No se recomienda rociar m\u00e1s de 3 veces<\/li>\n<li>En caso de rociar de m\u00e1s todo volver\u00e1 a la normalidad despu\u00e9s de unos 60 minutos<\/li>\n<\/ol>\n","protected":false},"featured_media":343,"comment_status":"open","ping_status":"closed","template":"","meta":[],"product_brand":[],"product_cat":[21],"product_tag":[],"class_list":{"0":"post-341","1":"product","2":"type-product","3":"status-publish","4":"has-post-thumbnail","6":"product_cat-cosmetica","8":"first","9":"instock","10":"shipping-taxable","11":"purchasable","12":"product-type-simple"},"yoast_head":"<!-- This site is optimized with the Yoast SEO plugin v26.8 - https:\/\/yoast.com\/product\/yoast-seo-wordpress\/ -->\n<title>Retardante Peineili Spray - Quarto Rojo<\/title>\n<meta name=\"robots\" content=\"index, follow, max-snippet:-1, max-image-preview:large, max-video-preview:-1\" \/>\n<link rel=\"canonical\" href=\"https:\/\/quartorojo.cl\/index.php\/producto\/retardante-peineili-spray\/\" \/>\n<meta property=\"og:locale\" content=\"es_ES\" \/>\n<meta property=\"og:type\" content=\"article\" \/>\n<meta property=\"og:title\" content=\"Retardante Peineili Spray - Quarto Rojo\" \/>\n<meta property=\"og:description\" content=\"Aplicar sobre el glande y surco coronario  Aplicar Uniformemente  Rociar de 2 a 3 veces sin exceso, medio segundo por atomizaci\u00f3n es suficiente  No se recomienda rociar m\u00e1s de 3 veces  En caso de rociar de m\u00e1s todo volver\u00e1 a la normalidad despu\u00e9s de unos 60 minutos\" \/>\n<meta property=\"og:url\" content=\"https:\/\/quartorojo.cl\/index.php\/producto\/retardante-peineili-spray\/\" \/>\n<meta property=\"og:site_name\" content=\"Quarto Rojo\" \/>\n<meta property=\"article:modified_time\" content=\"2026-01-23T19:16:27+00:00\" \/>\n<meta property=\"og:image\" content=\"https:\/\/quartorojo.cl\/wp-content\/uploads\/2025\/11\/1-6.png\" \/>\n\t<meta property=\"og:image:width\" content=\"790\" \/>\n\t<meta property=\"og:image:height\" content=\"788\" \/>\n\t<meta property=\"og:image:type\" content=\"image\/png\" \/>\n<meta name=\"twitter:card\" content=\"summary_large_image\" \/>\n<meta name=\"twitter:label1\" content=\"Tiempo de lectura\" \/>\n\t<meta name=\"twitter:data1\" content=\"2 minutos\" \/>\n<script type=\"application\/ld+json\" class=\"yoast-schema-graph\">{\"@context\":\"https:\/\/schema.org\",\"@graph\":[{\"@type\":\"WebPage\",\"@id\":\"https:\/\/quartorojo.cl\/index.php\/producto\/retardante-peineili-spray\/\",\"url\":\"https:\/\/quartorojo.cl\/index.php\/producto\/retardante-peineili-spray\/\",\"name\":\"Retardante Peineili Spray - Quarto Rojo\",\"isPartOf\":{\"@id\":\"https:\/\/quartorojo.cl\/#website\"},\"primaryImageOfPage\":{\"@id\":\"https:\/\/quartorojo.cl\/index.php\/producto\/retardante-peineili-spray\/#primaryimage\"},\"image\":{\"@id\":\"https:\/\/quartorojo.cl\/index.php\/producto\/retardante-peineili-spray\/#primaryimage\"},\"thumbnailUrl\":\"https:\/\/quartorojo.cl\/wp-content\/uploads\/2025\/11\/1-6.png\",\"datePublished\":\"2025-11-10T14:27:40+00:00\",\"dateModified\":\"2026-01-23T19:16:27+00:00\",\"breadcrumb\":{\"@id\":\"https:\/\/quartorojo.cl\/index.php\/producto\/retardante-peineili-spray\/#breadcrumb\"},\"inLanguage\":\"es\",\"potentialAction\":[{\"@type\":\"ReadAction\",\"target\":[\"https:\/\/quartorojo.cl\/index.php\/producto\/retardante-peineili-spray\/\"]}]},{\"@type\":\"ImageObject\",\"inLanguage\":\"es\",\"@id\":\"https:\/\/quartorojo.cl\/index.php\/producto\/retardante-peineili-spray\/#primaryimage\",\"url\":\"https:\/\/quartorojo.cl\/wp-content\/uploads\/2025\/11\/1-6.png\",\"contentUrl\":\"https:\/\/quartorojo.cl\/wp-content\/uploads\/2025\/11\/1-6.png\",\"width\":790,\"height\":788},{\"@type\":\"BreadcrumbList\",\"@id\":\"https:\/\/quartorojo.cl\/index.php\/producto\/retardante-peineili-spray\/#breadcrumb\",\"itemListElement\":[{\"@type\":\"ListItem\",\"position\":1,\"name\":\"Portada\",\"item\":\"https:\/\/quartorojo.cl\/\"},{\"@type\":\"ListItem\",\"position\":2,\"name\":\"Tienda\",\"item\":\"https:\/\/quartorojo.cl\/index.php\/tienda\/\"},{\"@type\":\"ListItem\",\"position\":3,\"name\":\"Retardante Peineili Spray\"}]},{\"@type\":\"WebSite\",\"@id\":\"https:\/\/quartorojo.cl\/#website\",\"url\":\"https:\/\/quartorojo.cl\/\",\"name\":\"Quartorojo.cl\",\"description\":\"Juguetes \u00cdntimos\",\"publisher\":{\"@id\":\"https:\/\/quartorojo.cl\/#organization\"},\"potentialAction\":[{\"@type\":\"SearchAction\",\"target\":{\"@type\":\"EntryPoint\",\"urlTemplate\":\"https:\/\/quartorojo.cl\/?s={search_term_string}\"},\"query-input\":{\"@type\":\"PropertyValueSpecification\",\"valueRequired\":true,\"valueName\":\"search_term_string\"}}],\"inLanguage\":\"es\"},{\"@type\":\"Organization\",\"@id\":\"https:\/\/quartorojo.cl\/#organization\",\"name\":\"Quarto Rojo\",\"url\":\"https:\/\/quartorojo.cl\/\",\"logo\":{\"@type\":\"ImageObject\",\"inLanguage\":\"es\",\"@id\":\"https:\/\/quartorojo.cl\/#\/schema\/logo\/image\/\",\"url\":\"https:\/\/quartorojo.cl\/wp-content\/uploads\/2025\/10\/LOGOQUARTOROJO2023TRAZADO-scaled.png\",\"contentUrl\":\"https:\/\/quartorojo.cl\/wp-content\/uploads\/2025\/10\/LOGOQUARTOROJO2023TRAZADO-scaled.png\",\"width\":2560,\"height\":2193,\"caption\":\"Quarto Rojo\"},\"image\":{\"@id\":\"https:\/\/quartorojo.cl\/#\/schema\/logo\/image\/\"}}]}<\/script>\n<!-- \/ Yoast SEO plugin. -->","yoast_head_json":{"title":"Retardante Peineili Spray - Quarto Rojo","robots":{"index":"index","follow":"follow","max-snippet":"max-snippet:-1","max-image-preview":"max-image-preview:large","max-video-preview":"max-video-preview:-1"},"canonical":"https:\/\/quartorojo.cl\/index.php\/producto\/retardante-peineili-spray\/","og_locale":"es_ES","og_type":"article","og_title":"Retardante Peineili Spray - Quarto Rojo","og_description":"Aplicar sobre el glande y surco coronario  Aplicar Uniformemente  Rociar de 2 a 3 veces sin exceso, medio segundo por atomizaci\u00f3n es suficiente  No se recomienda rociar m\u00e1s de 3 veces  En caso de rociar de m\u00e1s todo volver\u00e1 a la normalidad despu\u00e9s de unos 60 minutos","og_url":"https:\/\/quartorojo.cl\/index.php\/producto\/retardante-peineili-spray\/","og_site_name":"Quarto Rojo","article_modified_time":"2026-01-23T19:16:27+00:00","og_image":[{"width":790,"height":788,"url":"https:\/\/quartorojo.cl\/wp-content\/uploads\/2025\/11\/1-6.png","type":"image\/png"}],"twitter_card":"summary_large_image","twitter_misc":{"Tiempo de lectura":"2 minutos"},"schema":{"@context":"https:\/\/schema.org","@graph":[{"@type":"WebPage","@id":"https:\/\/quartorojo.cl\/index.php\/producto\/retardante-peineili-spray\/","url":"https:\/\/quartorojo.cl\/index.php\/producto\/retardante-peineili-spray\/","name":"Retardante Peineili Spray - Quarto Rojo","isPartOf":{"@id":"https:\/\/quartorojo.cl\/#website"},"primaryImageOfPage":{"@id":"https:\/\/quartorojo.cl\/index.php\/producto\/retardante-peineili-spray\/#primaryimage"},"image":{"@id":"https:\/\/quartorojo.cl\/index.php\/producto\/retardante-peineili-spray\/#primaryimage"},"thumbnailUrl":"https:\/\/quartorojo.cl\/wp-content\/uploads\/2025\/11\/1-6.png","datePublished":"2025-11-10T14:27:40+00:00","dateModified":"2026-01-23T19:16:27+00:00","breadcrumb":{"@id":"https:\/\/quartorojo.cl\/index.php\/producto\/retardante-peineili-spray\/#breadcrumb"},"inLanguage":"es","potentialAction":[{"@type":"ReadAction","target":["https:\/\/quartorojo.cl\/index.php\/producto\/retardante-peineili-spray\/"]}]},{"@type":"ImageObject","inLanguage":"es","@id":"https:\/\/quartorojo.cl\/index.php\/producto\/retardante-peineili-spray\/#primaryimage","url":"https:\/\/quartorojo.cl\/wp-content\/uploads\/2025\/11\/1-6.png","contentUrl":"https:\/\/quartorojo.cl\/wp-content\/uploads\/2025\/11\/1-6.png","width":790,"height":788},{"@type":"BreadcrumbList","@id":"https:\/\/quartorojo.cl\/index.php\/producto\/retardante-peineili-spray\/#breadcrumb","itemListElement":[{"@type":"ListItem","position":1,"name":"Portada","item":"https:\/\/quartorojo.cl\/"},{"@type":"ListItem","position":2,"name":"Tienda","item":"https:\/\/quartorojo.cl\/index.php\/tienda\/"},{"@type":"ListItem","position":3,"name":"Retardante Peineili Spray"}]},{"@type":"WebSite","@id":"https:\/\/quartorojo.cl\/#website","url":"https:\/\/quartorojo.cl\/","name":"Quartorojo.cl","description":"Juguetes \u00cdntimos","publisher":{"@id":"https:\/\/quartorojo.cl\/#organization"},"potentialAction":[{"@type":"SearchAction","target":{"@type":"EntryPoint","urlTemplate":"https:\/\/quartorojo.cl\/?s={search_term_string}"},"query-input":{"@type":"PropertyValueSpecification","valueRequired":true,"valueName":"search_term_string"}}],"inLanguage":"es"},{"@type":"Organization","@id":"https:\/\/quartorojo.cl\/#organization","name":"Quarto Rojo","url":"https:\/\/quartorojo.cl\/","logo":{"@type":"ImageObject","inLanguage":"es","@id":"https:\/\/quartorojo.cl\/#\/schema\/logo\/image\/","url":"https:\/\/quartorojo.cl\/wp-content\/uploads\/2025\/10\/LOGOQUARTOROJO2023TRAZADO-scaled.png","contentUrl":"https:\/\/quartorojo.cl\/wp-content\/uploads\/2025\/10\/LOGOQUARTOROJO2023TRAZADO-scaled.png","width":2560,"height":2193,"caption":"Quarto Rojo"},"image":{"@id":"https:\/\/quartorojo.cl\/#\/schema\/logo\/image\/"}}]}},"_links":{"self":[{"href":"https:\/\/quartorojo.cl\/index.php\/wp-json\/wp\/v2\/product\/341","targetHints":{"allow":["GET"]}}],"collection":[{"href":"https:\/\/quartorojo.cl\/index.php\/wp-json\/wp\/v2\/product"}],"about":[{"href":"https:\/\/quartorojo.cl\/index.php\/wp-json\/wp\/v2\/types\/product"}],"replies":[{"embeddable":true,"href":"https:\/\/quartorojo.cl\/index.php\/wp-json\/wp\/v2\/comments?post=341"}],"wp:featuredmedia":[{"embeddable":true,"href":"https:\/\/quartorojo.cl\/index.php\/wp-json\/wp\/v2\/media\/343"}],"wp:attachment":[{"href":"https:\/\/quartorojo.cl\/index.php\/wp-json\/wp\/v2\/media?parent=341"}],"wp:term":[{"taxonomy":"product_brand","embeddable":true,"href":"https:\/\/quartorojo.cl\/index.php\/wp-json\/wp\/v2\/product_brand?post=341"},{"taxonomy":"product_cat","embeddable":true,"href":"https:\/\/quartorojo.cl\/index.php\/wp-json\/wp\/v2\/product_cat?post=341"},{"taxonomy":"product_tag","embeddable":true,"href":"https:\/\/quartorojo.cl\/index.php\/wp-json\/wp\/v2\/product_tag?post=341"}],"curies":[{"name":"wp","href":"https:\/\/api.w.org\/{rel}","templated":true}]}}