{"id":301,"date":"2025-11-07T19:38:28","date_gmt":"2025-11-07T19:38:28","guid":{"rendered":"https:\/\/quartorojo.cl\/?post_type=product&#038;p=301"},"modified":"2026-01-27T18:28:28","modified_gmt":"2026-01-27T18:28:28","slug":"lubricante-neutro-h2o-grizzly","status":"publish","type":"product","link":"https:\/\/quartorojo.cl\/index.php\/producto\/lubricante-neutro-h2o-grizzly\/","title":{"rendered":"Lubricante Neutro H2O GRIZZLY"},"content":{"rendered":"<p class=\"ds-markdown-paragraph\"><strong>Grizzly Slide H2O- Lubricante \u00cdntimo Neutro<\/strong><\/p>\n<p class=\"ds-markdown-paragraph\">\n<p class=\"ds-markdown-paragraph\">Grizzly SLide H2O no es un lubricante cualquiera. Est\u00e1 especialmente formulado para deslizarse sensualmente por el cuerpo, sensaci\u00f3n que potencia la sensibilidad y eleva cada caricia a un nuevo nivel de placer. Si buscas una experiencia c\u00f3moda y estimulante, esta es tu elecci\u00f3n.<\/p>\n<p>&nbsp;<\/p>\n<p class=\"ds-markdown-paragraph\"><strong>Caracter\u00edsticas premium:<\/strong><\/p>\n<ul>\n<li>\n<p class=\"ds-markdown-paragraph\"><strong>F\u00f3rmula mejorada:<\/strong>\u00a0Efecto de mayor duraci\u00f3n y sin roces.<\/p>\n<\/li>\n<li>\n<p class=\"ds-markdown-paragraph\"><strong>Compatible:<\/strong>\u00a0Seguro con preservativos y juguetes sexuales.<\/p>\n<\/li>\n<li>\n<p class=\"ds-markdown-paragraph\"><strong>Textura sedosa:<\/strong>\u00a0A base de agua, se desliza sin esfuerzo y es f\u00e1cil de limpiar.<\/p>\n<\/li>\n<\/ul>\n<h5 class=\"ds-markdown-paragraph\">.<\/h5>\n<p class=\"ds-markdown-paragraph\"><strong>\u00bfTe gustan las sensaciones?<\/strong><\/p>\n<p>Tenemos m\u00e1s opciones:<\/p>\n<ul>\n<li>\n<p class=\"ds-markdown-paragraph\"><strong>Fire:<\/strong>\u00a0Para sentir calor.<\/p>\n<\/li>\n<li>\n<p class=\"ds-markdown-paragraph\"><strong>Ice:<\/strong>\u00a0Para sentir fr\u00edo.<\/p>\n<\/li>\n<li>\n<p class=\"ds-markdown-paragraph\"><strong>Semen:<\/strong>\u00a0Con textura realista.<\/p>\n<\/li>\n<\/ul>\n<p>&nbsp;<\/p>\n<p><strong>Caracter\u00edsticas<\/strong>:<\/p>\n<ul class=\"lte-list\">\n<li>Color: Incoloro<\/li>\n<li>Tama\u00f1o: 120 ml<\/li>\n<li>Funciones de modelo: Lubricante neutro<\/li>\n<li>Certificaci\u00f3n: CE<\/li>\n<li>Presentaci\u00f3n: Botella 120ml con aplicador<\/li>\n<\/ul>\n","protected":false},"excerpt":{"rendered":"<ul>\n<li>\n<p class=\"ds-markdown-paragraph\"><strong>F\u00f3rmula mejorada:<\/strong>\u00a0Efecto de mayor duraci\u00f3n y sin roces.<\/p>\n<\/li>\n<li>\n<p class=\"ds-markdown-paragraph\"><strong>Compatible:<\/strong>\u00a0Seguro con preservativos y juguetes sexuales.<\/p>\n<\/li>\n<li>\n<p class=\"ds-markdown-paragraph\"><strong>Textura sedosa:<\/strong>\u00a0A base de agua, se desliza sin esfuerzo y es f\u00e1cil de limpiar.<\/p>\n<\/li>\n<\/ul>\n<h5 class=\"ds-markdown-paragraph\"><\/h5>\n","protected":false},"featured_media":304,"comment_status":"open","ping_status":"closed","template":"","meta":[],"product_brand":[],"product_cat":[21],"product_tag":[],"class_list":{"0":"post-301","1":"product","2":"type-product","3":"status-publish","4":"has-post-thumbnail","6":"product_cat-cosmetica","8":"first","9":"outofstock","10":"shipping-taxable","11":"purchasable","12":"product-type-simple"},"yoast_head":"<!-- This site is optimized with the Yoast SEO plugin v26.8 - https:\/\/yoast.com\/product\/yoast-seo-wordpress\/ -->\n<title>Lubricante Neutro H2O GRIZZLY - Quarto Rojo<\/title>\n<meta name=\"robots\" content=\"index, follow, max-snippet:-1, max-image-preview:large, max-video-preview:-1\" \/>\n<link rel=\"canonical\" href=\"https:\/\/quartorojo.cl\/index.php\/producto\/lubricante-neutro-h2o-grizzly\/\" \/>\n<meta property=\"og:locale\" content=\"es_ES\" \/>\n<meta property=\"og:type\" content=\"article\" \/>\n<meta property=\"og:title\" content=\"Lubricante Neutro H2O GRIZZLY - Quarto Rojo\" \/>\n<meta property=\"og:description\" content=\"F\u00f3rmula mejorada:\u00a0Efecto de mayor duraci\u00f3n y sin roces.    Compatible:\u00a0Seguro con preservativos y juguetes sexuales.    Textura sedosa:\u00a0A base de agua, se desliza sin esfuerzo y es f\u00e1cil de limpiar.\" \/>\n<meta property=\"og:url\" content=\"https:\/\/quartorojo.cl\/index.php\/producto\/lubricante-neutro-h2o-grizzly\/\" \/>\n<meta property=\"og:site_name\" content=\"Quarto Rojo\" \/>\n<meta property=\"article:modified_time\" content=\"2026-01-27T18:28:28+00:00\" \/>\n<meta property=\"og:image\" content=\"https:\/\/quartorojo.cl\/wp-content\/uploads\/2025\/11\/2-20.jpg\" \/>\n\t<meta property=\"og:image:width\" content=\"788\" \/>\n\t<meta property=\"og:image:height\" content=\"795\" \/>\n\t<meta property=\"og:image:type\" content=\"image\/jpeg\" \/>\n<meta name=\"twitter:card\" content=\"summary_large_image\" \/>\n<meta name=\"twitter:label1\" content=\"Tiempo de lectura\" \/>\n\t<meta name=\"twitter:data1\" content=\"1 minuto\" \/>\n<script type=\"application\/ld+json\" class=\"yoast-schema-graph\">{\"@context\":\"https:\/\/schema.org\",\"@graph\":[{\"@type\":\"WebPage\",\"@id\":\"https:\/\/quartorojo.cl\/index.php\/producto\/lubricante-neutro-h2o-grizzly\/\",\"url\":\"https:\/\/quartorojo.cl\/index.php\/producto\/lubricante-neutro-h2o-grizzly\/\",\"name\":\"Lubricante Neutro H2O GRIZZLY - Quarto Rojo\",\"isPartOf\":{\"@id\":\"https:\/\/quartorojo.cl\/#website\"},\"primaryImageOfPage\":{\"@id\":\"https:\/\/quartorojo.cl\/index.php\/producto\/lubricante-neutro-h2o-grizzly\/#primaryimage\"},\"image\":{\"@id\":\"https:\/\/quartorojo.cl\/index.php\/producto\/lubricante-neutro-h2o-grizzly\/#primaryimage\"},\"thumbnailUrl\":\"https:\/\/quartorojo.cl\/wp-content\/uploads\/2025\/11\/2-20.jpg\",\"datePublished\":\"2025-11-07T19:38:28+00:00\",\"dateModified\":\"2026-01-27T18:28:28+00:00\",\"breadcrumb\":{\"@id\":\"https:\/\/quartorojo.cl\/index.php\/producto\/lubricante-neutro-h2o-grizzly\/#breadcrumb\"},\"inLanguage\":\"es\",\"potentialAction\":[{\"@type\":\"ReadAction\",\"target\":[\"https:\/\/quartorojo.cl\/index.php\/producto\/lubricante-neutro-h2o-grizzly\/\"]}]},{\"@type\":\"ImageObject\",\"inLanguage\":\"es\",\"@id\":\"https:\/\/quartorojo.cl\/index.php\/producto\/lubricante-neutro-h2o-grizzly\/#primaryimage\",\"url\":\"https:\/\/quartorojo.cl\/wp-content\/uploads\/2025\/11\/2-20.jpg\",\"contentUrl\":\"https:\/\/quartorojo.cl\/wp-content\/uploads\/2025\/11\/2-20.jpg\",\"width\":788,\"height\":795},{\"@type\":\"BreadcrumbList\",\"@id\":\"https:\/\/quartorojo.cl\/index.php\/producto\/lubricante-neutro-h2o-grizzly\/#breadcrumb\",\"itemListElement\":[{\"@type\":\"ListItem\",\"position\":1,\"name\":\"Portada\",\"item\":\"https:\/\/quartorojo.cl\/\"},{\"@type\":\"ListItem\",\"position\":2,\"name\":\"Tienda\",\"item\":\"https:\/\/quartorojo.cl\/index.php\/tienda\/\"},{\"@type\":\"ListItem\",\"position\":3,\"name\":\"Lubricante Neutro H2O GRIZZLY\"}]},{\"@type\":\"WebSite\",\"@id\":\"https:\/\/quartorojo.cl\/#website\",\"url\":\"https:\/\/quartorojo.cl\/\",\"name\":\"Quartorojo.cl\",\"description\":\"Juguetes \u00cdntimos\",\"publisher\":{\"@id\":\"https:\/\/quartorojo.cl\/#organization\"},\"potentialAction\":[{\"@type\":\"SearchAction\",\"target\":{\"@type\":\"EntryPoint\",\"urlTemplate\":\"https:\/\/quartorojo.cl\/?s={search_term_string}\"},\"query-input\":{\"@type\":\"PropertyValueSpecification\",\"valueRequired\":true,\"valueName\":\"search_term_string\"}}],\"inLanguage\":\"es\"},{\"@type\":\"Organization\",\"@id\":\"https:\/\/quartorojo.cl\/#organization\",\"name\":\"Quarto Rojo\",\"url\":\"https:\/\/quartorojo.cl\/\",\"logo\":{\"@type\":\"ImageObject\",\"inLanguage\":\"es\",\"@id\":\"https:\/\/quartorojo.cl\/#\/schema\/logo\/image\/\",\"url\":\"https:\/\/quartorojo.cl\/wp-content\/uploads\/2025\/10\/LOGOQUARTOROJO2023TRAZADO-scaled.png\",\"contentUrl\":\"https:\/\/quartorojo.cl\/wp-content\/uploads\/2025\/10\/LOGOQUARTOROJO2023TRAZADO-scaled.png\",\"width\":2560,\"height\":2193,\"caption\":\"Quarto Rojo\"},\"image\":{\"@id\":\"https:\/\/quartorojo.cl\/#\/schema\/logo\/image\/\"}}]}<\/script>\n<!-- \/ Yoast SEO plugin. -->","yoast_head_json":{"title":"Lubricante Neutro H2O GRIZZLY - Quarto Rojo","robots":{"index":"index","follow":"follow","max-snippet":"max-snippet:-1","max-image-preview":"max-image-preview:large","max-video-preview":"max-video-preview:-1"},"canonical":"https:\/\/quartorojo.cl\/index.php\/producto\/lubricante-neutro-h2o-grizzly\/","og_locale":"es_ES","og_type":"article","og_title":"Lubricante Neutro H2O GRIZZLY - Quarto Rojo","og_description":"F\u00f3rmula mejorada:\u00a0Efecto de mayor duraci\u00f3n y sin roces.    Compatible:\u00a0Seguro con preservativos y juguetes sexuales.    Textura sedosa:\u00a0A base de agua, se desliza sin esfuerzo y es f\u00e1cil de limpiar.","og_url":"https:\/\/quartorojo.cl\/index.php\/producto\/lubricante-neutro-h2o-grizzly\/","og_site_name":"Quarto Rojo","article_modified_time":"2026-01-27T18:28:28+00:00","og_image":[{"width":788,"height":795,"url":"https:\/\/quartorojo.cl\/wp-content\/uploads\/2025\/11\/2-20.jpg","type":"image\/jpeg"}],"twitter_card":"summary_large_image","twitter_misc":{"Tiempo de lectura":"1 minuto"},"schema":{"@context":"https:\/\/schema.org","@graph":[{"@type":"WebPage","@id":"https:\/\/quartorojo.cl\/index.php\/producto\/lubricante-neutro-h2o-grizzly\/","url":"https:\/\/quartorojo.cl\/index.php\/producto\/lubricante-neutro-h2o-grizzly\/","name":"Lubricante Neutro H2O GRIZZLY - Quarto Rojo","isPartOf":{"@id":"https:\/\/quartorojo.cl\/#website"},"primaryImageOfPage":{"@id":"https:\/\/quartorojo.cl\/index.php\/producto\/lubricante-neutro-h2o-grizzly\/#primaryimage"},"image":{"@id":"https:\/\/quartorojo.cl\/index.php\/producto\/lubricante-neutro-h2o-grizzly\/#primaryimage"},"thumbnailUrl":"https:\/\/quartorojo.cl\/wp-content\/uploads\/2025\/11\/2-20.jpg","datePublished":"2025-11-07T19:38:28+00:00","dateModified":"2026-01-27T18:28:28+00:00","breadcrumb":{"@id":"https:\/\/quartorojo.cl\/index.php\/producto\/lubricante-neutro-h2o-grizzly\/#breadcrumb"},"inLanguage":"es","potentialAction":[{"@type":"ReadAction","target":["https:\/\/quartorojo.cl\/index.php\/producto\/lubricante-neutro-h2o-grizzly\/"]}]},{"@type":"ImageObject","inLanguage":"es","@id":"https:\/\/quartorojo.cl\/index.php\/producto\/lubricante-neutro-h2o-grizzly\/#primaryimage","url":"https:\/\/quartorojo.cl\/wp-content\/uploads\/2025\/11\/2-20.jpg","contentUrl":"https:\/\/quartorojo.cl\/wp-content\/uploads\/2025\/11\/2-20.jpg","width":788,"height":795},{"@type":"BreadcrumbList","@id":"https:\/\/quartorojo.cl\/index.php\/producto\/lubricante-neutro-h2o-grizzly\/#breadcrumb","itemListElement":[{"@type":"ListItem","position":1,"name":"Portada","item":"https:\/\/quartorojo.cl\/"},{"@type":"ListItem","position":2,"name":"Tienda","item":"https:\/\/quartorojo.cl\/index.php\/tienda\/"},{"@type":"ListItem","position":3,"name":"Lubricante Neutro H2O GRIZZLY"}]},{"@type":"WebSite","@id":"https:\/\/quartorojo.cl\/#website","url":"https:\/\/quartorojo.cl\/","name":"Quartorojo.cl","description":"Juguetes \u00cdntimos","publisher":{"@id":"https:\/\/quartorojo.cl\/#organization"},"potentialAction":[{"@type":"SearchAction","target":{"@type":"EntryPoint","urlTemplate":"https:\/\/quartorojo.cl\/?s={search_term_string}"},"query-input":{"@type":"PropertyValueSpecification","valueRequired":true,"valueName":"search_term_string"}}],"inLanguage":"es"},{"@type":"Organization","@id":"https:\/\/quartorojo.cl\/#organization","name":"Quarto Rojo","url":"https:\/\/quartorojo.cl\/","logo":{"@type":"ImageObject","inLanguage":"es","@id":"https:\/\/quartorojo.cl\/#\/schema\/logo\/image\/","url":"https:\/\/quartorojo.cl\/wp-content\/uploads\/2025\/10\/LOGOQUARTOROJO2023TRAZADO-scaled.png","contentUrl":"https:\/\/quartorojo.cl\/wp-content\/uploads\/2025\/10\/LOGOQUARTOROJO2023TRAZADO-scaled.png","width":2560,"height":2193,"caption":"Quarto Rojo"},"image":{"@id":"https:\/\/quartorojo.cl\/#\/schema\/logo\/image\/"}}]}},"_links":{"self":[{"href":"https:\/\/quartorojo.cl\/index.php\/wp-json\/wp\/v2\/product\/301","targetHints":{"allow":["GET"]}}],"collection":[{"href":"https:\/\/quartorojo.cl\/index.php\/wp-json\/wp\/v2\/product"}],"about":[{"href":"https:\/\/quartorojo.cl\/index.php\/wp-json\/wp\/v2\/types\/product"}],"replies":[{"embeddable":true,"href":"https:\/\/quartorojo.cl\/index.php\/wp-json\/wp\/v2\/comments?post=301"}],"wp:featuredmedia":[{"embeddable":true,"href":"https:\/\/quartorojo.cl\/index.php\/wp-json\/wp\/v2\/media\/304"}],"wp:attachment":[{"href":"https:\/\/quartorojo.cl\/index.php\/wp-json\/wp\/v2\/media?parent=301"}],"wp:term":[{"taxonomy":"product_brand","embeddable":true,"href":"https:\/\/quartorojo.cl\/index.php\/wp-json\/wp\/v2\/product_brand?post=301"},{"taxonomy":"product_cat","embeddable":true,"href":"https:\/\/quartorojo.cl\/index.php\/wp-json\/wp\/v2\/product_cat?post=301"},{"taxonomy":"product_tag","embeddable":true,"href":"https:\/\/quartorojo.cl\/index.php\/wp-json\/wp\/v2\/product_tag?post=301"}],"curies":[{"name":"wp","href":"https:\/\/api.w.org\/{rel}","templated":true}]}}