{"id":295,"date":"2025-11-07T19:30:25","date_gmt":"2025-11-07T19:30:25","guid":{"rendered":"https:\/\/quartorojo.cl\/?post_type=product&#038;p=295"},"modified":"2026-01-23T19:21:56","modified_gmt":"2026-01-23T19:21:56","slug":"capsulas-anales-analglide","status":"publish","type":"product","link":"https:\/\/quartorojo.cl\/index.php\/producto\/capsulas-anales-analglide\/","title":{"rendered":"Capsulas anales AnalGlide"},"content":{"rendered":"<div class=\"woocommerce-product-details__short-description\">\n<p class=\"ds-markdown-paragraph\"><strong>AnalGlide Pearls \u2013 C\u00e1psulas Lubricantes de Efecto Instant\u00e1neo<\/strong><\/p>\n<p><strong>Lubricaci\u00f3n interna precisa para una experiencia anal sin molestias.<\/strong><\/p>\n<p class=\"ds-markdown-paragraph\"><strong>AnalGlide Pearls<\/strong>\u00a0son c\u00e1psulas solubles dise\u00f1adas para lubricar\u00a0<strong>desde el interior<\/strong>\u00a0de la zona anal. Su aplicaci\u00f3n es sencilla y su efecto es r\u00e1pido, ideal para prepararte con antelaci\u00f3n y disfrutar de una mayor comodidad y fluidez.<\/p>\n<p class=\"ds-markdown-paragraph\"><strong>Elige tu efecto ideal:<\/strong><\/p>\n<ul>\n<li>\n<p class=\"ds-markdown-paragraph\"><strong>Calmante:<\/strong>\u00a0Promete cuidar la zona.<\/p>\n<\/li>\n<li>\n<p class=\"ds-markdown-paragraph\"><strong>Calor:<\/strong>\u00a0Sensaci\u00f3n t\u00e9rmica relajante y estimulante.<\/p>\n<\/li>\n<li>\n<p class=\"ds-markdown-paragraph\"><strong>Fr\u00edo:<\/strong>\u00a0Efecto refrescante que activa la circulaci\u00f3n.<\/p>\n<\/li>\n<\/ul>\n<p>&nbsp;<\/p>\n<p class=\"ds-markdown-paragraph\"><strong>Modo de uso:<\/strong><\/p>\n<ol start=\"1\">\n<li>\n<p class=\"ds-markdown-paragraph\">Limpia la zona.<\/p>\n<\/li>\n<li>\n<p class=\"ds-markdown-paragraph\">Inserta la c\u00e1psula suavemente en el ano (sin profundizar).<\/p>\n<\/li>\n<li>\n<p class=\"ds-markdown-paragraph\">Espera 1-2 minutos a que se disuelva y libere el efecto.<\/p>\n<\/li>\n<li>\n<p class=\"ds-markdown-paragraph\">\u00a1Disfruta de una lubricaci\u00f3n uniforme y profunda!<\/p>\n<\/li>\n<\/ol>\n<p class=\"ds-markdown-paragraph\"><strong>Presentaci\u00f3n:<\/strong>\u00a0Sobre individual con 1 c\u00e1psula.<\/p>\n<p class=\"ds-markdown-paragraph\"><strong>AnalGlide Pearls: La revoluci\u00f3n en lubricaci\u00f3n anal interna.<\/strong><\/p>\n<p>&nbsp;<\/p>\n<p class=\"ds-markdown-paragraph\"><strong>Ventajas:<\/strong><\/p>\n<ul>\n<li>\n<p class=\"ds-markdown-paragraph\"><img decoding=\"async\" class=\"emoji\" role=\"img\" draggable=\"false\" src=\"https:\/\/s.w.org\/images\/core\/emoji\/16.0.1\/svg\/2705.svg\" alt=\"\u2705\" \/>Efecto prolongado desde dentro.<\/p>\n<\/li>\n<li>\n<p class=\"ds-markdown-paragraph\"><img decoding=\"async\" class=\"emoji\" role=\"img\" draggable=\"false\" src=\"https:\/\/s.w.org\/images\/core\/emoji\/16.0.1\/svg\/2705.svg\" alt=\"\u2705\" \/>Reduce la fricci\u00f3n y molestias.<\/p>\n<\/li>\n<li>\n<p class=\"ds-markdown-paragraph\"><img decoding=\"async\" class=\"emoji\" role=\"img\" draggable=\"false\" src=\"https:\/\/s.w.org\/images\/core\/emoji\/16.0.1\/svg\/2705.svg\" alt=\"\u2705\" \/>F\u00f3rmula segura y de disoluci\u00f3n r\u00e1pida.<\/p>\n<\/li>\n<\/ul>\n<p>&nbsp;<\/p>\n<p><strong>Caracter\u00edsticas<\/strong>:<\/p>\n<ul class=\"lte-list\">\n<li>Color: Variado<\/li>\n<li>Tama\u00f1o:1 c\u00e1psula<\/li>\n<li>Funciones de modelo: C\u00e1psula Lubricante anal efecto: Calmante, Calor, Fr\u00edo<\/li>\n<li>Certificaci\u00f3n: CE<\/li>\n<li>Presentaci\u00f3n: Sobre con 1 c\u00e1psula<\/li>\n<\/ul>\n<\/div>\n<form class=\"variations_form cart wvs-loaded\" action=\"https:\/\/longlove.cl\/producto\/capsulas-anales-analglide-pearls-1ud\/\" enctype=\"multipart\/form-data\" method=\"post\" data-product_id=\"49581\" data-product_variations=\"[{&quot;attributes&quot;:{&quot;attribute_pa_tipo&quot;:&quot;calmante&quot;},&quot;availability_html&quot;:&quot;&lt;p class=\\&quot;stock in-stock\\&quot;&gt;&lt;span&gt;Disponibles: &lt;\\\/span&gt;Hay existencias&lt;\\\/p&gt;\\r\\n&quot;,&quot;backorders_allowed&quot;:false,&quot;dimensions&quot;:{&quot;length&quot;:&quot;&quot;,&quot;width&quot;:&quot;&quot;,&quot;height&quot;:&quot;&quot;},&quot;dimensions_html&quot;:&quot;N\\\/D&quot;,&quot;display_price&quot;:2990,&quot;display_regular_price&quot;:2990,&quot;image&quot;:{&quot;title&quot;:&quot;19.png&quot;,&quot;caption&quot;:&quot;&quot;,&quot;url&quot;:&quot;https:\\\/\\\/longlove.cl\\\/wp-content\\\/uploads\\\/2025\\\/09\\\/19.png&quot;,&quot;alt&quot;:&quot;19.png&quot;,&quot;src&quot;:&quot;https:\\\/\\\/longlove.cl\\\/wp-content\\\/uploads\\\/2025\\\/09\\\/19-580x580.png&quot;,&quot;srcset&quot;:false,&quot;sizes&quot;:&quot;(max-width: 580px) 100vw, 580px&quot;,&quot;full_src&quot;:&quot;https:\\\/\\\/longlove.cl\\\/wp-content\\\/uploads\\\/2025\\\/09\\\/19.png&quot;,&quot;full_src_w&quot;:1080,&quot;full_src_h&quot;:1080,&quot;gallery_thumbnail_src&quot;:&quot;https:\\\/\\\/longlove.cl\\\/wp-content\\\/uploads\\\/2025\\\/09\\\/19-100x100.png&quot;,&quot;gallery_thumbnail_src_w&quot;:100,&quot;gallery_thumbnail_src_h&quot;:100,&quot;thumb_src&quot;:&quot;https:\\\/\\\/longlove.cl\\\/wp-content\\\/uploads\\\/2025\\\/09\\\/19-234x234.png&quot;,&quot;thumb_src_w&quot;:234,&quot;thumb_src_h&quot;:234,&quot;src_w&quot;:580,&quot;src_h&quot;:580},&quot;image_id&quot;:49583,&quot;is_downloadable&quot;:false,&quot;is_in_stock&quot;:true,&quot;is_purchasable&quot;:true,&quot;is_sold_individually&quot;:&quot;no&quot;,&quot;is_virtual&quot;:false,&quot;max_qty&quot;:394,&quot;min_qty&quot;:1,&quot;price_html&quot;:&quot;&quot;,&quot;sku&quot;:&quot;Ben014&quot;,&quot;variation_description&quot;:&quot;&quot;,&quot;variation_id&quot;:49730,&quot;variation_is_active&quot;:true,&quot;variation_is_visible&quot;:true,&quot;weight&quot;:&quot;&quot;,&quot;weight_html&quot;:&quot;N\\\/D&quot;},{&quot;attributes&quot;:{&quot;attribute_pa_tipo&quot;:&quot;calor&quot;},&quot;availability_html&quot;:&quot;&lt;p class=\\&quot;stock in-stock\\&quot;&gt;&lt;span&gt;Disponibles: &lt;\\\/span&gt;Hay existencias&lt;\\\/p&gt;\\r\\n&quot;,&quot;backorders_allowed&quot;:false,&quot;dimensions&quot;:{&quot;length&quot;:&quot;&quot;,&quot;width&quot;:&quot;&quot;,&quot;height&quot;:&quot;&quot;},&quot;dimensions_html&quot;:&quot;N\\\/D&quot;,&quot;display_price&quot;:2990,&quot;display_regular_price&quot;:2990,&quot;image&quot;:{&quot;title&quot;:&quot;20.png&quot;,&quot;caption&quot;:&quot;&quot;,&quot;url&quot;:&quot;https:\\\/\\\/longlove.cl\\\/wp-content\\\/uploads\\\/2025\\\/09\\\/20.png&quot;,&quot;alt&quot;:&quot;20.png&quot;,&quot;src&quot;:&quot;https:\\\/\\\/longlove.cl\\\/wp-content\\\/uploads\\\/2025\\\/09\\\/20-580x580.png&quot;,&quot;srcset&quot;:false,&quot;sizes&quot;:&quot;(max-width: 580px) 100vw, 580px&quot;,&quot;full_src&quot;:&quot;https:\\\/\\\/longlove.cl\\\/wp-content\\\/uploads\\\/2025\\\/09\\\/20.png&quot;,&quot;full_src_w&quot;:1080,&quot;full_src_h&quot;:1080,&quot;gallery_thumbnail_src&quot;:&quot;https:\\\/\\\/longlove.cl\\\/wp-content\\\/uploads\\\/2025\\\/09\\\/20-100x100.png&quot;,&quot;gallery_thumbnail_src_w&quot;:100,&quot;gallery_thumbnail_src_h&quot;:100,&quot;thumb_src&quot;:&quot;https:\\\/\\\/longlove.cl\\\/wp-content\\\/uploads\\\/2025\\\/09\\\/20-234x234.png&quot;,&quot;thumb_src_w&quot;:234,&quot;thumb_src_h&quot;:234,&quot;src_w&quot;:580,&quot;src_h&quot;:580},&quot;image_id&quot;:49585,&quot;is_downloadable&quot;:false,&quot;is_in_stock&quot;:true,&quot;is_purchasable&quot;:true,&quot;is_sold_individually&quot;:&quot;no&quot;,&quot;is_virtual&quot;:false,&quot;max_qty&quot;:394,&quot;min_qty&quot;:1,&quot;price_html&quot;:&quot;&quot;,&quot;sku&quot;:&quot;Ben014&quot;,&quot;variation_description&quot;:&quot;&quot;,&quot;variation_id&quot;:49731,&quot;variation_is_active&quot;:true,&quot;variation_is_visible&quot;:true,&quot;weight&quot;:&quot;&quot;,&quot;weight_html&quot;:&quot;N\\\/D&quot;},{&quot;attributes&quot;:{&quot;attribute_pa_tipo&quot;:&quot;frio&quot;},&quot;availability_html&quot;:&quot;&lt;p class=\\&quot;stock in-stock\\&quot;&gt;&lt;span&gt;Disponibles: &lt;\\\/span&gt;Hay existencias&lt;\\\/p&gt;\\r\\n&quot;,&quot;backorders_allowed&quot;:false,&quot;dimensions&quot;:{&quot;length&quot;:&quot;&quot;,&quot;width&quot;:&quot;&quot;,&quot;height&quot;:&quot;&quot;},&quot;dimensions_html&quot;:&quot;N\\\/D&quot;,&quot;display_price&quot;:2990,&quot;display_regular_price&quot;:2990,&quot;image&quot;:{&quot;title&quot;:&quot;21.png&quot;,&quot;caption&quot;:&quot;&quot;,&quot;url&quot;:&quot;https:\\\/\\\/longlove.cl\\\/wp-content\\\/uploads\\\/2025\\\/09\\\/21.png&quot;,&quot;alt&quot;:&quot;21.png&quot;,&quot;src&quot;:&quot;https:\\\/\\\/longlove.cl\\\/wp-content\\\/uploads\\\/2025\\\/09\\\/21-580x580.png&quot;,&quot;srcset&quot;:false,&quot;sizes&quot;:&quot;(max-width: 580px) 100vw, 580px&quot;,&quot;full_src&quot;:&quot;https:\\\/\\\/longlove.cl\\\/wp-content\\\/uploads\\\/2025\\\/09\\\/21.png&quot;,&quot;full_src_w&quot;:1080,&quot;full_src_h&quot;:1080,&quot;gallery_thumbnail_src&quot;:&quot;https:\\\/\\\/longlove.cl\\\/wp-content\\\/uploads\\\/2025\\\/09\\\/21-100x100.png&quot;,&quot;gallery_thumbnail_src_w&quot;:100,&quot;gallery_thumbnail_src_h&quot;:100,&quot;thumb_src&quot;:&quot;https:\\\/\\\/longlove.cl\\\/wp-content\\\/uploads\\\/2025\\\/09\\\/21-234x234.png&quot;,&quot;thumb_src_w&quot;:234,&quot;thumb_src_h&quot;:234,&quot;src_w&quot;:580,&quot;src_h&quot;:580},&quot;image_id&quot;:49584,&quot;is_downloadable&quot;:false,&quot;is_in_stock&quot;:true,&quot;is_purchasable&quot;:true,&quot;is_sold_individually&quot;:&quot;no&quot;,&quot;is_virtual&quot;:false,&quot;max_qty&quot;:399,&quot;min_qty&quot;:1,&quot;price_html&quot;:&quot;&quot;,&quot;sku&quot;:&quot;Ben014&quot;,&quot;variation_description&quot;:&quot;&quot;,&quot;variation_id&quot;:49732,&quot;variation_is_active&quot;:true,&quot;variation_is_visible&quot;:true,&quot;weight&quot;:&quot;&quot;,&quot;weight_html&quot;:&quot;N\\\/D&quot;}]\">\n<div data-product_id=\"49581\" data-threshold_min=\"30\" data-threshold_max=\"100\" data-total=\"3\"><\/div>\n<\/form>\n","protected":false},"excerpt":{"rendered":"<ul>\n<li>\n<p class=\"ds-markdown-paragraph\"><img decoding=\"async\" class=\"emoji\" role=\"img\" draggable=\"false\" src=\"https:\/\/s.w.org\/images\/core\/emoji\/16.0.1\/svg\/2705.svg\" alt=\"\u2705\" \/>Efecto prolongado desde dentro.<\/p>\n<\/li>\n<li>\n<p class=\"ds-markdown-paragraph\"><img decoding=\"async\" class=\"emoji\" role=\"img\" draggable=\"false\" src=\"https:\/\/s.w.org\/images\/core\/emoji\/16.0.1\/svg\/2705.svg\" alt=\"\u2705\" \/>Reduce la fricci\u00f3n y molestias.<\/p>\n<\/li>\n<li>\n<p class=\"ds-markdown-paragraph\"><img decoding=\"async\" class=\"emoji\" role=\"img\" draggable=\"false\" src=\"https:\/\/s.w.org\/images\/core\/emoji\/16.0.1\/svg\/2705.svg\" alt=\"\u2705\" \/>F\u00f3rmula segura y de disoluci\u00f3n r\u00e1pida.<\/p>\n<\/li>\n<\/ul>\n<p>&nbsp;<\/p>\n","protected":false},"featured_media":296,"comment_status":"open","ping_status":"closed","template":"","meta":[],"product_brand":[],"product_cat":[21],"product_tag":[],"class_list":{"0":"post-295","1":"product","2":"type-product","3":"status-publish","4":"has-post-thumbnail","6":"product_cat-cosmetica","8":"first","9":"instock","10":"shipping-taxable","11":"purchasable","12":"product-type-simple"},"yoast_head":"<!-- This site is optimized with the Yoast SEO plugin v26.8 - https:\/\/yoast.com\/product\/yoast-seo-wordpress\/ -->\n<title>Capsulas anales AnalGlide - Quarto Rojo<\/title>\n<meta name=\"robots\" content=\"index, follow, max-snippet:-1, max-image-preview:large, max-video-preview:-1\" \/>\n<link rel=\"canonical\" href=\"https:\/\/quartorojo.cl\/index.php\/producto\/capsulas-anales-analglide\/\" \/>\n<meta property=\"og:locale\" content=\"es_ES\" \/>\n<meta property=\"og:type\" content=\"article\" \/>\n<meta property=\"og:title\" content=\"Capsulas anales AnalGlide - Quarto Rojo\" \/>\n<meta property=\"og:description\" content=\"Efecto prolongado desde dentro.    Reduce la fricci\u00f3n y molestias.    F\u00f3rmula segura y de disoluci\u00f3n r\u00e1pida.   &nbsp;\" \/>\n<meta property=\"og:url\" content=\"https:\/\/quartorojo.cl\/index.php\/producto\/capsulas-anales-analglide\/\" \/>\n<meta property=\"og:site_name\" content=\"Quarto Rojo\" \/>\n<meta property=\"article:modified_time\" content=\"2026-01-23T19:21:56+00:00\" \/>\n<meta property=\"og:image\" content=\"https:\/\/quartorojo.cl\/wp-content\/uploads\/2025\/11\/1-28.jpg\" \/>\n\t<meta property=\"og:image:width\" content=\"798\" \/>\n\t<meta property=\"og:image:height\" content=\"671\" \/>\n\t<meta property=\"og:image:type\" content=\"image\/jpeg\" \/>\n<meta name=\"twitter:card\" content=\"summary_large_image\" \/>\n<meta name=\"twitter:label1\" content=\"Tiempo de lectura\" \/>\n\t<meta name=\"twitter:data1\" content=\"2 minutos\" \/>\n<script type=\"application\/ld+json\" class=\"yoast-schema-graph\">{\"@context\":\"https:\/\/schema.org\",\"@graph\":[{\"@type\":\"WebPage\",\"@id\":\"https:\/\/quartorojo.cl\/index.php\/producto\/capsulas-anales-analglide\/\",\"url\":\"https:\/\/quartorojo.cl\/index.php\/producto\/capsulas-anales-analglide\/\",\"name\":\"Capsulas anales AnalGlide - Quarto Rojo\",\"isPartOf\":{\"@id\":\"https:\/\/quartorojo.cl\/#website\"},\"primaryImageOfPage\":{\"@id\":\"https:\/\/quartorojo.cl\/index.php\/producto\/capsulas-anales-analglide\/#primaryimage\"},\"image\":{\"@id\":\"https:\/\/quartorojo.cl\/index.php\/producto\/capsulas-anales-analglide\/#primaryimage\"},\"thumbnailUrl\":\"https:\/\/quartorojo.cl\/wp-content\/uploads\/2025\/11\/1-28.jpg\",\"datePublished\":\"2025-11-07T19:30:25+00:00\",\"dateModified\":\"2026-01-23T19:21:56+00:00\",\"breadcrumb\":{\"@id\":\"https:\/\/quartorojo.cl\/index.php\/producto\/capsulas-anales-analglide\/#breadcrumb\"},\"inLanguage\":\"es\",\"potentialAction\":[{\"@type\":\"ReadAction\",\"target\":[\"https:\/\/quartorojo.cl\/index.php\/producto\/capsulas-anales-analglide\/\"]}]},{\"@type\":\"ImageObject\",\"inLanguage\":\"es\",\"@id\":\"https:\/\/quartorojo.cl\/index.php\/producto\/capsulas-anales-analglide\/#primaryimage\",\"url\":\"https:\/\/quartorojo.cl\/wp-content\/uploads\/2025\/11\/1-28.jpg\",\"contentUrl\":\"https:\/\/quartorojo.cl\/wp-content\/uploads\/2025\/11\/1-28.jpg\",\"width\":798,\"height\":671},{\"@type\":\"BreadcrumbList\",\"@id\":\"https:\/\/quartorojo.cl\/index.php\/producto\/capsulas-anales-analglide\/#breadcrumb\",\"itemListElement\":[{\"@type\":\"ListItem\",\"position\":1,\"name\":\"Portada\",\"item\":\"https:\/\/quartorojo.cl\/\"},{\"@type\":\"ListItem\",\"position\":2,\"name\":\"Tienda\",\"item\":\"https:\/\/quartorojo.cl\/index.php\/tienda\/\"},{\"@type\":\"ListItem\",\"position\":3,\"name\":\"Capsulas anales AnalGlide\"}]},{\"@type\":\"WebSite\",\"@id\":\"https:\/\/quartorojo.cl\/#website\",\"url\":\"https:\/\/quartorojo.cl\/\",\"name\":\"Quartorojo.cl\",\"description\":\"Juguetes \u00cdntimos\",\"publisher\":{\"@id\":\"https:\/\/quartorojo.cl\/#organization\"},\"potentialAction\":[{\"@type\":\"SearchAction\",\"target\":{\"@type\":\"EntryPoint\",\"urlTemplate\":\"https:\/\/quartorojo.cl\/?s={search_term_string}\"},\"query-input\":{\"@type\":\"PropertyValueSpecification\",\"valueRequired\":true,\"valueName\":\"search_term_string\"}}],\"inLanguage\":\"es\"},{\"@type\":\"Organization\",\"@id\":\"https:\/\/quartorojo.cl\/#organization\",\"name\":\"Quarto Rojo\",\"url\":\"https:\/\/quartorojo.cl\/\",\"logo\":{\"@type\":\"ImageObject\",\"inLanguage\":\"es\",\"@id\":\"https:\/\/quartorojo.cl\/#\/schema\/logo\/image\/\",\"url\":\"https:\/\/quartorojo.cl\/wp-content\/uploads\/2025\/10\/LOGOQUARTOROJO2023TRAZADO-scaled.png\",\"contentUrl\":\"https:\/\/quartorojo.cl\/wp-content\/uploads\/2025\/10\/LOGOQUARTOROJO2023TRAZADO-scaled.png\",\"width\":2560,\"height\":2193,\"caption\":\"Quarto Rojo\"},\"image\":{\"@id\":\"https:\/\/quartorojo.cl\/#\/schema\/logo\/image\/\"}}]}<\/script>\n<!-- \/ Yoast SEO plugin. -->","yoast_head_json":{"title":"Capsulas anales AnalGlide - Quarto Rojo","robots":{"index":"index","follow":"follow","max-snippet":"max-snippet:-1","max-image-preview":"max-image-preview:large","max-video-preview":"max-video-preview:-1"},"canonical":"https:\/\/quartorojo.cl\/index.php\/producto\/capsulas-anales-analglide\/","og_locale":"es_ES","og_type":"article","og_title":"Capsulas anales AnalGlide - Quarto Rojo","og_description":"Efecto prolongado desde dentro.    Reduce la fricci\u00f3n y molestias.    F\u00f3rmula segura y de disoluci\u00f3n r\u00e1pida.   &nbsp;","og_url":"https:\/\/quartorojo.cl\/index.php\/producto\/capsulas-anales-analglide\/","og_site_name":"Quarto Rojo","article_modified_time":"2026-01-23T19:21:56+00:00","og_image":[{"width":798,"height":671,"url":"https:\/\/quartorojo.cl\/wp-content\/uploads\/2025\/11\/1-28.jpg","type":"image\/jpeg"}],"twitter_card":"summary_large_image","twitter_misc":{"Tiempo de lectura":"2 minutos"},"schema":{"@context":"https:\/\/schema.org","@graph":[{"@type":"WebPage","@id":"https:\/\/quartorojo.cl\/index.php\/producto\/capsulas-anales-analglide\/","url":"https:\/\/quartorojo.cl\/index.php\/producto\/capsulas-anales-analglide\/","name":"Capsulas anales AnalGlide - Quarto Rojo","isPartOf":{"@id":"https:\/\/quartorojo.cl\/#website"},"primaryImageOfPage":{"@id":"https:\/\/quartorojo.cl\/index.php\/producto\/capsulas-anales-analglide\/#primaryimage"},"image":{"@id":"https:\/\/quartorojo.cl\/index.php\/producto\/capsulas-anales-analglide\/#primaryimage"},"thumbnailUrl":"https:\/\/quartorojo.cl\/wp-content\/uploads\/2025\/11\/1-28.jpg","datePublished":"2025-11-07T19:30:25+00:00","dateModified":"2026-01-23T19:21:56+00:00","breadcrumb":{"@id":"https:\/\/quartorojo.cl\/index.php\/producto\/capsulas-anales-analglide\/#breadcrumb"},"inLanguage":"es","potentialAction":[{"@type":"ReadAction","target":["https:\/\/quartorojo.cl\/index.php\/producto\/capsulas-anales-analglide\/"]}]},{"@type":"ImageObject","inLanguage":"es","@id":"https:\/\/quartorojo.cl\/index.php\/producto\/capsulas-anales-analglide\/#primaryimage","url":"https:\/\/quartorojo.cl\/wp-content\/uploads\/2025\/11\/1-28.jpg","contentUrl":"https:\/\/quartorojo.cl\/wp-content\/uploads\/2025\/11\/1-28.jpg","width":798,"height":671},{"@type":"BreadcrumbList","@id":"https:\/\/quartorojo.cl\/index.php\/producto\/capsulas-anales-analglide\/#breadcrumb","itemListElement":[{"@type":"ListItem","position":1,"name":"Portada","item":"https:\/\/quartorojo.cl\/"},{"@type":"ListItem","position":2,"name":"Tienda","item":"https:\/\/quartorojo.cl\/index.php\/tienda\/"},{"@type":"ListItem","position":3,"name":"Capsulas anales AnalGlide"}]},{"@type":"WebSite","@id":"https:\/\/quartorojo.cl\/#website","url":"https:\/\/quartorojo.cl\/","name":"Quartorojo.cl","description":"Juguetes \u00cdntimos","publisher":{"@id":"https:\/\/quartorojo.cl\/#organization"},"potentialAction":[{"@type":"SearchAction","target":{"@type":"EntryPoint","urlTemplate":"https:\/\/quartorojo.cl\/?s={search_term_string}"},"query-input":{"@type":"PropertyValueSpecification","valueRequired":true,"valueName":"search_term_string"}}],"inLanguage":"es"},{"@type":"Organization","@id":"https:\/\/quartorojo.cl\/#organization","name":"Quarto Rojo","url":"https:\/\/quartorojo.cl\/","logo":{"@type":"ImageObject","inLanguage":"es","@id":"https:\/\/quartorojo.cl\/#\/schema\/logo\/image\/","url":"https:\/\/quartorojo.cl\/wp-content\/uploads\/2025\/10\/LOGOQUARTOROJO2023TRAZADO-scaled.png","contentUrl":"https:\/\/quartorojo.cl\/wp-content\/uploads\/2025\/10\/LOGOQUARTOROJO2023TRAZADO-scaled.png","width":2560,"height":2193,"caption":"Quarto Rojo"},"image":{"@id":"https:\/\/quartorojo.cl\/#\/schema\/logo\/image\/"}}]}},"_links":{"self":[{"href":"https:\/\/quartorojo.cl\/index.php\/wp-json\/wp\/v2\/product\/295","targetHints":{"allow":["GET"]}}],"collection":[{"href":"https:\/\/quartorojo.cl\/index.php\/wp-json\/wp\/v2\/product"}],"about":[{"href":"https:\/\/quartorojo.cl\/index.php\/wp-json\/wp\/v2\/types\/product"}],"replies":[{"embeddable":true,"href":"https:\/\/quartorojo.cl\/index.php\/wp-json\/wp\/v2\/comments?post=295"}],"wp:featuredmedia":[{"embeddable":true,"href":"https:\/\/quartorojo.cl\/index.php\/wp-json\/wp\/v2\/media\/296"}],"wp:attachment":[{"href":"https:\/\/quartorojo.cl\/index.php\/wp-json\/wp\/v2\/media?parent=295"}],"wp:term":[{"taxonomy":"product_brand","embeddable":true,"href":"https:\/\/quartorojo.cl\/index.php\/wp-json\/wp\/v2\/product_brand?post=295"},{"taxonomy":"product_cat","embeddable":true,"href":"https:\/\/quartorojo.cl\/index.php\/wp-json\/wp\/v2\/product_cat?post=295"},{"taxonomy":"product_tag","embeddable":true,"href":"https:\/\/quartorojo.cl\/index.php\/wp-json\/wp\/v2\/product_tag?post=295"}],"curies":[{"name":"wp","href":"https:\/\/api.w.org\/{rel}","templated":true}]}}