{"id":283,"date":"2025-11-07T19:13:27","date_gmt":"2025-11-07T19:13:27","guid":{"rendered":"https:\/\/quartorojo.cl\/?post_type=product&#038;p=283"},"modified":"2025-11-07T19:13:28","modified_gmt":"2025-11-07T19:13:28","slug":"gel-adormecedor-anal-lovcae","status":"publish","type":"product","link":"https:\/\/quartorojo.cl\/index.php\/producto\/gel-adormecedor-anal-lovcae\/","title":{"rendered":"Gel adormecedor anal  Lovcae"},"content":{"rendered":"<p class=\"ds-markdown-paragraph\"><strong>Jeringas de Gel Adormecedor Anal<\/strong><\/p>\n<p><strong>Dise\u00f1ado para un sexo anal sin dolor y m\u00e1s placentero.<\/strong><\/p>\n<p class=\"ds-markdown-paragraph\"><strong>\u00bfMolestias durante el sexo anal?<\/strong>\u00a0Olv\u00eddate de ellas.\u00a0<strong>Lovcae Relieve<\/strong>\u00a0es un gel adormecedor en pr\u00e1cticos aplicadores desechables que te ayuda a reducir las molestias iniciales y a disfrutar de una experiencia anal suave y placentera.<\/p>\n<p class=\"ds-markdown-paragraph\"><strong>F\u00e1cil de usar:<\/strong><\/p>\n<ol class=\"lte-list\" start=\"1\">\n<li>\n<p class=\"ds-markdown-paragraph\">Saca la tapa protectora de la jeringa.<\/p>\n<\/li>\n<li>\n<p class=\"ds-markdown-paragraph\">Inserta suavemente la punta en el ano.<\/p>\n<\/li>\n<li>\n<p class=\"ds-markdown-paragraph\">Presiona el \u00e9mbolo lentamente para liberar el gel en el interior.<\/p>\n<\/li>\n<li>\n<p class=\"ds-markdown-paragraph\">Tambi\u00e9n puedes aplicar el gel superficialmente con los dedos para un masaje relajante previo.<\/p>\n<\/li>\n<\/ol>\n<p>&nbsp;<\/p>\n<p class=\"ds-markdown-paragraph\"><strong>Beneficios clave:<\/strong><\/p>\n<ul class=\"lte-list\">\n<li>\n<p class=\"ds-markdown-paragraph\"><strong><img decoding=\"async\" class=\"emoji\" role=\"img\" draggable=\"false\" src=\"https:\/\/s.w.org\/images\/core\/emoji\/16.0.1\/svg\/2705.svg\" alt=\"\u2705\" \/>Efecto adormecedor suave:<\/strong>\u00a0Reduce las molestias para una penetraci\u00f3n m\u00e1s c\u00f3moda.<\/p>\n<\/li>\n<li>\n<p class=\"ds-markdown-paragraph\"><strong><img decoding=\"async\" class=\"emoji\" role=\"img\" draggable=\"false\" src=\"https:\/\/s.w.org\/images\/core\/emoji\/16.0.1\/svg\/2705.svg\" alt=\"\u2705\" \/>Aplicaci\u00f3n est\u00e9ril:<\/strong>\u00a0M\u00e1xima higiene y dosificaci\u00f3n perfecta para cada uso.<\/p>\n<\/li>\n<li>\n<p class=\"ds-markdown-paragraph\"><strong><img decoding=\"async\" class=\"emoji\" role=\"img\" draggable=\"false\" src=\"https:\/\/s.w.org\/images\/core\/emoji\/16.0.1\/svg\/2705.svg\" alt=\"\u2705\" \/>F\u00f3rmula lubricante:<\/strong>\u00a0No solo adormece, tambi\u00e9n lubrica para un deslizamiento f\u00e1cil.<\/p>\n<\/li>\n<li>\n<p class=\"ds-markdown-paragraph\"><strong><img decoding=\"async\" class=\"emoji\" role=\"img\" draggable=\"false\" src=\"https:\/\/s.w.org\/images\/core\/emoji\/16.0.1\/svg\/2705.svg\" alt=\"\u2705\" \/>Efecto r\u00e1pido:<\/strong>\u00a0Act\u00faa en minutos, relajando la zona para dar la bienvenida al placer.<\/p>\n<\/li>\n<\/ul>\n<p class=\"ds-markdown-paragraph\"><strong>Precauci\u00f3n:<\/strong>\u00a0Producto de uso externo y anal. No ingerir. Usar solo seg\u00fan las indicaciones. Si experimentas irritaci\u00f3n, suspende su uso inmediatamente.<\/p>\n<p>&nbsp;<\/p>\n<p><strong>Caracter\u00edsticas<\/strong>:<\/p>\n<ul class=\"lte-list\">\n<li>Color: Transparente<\/li>\n<li>Tama\u00f1o: 5ml<\/li>\n<li>Funciones de modelo: Gel adormecedor anal<\/li>\n<li>Certificaci\u00f3n: CE<\/li>\n<li>Presentaci\u00f3n: Caja de 1 Jeringa de 5ml<\/li>\n<\/ul>\n","protected":false},"excerpt":{"rendered":"<ul class=\"lte-list\">\n<li>\n<p class=\"ds-markdown-paragraph\"><strong><img decoding=\"async\" class=\"emoji\" role=\"img\" draggable=\"false\" src=\"https:\/\/s.w.org\/images\/core\/emoji\/16.0.1\/svg\/2705.svg\" alt=\"\u2705\" \/>Efecto adormecedor suave:<\/strong>\u00a0Reduce las molestias para una penetraci\u00f3n m\u00e1s c\u00f3moda.<\/p>\n<\/li>\n<li>\n<p class=\"ds-markdown-paragraph\"><strong><img decoding=\"async\" class=\"emoji\" role=\"img\" draggable=\"false\" src=\"https:\/\/s.w.org\/images\/core\/emoji\/16.0.1\/svg\/2705.svg\" alt=\"\u2705\" \/>Aplicaci\u00f3n est\u00e9ril:<\/strong>\u00a0M\u00e1xima higiene y dosificaci\u00f3n perfecta para cada uso.<\/p>\n<\/li>\n<li>\n<p class=\"ds-markdown-paragraph\"><strong><img decoding=\"async\" class=\"emoji\" role=\"img\" draggable=\"false\" src=\"https:\/\/s.w.org\/images\/core\/emoji\/16.0.1\/svg\/2705.svg\" alt=\"\u2705\" \/>F\u00f3rmula lubricante:<\/strong>\u00a0No solo adormece, tambi\u00e9n lubrica para un deslizamiento f\u00e1cil.<\/p>\n<\/li>\n<li>\n<p class=\"ds-markdown-paragraph\"><strong><img decoding=\"async\" class=\"emoji\" role=\"img\" draggable=\"false\" src=\"https:\/\/s.w.org\/images\/core\/emoji\/16.0.1\/svg\/2705.svg\" alt=\"\u2705\" \/>Efecto r\u00e1pido:<\/strong>\u00a0Act\u00faa en minutos, relajando la zona para dar la bienvenida al placer.<\/p>\n<\/li>\n<\/ul>\n","protected":false},"featured_media":284,"comment_status":"open","ping_status":"closed","template":"","meta":[],"product_brand":[],"product_cat":[21],"product_tag":[],"class_list":{"0":"post-283","1":"product","2":"type-product","3":"status-publish","4":"has-post-thumbnail","6":"product_cat-cosmetica","8":"first","9":"instock","10":"shipping-taxable","11":"purchasable","12":"product-type-simple"},"yoast_head":"<!-- This site is optimized with the Yoast SEO plugin v26.8 - https:\/\/yoast.com\/product\/yoast-seo-wordpress\/ -->\n<title>Gel adormecedor anal Lovcae - Quarto Rojo<\/title>\n<meta name=\"robots\" content=\"index, follow, max-snippet:-1, max-image-preview:large, max-video-preview:-1\" \/>\n<link rel=\"canonical\" href=\"https:\/\/quartorojo.cl\/index.php\/producto\/gel-adormecedor-anal-lovcae\/\" \/>\n<meta property=\"og:locale\" content=\"es_ES\" \/>\n<meta property=\"og:type\" content=\"article\" \/>\n<meta property=\"og:title\" content=\"Gel adormecedor anal Lovcae - Quarto Rojo\" \/>\n<meta property=\"og:description\" content=\"Efecto adormecedor suave:\u00a0Reduce las molestias para una penetraci\u00f3n m\u00e1s c\u00f3moda.    Aplicaci\u00f3n est\u00e9ril:\u00a0M\u00e1xima higiene y dosificaci\u00f3n perfecta para cada uso.    F\u00f3rmula lubricante:\u00a0No solo adormece, tambi\u00e9n lubrica para un deslizamiento f\u00e1cil.    Efecto r\u00e1pido:\u00a0Act\u00faa en minutos, relajando la zona para dar la bienvenida al placer.\" \/>\n<meta property=\"og:url\" content=\"https:\/\/quartorojo.cl\/index.php\/producto\/gel-adormecedor-anal-lovcae\/\" \/>\n<meta property=\"og:site_name\" content=\"Quarto Rojo\" \/>\n<meta property=\"article:modified_time\" content=\"2025-11-07T19:13:28+00:00\" \/>\n<meta property=\"og:image\" content=\"https:\/\/quartorojo.cl\/wp-content\/uploads\/2025\/11\/21.jpg\" \/>\n\t<meta property=\"og:image:width\" content=\"743\" \/>\n\t<meta property=\"og:image:height\" content=\"446\" \/>\n\t<meta property=\"og:image:type\" content=\"image\/jpeg\" \/>\n<meta name=\"twitter:card\" content=\"summary_large_image\" \/>\n<meta name=\"twitter:label1\" content=\"Tiempo de lectura\" \/>\n\t<meta name=\"twitter:data1\" content=\"2 minutos\" \/>\n<script type=\"application\/ld+json\" class=\"yoast-schema-graph\">{\"@context\":\"https:\/\/schema.org\",\"@graph\":[{\"@type\":\"WebPage\",\"@id\":\"https:\/\/quartorojo.cl\/index.php\/producto\/gel-adormecedor-anal-lovcae\/\",\"url\":\"https:\/\/quartorojo.cl\/index.php\/producto\/gel-adormecedor-anal-lovcae\/\",\"name\":\"Gel adormecedor anal Lovcae - Quarto Rojo\",\"isPartOf\":{\"@id\":\"https:\/\/quartorojo.cl\/#website\"},\"primaryImageOfPage\":{\"@id\":\"https:\/\/quartorojo.cl\/index.php\/producto\/gel-adormecedor-anal-lovcae\/#primaryimage\"},\"image\":{\"@id\":\"https:\/\/quartorojo.cl\/index.php\/producto\/gel-adormecedor-anal-lovcae\/#primaryimage\"},\"thumbnailUrl\":\"https:\/\/quartorojo.cl\/wp-content\/uploads\/2025\/11\/21.jpg\",\"datePublished\":\"2025-11-07T19:13:27+00:00\",\"dateModified\":\"2025-11-07T19:13:28+00:00\",\"breadcrumb\":{\"@id\":\"https:\/\/quartorojo.cl\/index.php\/producto\/gel-adormecedor-anal-lovcae\/#breadcrumb\"},\"inLanguage\":\"es\",\"potentialAction\":[{\"@type\":\"ReadAction\",\"target\":[\"https:\/\/quartorojo.cl\/index.php\/producto\/gel-adormecedor-anal-lovcae\/\"]}]},{\"@type\":\"ImageObject\",\"inLanguage\":\"es\",\"@id\":\"https:\/\/quartorojo.cl\/index.php\/producto\/gel-adormecedor-anal-lovcae\/#primaryimage\",\"url\":\"https:\/\/quartorojo.cl\/wp-content\/uploads\/2025\/11\/21.jpg\",\"contentUrl\":\"https:\/\/quartorojo.cl\/wp-content\/uploads\/2025\/11\/21.jpg\",\"width\":743,\"height\":446},{\"@type\":\"BreadcrumbList\",\"@id\":\"https:\/\/quartorojo.cl\/index.php\/producto\/gel-adormecedor-anal-lovcae\/#breadcrumb\",\"itemListElement\":[{\"@type\":\"ListItem\",\"position\":1,\"name\":\"Portada\",\"item\":\"https:\/\/quartorojo.cl\/\"},{\"@type\":\"ListItem\",\"position\":2,\"name\":\"Tienda\",\"item\":\"https:\/\/quartorojo.cl\/index.php\/tienda\/\"},{\"@type\":\"ListItem\",\"position\":3,\"name\":\"Gel adormecedor anal Lovcae\"}]},{\"@type\":\"WebSite\",\"@id\":\"https:\/\/quartorojo.cl\/#website\",\"url\":\"https:\/\/quartorojo.cl\/\",\"name\":\"Quartorojo.cl\",\"description\":\"Juguetes \u00cdntimos\",\"publisher\":{\"@id\":\"https:\/\/quartorojo.cl\/#organization\"},\"potentialAction\":[{\"@type\":\"SearchAction\",\"target\":{\"@type\":\"EntryPoint\",\"urlTemplate\":\"https:\/\/quartorojo.cl\/?s={search_term_string}\"},\"query-input\":{\"@type\":\"PropertyValueSpecification\",\"valueRequired\":true,\"valueName\":\"search_term_string\"}}],\"inLanguage\":\"es\"},{\"@type\":\"Organization\",\"@id\":\"https:\/\/quartorojo.cl\/#organization\",\"name\":\"Quarto Rojo\",\"url\":\"https:\/\/quartorojo.cl\/\",\"logo\":{\"@type\":\"ImageObject\",\"inLanguage\":\"es\",\"@id\":\"https:\/\/quartorojo.cl\/#\/schema\/logo\/image\/\",\"url\":\"https:\/\/quartorojo.cl\/wp-content\/uploads\/2025\/10\/LOGOQUARTOROJO2023TRAZADO-scaled.png\",\"contentUrl\":\"https:\/\/quartorojo.cl\/wp-content\/uploads\/2025\/10\/LOGOQUARTOROJO2023TRAZADO-scaled.png\",\"width\":2560,\"height\":2193,\"caption\":\"Quarto Rojo\"},\"image\":{\"@id\":\"https:\/\/quartorojo.cl\/#\/schema\/logo\/image\/\"}}]}<\/script>\n<!-- \/ Yoast SEO plugin. -->","yoast_head_json":{"title":"Gel adormecedor anal Lovcae - Quarto Rojo","robots":{"index":"index","follow":"follow","max-snippet":"max-snippet:-1","max-image-preview":"max-image-preview:large","max-video-preview":"max-video-preview:-1"},"canonical":"https:\/\/quartorojo.cl\/index.php\/producto\/gel-adormecedor-anal-lovcae\/","og_locale":"es_ES","og_type":"article","og_title":"Gel adormecedor anal Lovcae - Quarto Rojo","og_description":"Efecto adormecedor suave:\u00a0Reduce las molestias para una penetraci\u00f3n m\u00e1s c\u00f3moda.    Aplicaci\u00f3n est\u00e9ril:\u00a0M\u00e1xima higiene y dosificaci\u00f3n perfecta para cada uso.    F\u00f3rmula lubricante:\u00a0No solo adormece, tambi\u00e9n lubrica para un deslizamiento f\u00e1cil.    Efecto r\u00e1pido:\u00a0Act\u00faa en minutos, relajando la zona para dar la bienvenida al placer.","og_url":"https:\/\/quartorojo.cl\/index.php\/producto\/gel-adormecedor-anal-lovcae\/","og_site_name":"Quarto Rojo","article_modified_time":"2025-11-07T19:13:28+00:00","og_image":[{"width":743,"height":446,"url":"https:\/\/quartorojo.cl\/wp-content\/uploads\/2025\/11\/21.jpg","type":"image\/jpeg"}],"twitter_card":"summary_large_image","twitter_misc":{"Tiempo de lectura":"2 minutos"},"schema":{"@context":"https:\/\/schema.org","@graph":[{"@type":"WebPage","@id":"https:\/\/quartorojo.cl\/index.php\/producto\/gel-adormecedor-anal-lovcae\/","url":"https:\/\/quartorojo.cl\/index.php\/producto\/gel-adormecedor-anal-lovcae\/","name":"Gel adormecedor anal Lovcae - Quarto Rojo","isPartOf":{"@id":"https:\/\/quartorojo.cl\/#website"},"primaryImageOfPage":{"@id":"https:\/\/quartorojo.cl\/index.php\/producto\/gel-adormecedor-anal-lovcae\/#primaryimage"},"image":{"@id":"https:\/\/quartorojo.cl\/index.php\/producto\/gel-adormecedor-anal-lovcae\/#primaryimage"},"thumbnailUrl":"https:\/\/quartorojo.cl\/wp-content\/uploads\/2025\/11\/21.jpg","datePublished":"2025-11-07T19:13:27+00:00","dateModified":"2025-11-07T19:13:28+00:00","breadcrumb":{"@id":"https:\/\/quartorojo.cl\/index.php\/producto\/gel-adormecedor-anal-lovcae\/#breadcrumb"},"inLanguage":"es","potentialAction":[{"@type":"ReadAction","target":["https:\/\/quartorojo.cl\/index.php\/producto\/gel-adormecedor-anal-lovcae\/"]}]},{"@type":"ImageObject","inLanguage":"es","@id":"https:\/\/quartorojo.cl\/index.php\/producto\/gel-adormecedor-anal-lovcae\/#primaryimage","url":"https:\/\/quartorojo.cl\/wp-content\/uploads\/2025\/11\/21.jpg","contentUrl":"https:\/\/quartorojo.cl\/wp-content\/uploads\/2025\/11\/21.jpg","width":743,"height":446},{"@type":"BreadcrumbList","@id":"https:\/\/quartorojo.cl\/index.php\/producto\/gel-adormecedor-anal-lovcae\/#breadcrumb","itemListElement":[{"@type":"ListItem","position":1,"name":"Portada","item":"https:\/\/quartorojo.cl\/"},{"@type":"ListItem","position":2,"name":"Tienda","item":"https:\/\/quartorojo.cl\/index.php\/tienda\/"},{"@type":"ListItem","position":3,"name":"Gel adormecedor anal Lovcae"}]},{"@type":"WebSite","@id":"https:\/\/quartorojo.cl\/#website","url":"https:\/\/quartorojo.cl\/","name":"Quartorojo.cl","description":"Juguetes \u00cdntimos","publisher":{"@id":"https:\/\/quartorojo.cl\/#organization"},"potentialAction":[{"@type":"SearchAction","target":{"@type":"EntryPoint","urlTemplate":"https:\/\/quartorojo.cl\/?s={search_term_string}"},"query-input":{"@type":"PropertyValueSpecification","valueRequired":true,"valueName":"search_term_string"}}],"inLanguage":"es"},{"@type":"Organization","@id":"https:\/\/quartorojo.cl\/#organization","name":"Quarto Rojo","url":"https:\/\/quartorojo.cl\/","logo":{"@type":"ImageObject","inLanguage":"es","@id":"https:\/\/quartorojo.cl\/#\/schema\/logo\/image\/","url":"https:\/\/quartorojo.cl\/wp-content\/uploads\/2025\/10\/LOGOQUARTOROJO2023TRAZADO-scaled.png","contentUrl":"https:\/\/quartorojo.cl\/wp-content\/uploads\/2025\/10\/LOGOQUARTOROJO2023TRAZADO-scaled.png","width":2560,"height":2193,"caption":"Quarto Rojo"},"image":{"@id":"https:\/\/quartorojo.cl\/#\/schema\/logo\/image\/"}}]}},"_links":{"self":[{"href":"https:\/\/quartorojo.cl\/index.php\/wp-json\/wp\/v2\/product\/283","targetHints":{"allow":["GET"]}}],"collection":[{"href":"https:\/\/quartorojo.cl\/index.php\/wp-json\/wp\/v2\/product"}],"about":[{"href":"https:\/\/quartorojo.cl\/index.php\/wp-json\/wp\/v2\/types\/product"}],"replies":[{"embeddable":true,"href":"https:\/\/quartorojo.cl\/index.php\/wp-json\/wp\/v2\/comments?post=283"}],"wp:featuredmedia":[{"embeddable":true,"href":"https:\/\/quartorojo.cl\/index.php\/wp-json\/wp\/v2\/media\/284"}],"wp:attachment":[{"href":"https:\/\/quartorojo.cl\/index.php\/wp-json\/wp\/v2\/media?parent=283"}],"wp:term":[{"taxonomy":"product_brand","embeddable":true,"href":"https:\/\/quartorojo.cl\/index.php\/wp-json\/wp\/v2\/product_brand?post=283"},{"taxonomy":"product_cat","embeddable":true,"href":"https:\/\/quartorojo.cl\/index.php\/wp-json\/wp\/v2\/product_cat?post=283"},{"taxonomy":"product_tag","embeddable":true,"href":"https:\/\/quartorojo.cl\/index.php\/wp-json\/wp\/v2\/product_tag?post=283"}],"curies":[{"name":"wp","href":"https:\/\/api.w.org\/{rel}","templated":true}]}}