{"id":274,"date":"2025-11-07T18:47:04","date_gmt":"2025-11-07T18:47:04","guid":{"rendered":"https:\/\/quartorojo.cl\/?post_type=product&#038;p=274"},"modified":"2025-11-10T18:46:28","modified_gmt":"2025-11-10T18:46:28","slug":"mini-microfono-vibrador-lilo","status":"publish","type":"product","link":"https:\/\/quartorojo.cl\/index.php\/producto\/mini-microfono-vibrador-lilo\/","title":{"rendered":"Mini Micr\u00f3fono vibrador LILO"},"content":{"rendered":"<div class=\"woocommerce-product-details__short-description\">\n<p>Si buscas un juguete peque\u00f1o, de un dise\u00f1o disimulado y un potente motor, entonces este mini micr\u00f3fono vibrador\u00a0<strong>MiniPink\u00a0<\/strong>de LILO es el indicado. Con sus 10 velocidades, una resistencia al agua y una carga USB, tendr\u00e1s un juguete pr\u00e1ctico y orgasmos intensos.<\/p>\n<p><strong>Caracter\u00edsticas<\/strong>:<\/p>\n<ul class=\"lte-list\">\n<li>Color: Rosa claro, negro<\/li>\n<li>Tama\u00f1o:\n<ul class=\"lte-list\">\n<li>Longitud total 10,2 cm<\/li>\n<li>Di\u00e1metro Max. \u00a02,6 cm<\/li>\n<\/ul>\n<\/li>\n<li>Funciones de modelo: Micr\u00f3fono vibrador<\/li>\n<li>Material: Silicona + ABS<\/li>\n<li>Carga: Bater\u00eda de litio recargable<\/li>\n<li>Bater\u00eda de litio: Tiempo de carga 90 min, tiempo de uso 90 min<\/li>\n<li>Frecuencia: 10 modo de vibraci\u00f3n<\/li>\n<li>Certificaci\u00f3n: CE<\/li>\n<li>Aprueba de agua: Si<\/li>\n<\/ul>\n<p>&nbsp;<\/p>\n<p>&nbsp;<\/p>\n<p><strong>Recomendaciones de uso:<\/strong><\/p>\n<ul class=\"lte-list\">\n<li>L\u00e1valo antes y despu\u00e9s de utilizarlo con agua tibia y jab\u00f3n<\/li>\n<li>Si es de uso personal con tu pareja, no necesitas preservativo para utilizarlo<\/li>\n<li>Siempre gu\u00e1rdalo seco y en un lugar sin humedad<\/li>\n<li>Se recomienda no sumergirlo por mucho tiempo en el agua para evitar problemas<\/li>\n<li>Siempre debes guardarlo solo, sin ning\u00fan otro juguete, para que ninguno de los dos se estropee<\/li>\n<\/ul>\n<\/div>\n<form class=\"variations_form cart wvs-loaded\" action=\"https:\/\/longlove.cl\/producto\/mini-vibrador-lilo-ll-b2204\/\" enctype=\"multipart\/form-data\" method=\"post\" data-product_id=\"48173\" data-product_variations=\"[{&quot;attributes&quot;:{&quot;attribute_pa_color&quot;:&quot;negro&quot;},&quot;availability_html&quot;:&quot;&quot;,&quot;backorders_allowed&quot;:false,&quot;dimensions&quot;:{&quot;length&quot;:&quot;&quot;,&quot;width&quot;:&quot;&quot;,&quot;height&quot;:&quot;&quot;},&quot;dimensions_html&quot;:&quot;N\\\/D&quot;,&quot;display_price&quot;:9990,&quot;display_regular_price&quot;:9990,&quot;image&quot;:{&quot;title&quot;:&quot;Guia de uso (61)&quot;,&quot;caption&quot;:&quot;&quot;,&quot;url&quot;:&quot;https:\\\/\\\/longlove.cl\\\/wp-content\\\/uploads\\\/2025\\\/08\\\/Guia-de-uso-61.png&quot;,&quot;alt&quot;:&quot;Guia de uso (61)&quot;,&quot;src&quot;:&quot;https:\\\/\\\/longlove.cl\\\/wp-content\\\/uploads\\\/2025\\\/08\\\/Guia-de-uso-61-580x580.png&quot;,&quot;srcset&quot;:false,&quot;sizes&quot;:&quot;(max-width: 580px) 100vw, 580px&quot;,&quot;full_src&quot;:&quot;https:\\\/\\\/longlove.cl\\\/wp-content\\\/uploads\\\/2025\\\/08\\\/Guia-de-uso-61.png&quot;,&quot;full_src_w&quot;:800,&quot;full_src_h&quot;:800,&quot;gallery_thumbnail_src&quot;:&quot;https:\\\/\\\/longlove.cl\\\/wp-content\\\/uploads\\\/2025\\\/08\\\/Guia-de-uso-61-100x100.png&quot;,&quot;gallery_thumbnail_src_w&quot;:100,&quot;gallery_thumbnail_src_h&quot;:100,&quot;thumb_src&quot;:&quot;https:\\\/\\\/longlove.cl\\\/wp-content\\\/uploads\\\/2025\\\/08\\\/Guia-de-uso-61-234x234.png&quot;,&quot;thumb_src_w&quot;:234,&quot;thumb_src_h&quot;:234,&quot;src_w&quot;:580,&quot;src_h&quot;:580},&quot;image_id&quot;:48175,&quot;is_downloadable&quot;:false,&quot;is_in_stock&quot;:true,&quot;is_purchasable&quot;:true,&quot;is_sold_individually&quot;:&quot;no&quot;,&quot;is_virtual&quot;:false,&quot;max_qty&quot;:&quot;&quot;,&quot;min_qty&quot;:1,&quot;price_html&quot;:&quot;&quot;,&quot;sku&quot;:&quot;FEB015&quot;,&quot;variation_description&quot;:&quot;&quot;,&quot;variation_id&quot;:48177,&quot;variation_is_active&quot;:true,&quot;variation_is_visible&quot;:true,&quot;weight&quot;:&quot;&quot;,&quot;weight_html&quot;:&quot;N\\\/D&quot;},{&quot;attributes&quot;:{&quot;attribute_pa_color&quot;:&quot;rosado&quot;},&quot;availability_html&quot;:&quot;&quot;,&quot;backorders_allowed&quot;:false,&quot;dimensions&quot;:{&quot;length&quot;:&quot;&quot;,&quot;width&quot;:&quot;&quot;,&quot;height&quot;:&quot;&quot;},&quot;dimensions_html&quot;:&quot;N\\\/D&quot;,&quot;display_price&quot;:9990,&quot;display_regular_price&quot;:9990,&quot;image&quot;:{&quot;title&quot;:&quot;ftyt&quot;,&quot;caption&quot;:&quot;&quot;,&quot;url&quot;:&quot;https:\\\/\\\/longlove.cl\\\/wp-content\\\/uploads\\\/2025\\\/08\\\/ftyt.webp&quot;,&quot;alt&quot;:&quot;ftyt&quot;,&quot;src&quot;:&quot;https:\\\/\\\/longlove.cl\\\/wp-content\\\/uploads\\\/2025\\\/08\\\/ftyt-580x580.webp&quot;,&quot;srcset&quot;:false,&quot;sizes&quot;:&quot;(max-width: 580px) 100vw, 580px&quot;,&quot;full_src&quot;:&quot;https:\\\/\\\/longlove.cl\\\/wp-content\\\/uploads\\\/2025\\\/08\\\/ftyt.webp&quot;,&quot;full_src_w&quot;:1080,&quot;full_src_h&quot;:1080,&quot;gallery_thumbnail_src&quot;:&quot;https:\\\/\\\/longlove.cl\\\/wp-content\\\/uploads\\\/2025\\\/08\\\/ftyt-100x100.webp&quot;,&quot;gallery_thumbnail_src_w&quot;:100,&quot;gallery_thumbnail_src_h&quot;:100,&quot;thumb_src&quot;:&quot;https:\\\/\\\/longlove.cl\\\/wp-content\\\/uploads\\\/2025\\\/08\\\/ftyt-234x234.webp&quot;,&quot;thumb_src_w&quot;:234,&quot;thumb_src_h&quot;:234,&quot;src_w&quot;:580,&quot;src_h&quot;:580},&quot;image_id&quot;:48174,&quot;is_downloadable&quot;:false,&quot;is_in_stock&quot;:true,&quot;is_purchasable&quot;:true,&quot;is_sold_individually&quot;:&quot;no&quot;,&quot;is_virtual&quot;:false,&quot;max_qty&quot;:&quot;&quot;,&quot;min_qty&quot;:1,&quot;price_html&quot;:&quot;&quot;,&quot;sku&quot;:&quot;FEB015&quot;,&quot;variation_description&quot;:&quot;&quot;,&quot;variation_id&quot;:48178,&quot;variation_is_active&quot;:true,&quot;variation_is_visible&quot;:true,&quot;weight&quot;:&quot;&quot;,&quot;weight_html&quot;:&quot;N\\\/D&quot;}]\">\n<div data-product_id=\"48173\" data-threshold_min=\"30\" data-threshold_max=\"100\" data-total=\"2\">\n<table class=\"variations\" role=\"presentation\" cellspacing=\"0\">\n<tbody>\n<tr>\n<th class=\"label\"><label for=\"pa_color\">Color<\/label><\/th>\n<td class=\"value woo-variation-items-wrapper\"><select id=\"pa_color\" class=\" woo-variation-raw-select\" name=\"attribute_pa_color\" data-attribute_name=\"attribute_pa_color\" data-show_option_none=\"yes\"><option value=\"\">Elige una opci\u00f3n<\/option><option class=\"attached enabled\" value=\"negro\">Negro<\/option><option class=\"attached enabled\" value=\"rosado\">Rosado<\/option><\/select><\/td>\n<\/tr>\n<\/tbody>\n<\/table>\n<\/div>\n<\/form>\n<p>&nbsp;<\/p>\n","protected":false},"excerpt":{"rendered":"<ul class=\"lte-list\">\n<li>Funciones de modelo: Micr\u00f3fono vibrador<\/li>\n<li>Material: Silicona + ABS<\/li>\n<li>Carga: Bater\u00eda de litio recargable<\/li>\n<li>Bater\u00eda de litio: Tiempo de carga 90 min, tiempo de uso 90 min<\/li>\n<li>Frecuencia: 10 modo de vibraci\u00f3n<\/li>\n<li>Certificaci\u00f3n: CE<\/li>\n<li>Aprueba de agua: Si<\/li>\n<\/ul>\n","protected":false},"featured_media":276,"comment_status":"open","ping_status":"closed","template":"","meta":[],"product_brand":[],"product_cat":[24],"product_tag":[],"class_list":{"0":"post-274","1":"product","2":"type-product","3":"status-publish","4":"has-post-thumbnail","6":"product_cat-vibradores","8":"first","9":"instock","10":"shipping-taxable","11":"purchasable","12":"product-type-simple"},"yoast_head":"<!-- This site is optimized with the Yoast SEO plugin v26.8 - https:\/\/yoast.com\/product\/yoast-seo-wordpress\/ -->\n<title>Mini Micr\u00f3fono vibrador LILO - Quarto Rojo<\/title>\n<meta name=\"robots\" content=\"index, follow, max-snippet:-1, max-image-preview:large, max-video-preview:-1\" \/>\n<link rel=\"canonical\" href=\"https:\/\/quartorojo.cl\/index.php\/producto\/mini-microfono-vibrador-lilo\/\" \/>\n<meta property=\"og:locale\" content=\"es_ES\" \/>\n<meta property=\"og:type\" content=\"article\" \/>\n<meta property=\"og:title\" content=\"Mini Micr\u00f3fono vibrador LILO - Quarto Rojo\" \/>\n<meta property=\"og:description\" content=\"Funciones de modelo: Micr\u00f3fono vibrador  Material: Silicona + ABS  Carga: Bater\u00eda de litio recargable  Bater\u00eda de litio: Tiempo de carga 90 min, tiempo de uso 90 min  Frecuencia: 10 modo de vibraci\u00f3n  Certificaci\u00f3n: CE  Aprueba de agua: Si\" \/>\n<meta property=\"og:url\" content=\"https:\/\/quartorojo.cl\/index.php\/producto\/mini-microfono-vibrador-lilo\/\" \/>\n<meta property=\"og:site_name\" content=\"Quarto Rojo\" \/>\n<meta property=\"article:modified_time\" content=\"2025-11-10T18:46:28+00:00\" \/>\n<meta property=\"og:image\" content=\"https:\/\/quartorojo.cl\/wp-content\/uploads\/2025\/11\/2-16.jpg\" \/>\n\t<meta property=\"og:image:width\" content=\"450\" \/>\n\t<meta property=\"og:image:height\" content=\"591\" \/>\n\t<meta property=\"og:image:type\" content=\"image\/jpeg\" \/>\n<meta name=\"twitter:card\" content=\"summary_large_image\" \/>\n<meta name=\"twitter:label1\" content=\"Tiempo de lectura\" \/>\n\t<meta name=\"twitter:data1\" content=\"1 minuto\" \/>\n<script type=\"application\/ld+json\" class=\"yoast-schema-graph\">{\"@context\":\"https:\/\/schema.org\",\"@graph\":[{\"@type\":\"WebPage\",\"@id\":\"https:\/\/quartorojo.cl\/index.php\/producto\/mini-microfono-vibrador-lilo\/\",\"url\":\"https:\/\/quartorojo.cl\/index.php\/producto\/mini-microfono-vibrador-lilo\/\",\"name\":\"Mini Micr\u00f3fono vibrador LILO - Quarto Rojo\",\"isPartOf\":{\"@id\":\"https:\/\/quartorojo.cl\/#website\"},\"primaryImageOfPage\":{\"@id\":\"https:\/\/quartorojo.cl\/index.php\/producto\/mini-microfono-vibrador-lilo\/#primaryimage\"},\"image\":{\"@id\":\"https:\/\/quartorojo.cl\/index.php\/producto\/mini-microfono-vibrador-lilo\/#primaryimage\"},\"thumbnailUrl\":\"https:\/\/quartorojo.cl\/wp-content\/uploads\/2025\/11\/2-16.jpg\",\"datePublished\":\"2025-11-07T18:47:04+00:00\",\"dateModified\":\"2025-11-10T18:46:28+00:00\",\"breadcrumb\":{\"@id\":\"https:\/\/quartorojo.cl\/index.php\/producto\/mini-microfono-vibrador-lilo\/#breadcrumb\"},\"inLanguage\":\"es\",\"potentialAction\":[{\"@type\":\"ReadAction\",\"target\":[\"https:\/\/quartorojo.cl\/index.php\/producto\/mini-microfono-vibrador-lilo\/\"]}]},{\"@type\":\"ImageObject\",\"inLanguage\":\"es\",\"@id\":\"https:\/\/quartorojo.cl\/index.php\/producto\/mini-microfono-vibrador-lilo\/#primaryimage\",\"url\":\"https:\/\/quartorojo.cl\/wp-content\/uploads\/2025\/11\/2-16.jpg\",\"contentUrl\":\"https:\/\/quartorojo.cl\/wp-content\/uploads\/2025\/11\/2-16.jpg\",\"width\":450,\"height\":591},{\"@type\":\"BreadcrumbList\",\"@id\":\"https:\/\/quartorojo.cl\/index.php\/producto\/mini-microfono-vibrador-lilo\/#breadcrumb\",\"itemListElement\":[{\"@type\":\"ListItem\",\"position\":1,\"name\":\"Portada\",\"item\":\"https:\/\/quartorojo.cl\/\"},{\"@type\":\"ListItem\",\"position\":2,\"name\":\"Tienda\",\"item\":\"https:\/\/quartorojo.cl\/index.php\/tienda\/\"},{\"@type\":\"ListItem\",\"position\":3,\"name\":\"Mini Micr\u00f3fono vibrador LILO\"}]},{\"@type\":\"WebSite\",\"@id\":\"https:\/\/quartorojo.cl\/#website\",\"url\":\"https:\/\/quartorojo.cl\/\",\"name\":\"Quartorojo.cl\",\"description\":\"Juguetes \u00cdntimos\",\"publisher\":{\"@id\":\"https:\/\/quartorojo.cl\/#organization\"},\"potentialAction\":[{\"@type\":\"SearchAction\",\"target\":{\"@type\":\"EntryPoint\",\"urlTemplate\":\"https:\/\/quartorojo.cl\/?s={search_term_string}\"},\"query-input\":{\"@type\":\"PropertyValueSpecification\",\"valueRequired\":true,\"valueName\":\"search_term_string\"}}],\"inLanguage\":\"es\"},{\"@type\":\"Organization\",\"@id\":\"https:\/\/quartorojo.cl\/#organization\",\"name\":\"Quarto Rojo\",\"url\":\"https:\/\/quartorojo.cl\/\",\"logo\":{\"@type\":\"ImageObject\",\"inLanguage\":\"es\",\"@id\":\"https:\/\/quartorojo.cl\/#\/schema\/logo\/image\/\",\"url\":\"https:\/\/quartorojo.cl\/wp-content\/uploads\/2025\/10\/LOGOQUARTOROJO2023TRAZADO-scaled.png\",\"contentUrl\":\"https:\/\/quartorojo.cl\/wp-content\/uploads\/2025\/10\/LOGOQUARTOROJO2023TRAZADO-scaled.png\",\"width\":2560,\"height\":2193,\"caption\":\"Quarto Rojo\"},\"image\":{\"@id\":\"https:\/\/quartorojo.cl\/#\/schema\/logo\/image\/\"}}]}<\/script>\n<!-- \/ Yoast SEO plugin. -->","yoast_head_json":{"title":"Mini Micr\u00f3fono vibrador LILO - Quarto Rojo","robots":{"index":"index","follow":"follow","max-snippet":"max-snippet:-1","max-image-preview":"max-image-preview:large","max-video-preview":"max-video-preview:-1"},"canonical":"https:\/\/quartorojo.cl\/index.php\/producto\/mini-microfono-vibrador-lilo\/","og_locale":"es_ES","og_type":"article","og_title":"Mini Micr\u00f3fono vibrador LILO - Quarto Rojo","og_description":"Funciones de modelo: Micr\u00f3fono vibrador  Material: Silicona + ABS  Carga: Bater\u00eda de litio recargable  Bater\u00eda de litio: Tiempo de carga 90 min, tiempo de uso 90 min  Frecuencia: 10 modo de vibraci\u00f3n  Certificaci\u00f3n: CE  Aprueba de agua: Si","og_url":"https:\/\/quartorojo.cl\/index.php\/producto\/mini-microfono-vibrador-lilo\/","og_site_name":"Quarto Rojo","article_modified_time":"2025-11-10T18:46:28+00:00","og_image":[{"width":450,"height":591,"url":"https:\/\/quartorojo.cl\/wp-content\/uploads\/2025\/11\/2-16.jpg","type":"image\/jpeg"}],"twitter_card":"summary_large_image","twitter_misc":{"Tiempo de lectura":"1 minuto"},"schema":{"@context":"https:\/\/schema.org","@graph":[{"@type":"WebPage","@id":"https:\/\/quartorojo.cl\/index.php\/producto\/mini-microfono-vibrador-lilo\/","url":"https:\/\/quartorojo.cl\/index.php\/producto\/mini-microfono-vibrador-lilo\/","name":"Mini Micr\u00f3fono vibrador LILO - Quarto Rojo","isPartOf":{"@id":"https:\/\/quartorojo.cl\/#website"},"primaryImageOfPage":{"@id":"https:\/\/quartorojo.cl\/index.php\/producto\/mini-microfono-vibrador-lilo\/#primaryimage"},"image":{"@id":"https:\/\/quartorojo.cl\/index.php\/producto\/mini-microfono-vibrador-lilo\/#primaryimage"},"thumbnailUrl":"https:\/\/quartorojo.cl\/wp-content\/uploads\/2025\/11\/2-16.jpg","datePublished":"2025-11-07T18:47:04+00:00","dateModified":"2025-11-10T18:46:28+00:00","breadcrumb":{"@id":"https:\/\/quartorojo.cl\/index.php\/producto\/mini-microfono-vibrador-lilo\/#breadcrumb"},"inLanguage":"es","potentialAction":[{"@type":"ReadAction","target":["https:\/\/quartorojo.cl\/index.php\/producto\/mini-microfono-vibrador-lilo\/"]}]},{"@type":"ImageObject","inLanguage":"es","@id":"https:\/\/quartorojo.cl\/index.php\/producto\/mini-microfono-vibrador-lilo\/#primaryimage","url":"https:\/\/quartorojo.cl\/wp-content\/uploads\/2025\/11\/2-16.jpg","contentUrl":"https:\/\/quartorojo.cl\/wp-content\/uploads\/2025\/11\/2-16.jpg","width":450,"height":591},{"@type":"BreadcrumbList","@id":"https:\/\/quartorojo.cl\/index.php\/producto\/mini-microfono-vibrador-lilo\/#breadcrumb","itemListElement":[{"@type":"ListItem","position":1,"name":"Portada","item":"https:\/\/quartorojo.cl\/"},{"@type":"ListItem","position":2,"name":"Tienda","item":"https:\/\/quartorojo.cl\/index.php\/tienda\/"},{"@type":"ListItem","position":3,"name":"Mini Micr\u00f3fono vibrador LILO"}]},{"@type":"WebSite","@id":"https:\/\/quartorojo.cl\/#website","url":"https:\/\/quartorojo.cl\/","name":"Quartorojo.cl","description":"Juguetes \u00cdntimos","publisher":{"@id":"https:\/\/quartorojo.cl\/#organization"},"potentialAction":[{"@type":"SearchAction","target":{"@type":"EntryPoint","urlTemplate":"https:\/\/quartorojo.cl\/?s={search_term_string}"},"query-input":{"@type":"PropertyValueSpecification","valueRequired":true,"valueName":"search_term_string"}}],"inLanguage":"es"},{"@type":"Organization","@id":"https:\/\/quartorojo.cl\/#organization","name":"Quarto Rojo","url":"https:\/\/quartorojo.cl\/","logo":{"@type":"ImageObject","inLanguage":"es","@id":"https:\/\/quartorojo.cl\/#\/schema\/logo\/image\/","url":"https:\/\/quartorojo.cl\/wp-content\/uploads\/2025\/10\/LOGOQUARTOROJO2023TRAZADO-scaled.png","contentUrl":"https:\/\/quartorojo.cl\/wp-content\/uploads\/2025\/10\/LOGOQUARTOROJO2023TRAZADO-scaled.png","width":2560,"height":2193,"caption":"Quarto Rojo"},"image":{"@id":"https:\/\/quartorojo.cl\/#\/schema\/logo\/image\/"}}]}},"_links":{"self":[{"href":"https:\/\/quartorojo.cl\/index.php\/wp-json\/wp\/v2\/product\/274","targetHints":{"allow":["GET"]}}],"collection":[{"href":"https:\/\/quartorojo.cl\/index.php\/wp-json\/wp\/v2\/product"}],"about":[{"href":"https:\/\/quartorojo.cl\/index.php\/wp-json\/wp\/v2\/types\/product"}],"replies":[{"embeddable":true,"href":"https:\/\/quartorojo.cl\/index.php\/wp-json\/wp\/v2\/comments?post=274"}],"wp:featuredmedia":[{"embeddable":true,"href":"https:\/\/quartorojo.cl\/index.php\/wp-json\/wp\/v2\/media\/276"}],"wp:attachment":[{"href":"https:\/\/quartorojo.cl\/index.php\/wp-json\/wp\/v2\/media?parent=274"}],"wp:term":[{"taxonomy":"product_brand","embeddable":true,"href":"https:\/\/quartorojo.cl\/index.php\/wp-json\/wp\/v2\/product_brand?post=274"},{"taxonomy":"product_cat","embeddable":true,"href":"https:\/\/quartorojo.cl\/index.php\/wp-json\/wp\/v2\/product_cat?post=274"},{"taxonomy":"product_tag","embeddable":true,"href":"https:\/\/quartorojo.cl\/index.php\/wp-json\/wp\/v2\/product_tag?post=274"}],"curies":[{"name":"wp","href":"https:\/\/api.w.org\/{rel}","templated":true}]}}