{"id":179,"date":"2025-11-04T22:02:54","date_gmt":"2025-11-04T22:02:54","guid":{"rendered":"https:\/\/quartorojo.cl\/?post_type=product&#038;p=179"},"modified":"2026-01-26T20:00:55","modified_gmt":"2026-01-26T20:00:55","slug":"vibrador-y-succionador-percutor-tabena-lilo-2","status":"publish","type":"product","link":"https:\/\/quartorojo.cl\/index.php\/producto\/vibrador-y-succionador-percutor-tabena-lilo-2\/","title":{"rendered":"Vibrador y succionador Percutor Tabena LILO"},"content":{"rendered":"<p><strong>TABENA \u2013 Vibrador Dual de Estimulaci\u00f3n Simult\u00e1nea<\/strong><\/p>\n<p>Lleva tu placer al m\u00e1ximo con TABENA, el vibrador inteligente que estimula tu vagina y cl\u00edtoris al mismo tiempo con movimientos penetrantes y succi\u00f3n intensa. Dise\u00f1ado para orgasmos m\u00e1s profundos y r\u00e1pidos, su tecnolog\u00eda dual sincronizada te brinda una experiencia tan real como inolvidable.<\/p>\n<p><strong>Caracter\u00edsticas principales:<\/strong><\/p>\n<ul>\n<li>Doble estimulaci\u00f3n inteligente:<\/li>\n<li>Movimiento interno de vaiv\u00e9n (arriba y abajo) para penetraci\u00f3n intensa.<\/li>\n<li>Succi\u00f3n de cl\u00edtoris ajustable con tecnolog\u00eda de presi\u00f3n de aire.<\/li>\n<li>Control remoto inal\u00e1mbrico (hasta 15 metros de distancia), ideal para juegos en pareja.<\/li>\n<li>10 modos de frecuencia combinables (personaliza vibraci\u00f3n y succi\u00f3n).<\/li>\n<li>Bater\u00eda recargable (USB) y a prueba de agua (IPX7) para disfrutarlo en la ducha o ba\u00f1era.<\/li>\n<li>Silicona suave y body-safe, f\u00e1cil de limpiar.<\/li>\n<\/ul>\n<p>&nbsp;<\/p>\n<p><strong>Perfecto para:<\/strong><\/p>\n<p><img decoding=\"async\" class=\"emoji\" role=\"img\" draggable=\"false\" src=\"https:\/\/s.w.org\/images\/core\/emoji\/16.0.1\/svg\/2705.svg\" alt=\"\u2705\" \/>Mujeres que buscan orgasmos m\u00e1s intensos y completos (estimulaci\u00f3n G-spot + cl\u00edtoris).<\/p>\n<p><img decoding=\"async\" class=\"emoji\" role=\"img\" draggable=\"false\" src=\"https:\/\/s.w.org\/images\/core\/emoji\/16.0.1\/svg\/2705.svg\" alt=\"\u2705\" \/>Juegos en pareja (el control remoto a\u00f1ade complicidad y sorpresa).<\/p>\n<p><img decoding=\"async\" class=\"emoji\" role=\"img\" draggable=\"false\" src=\"https:\/\/s.w.org\/images\/core\/emoji\/16.0.1\/svg\/2705.svg\" alt=\"\u2705\" \/>Uso en solitario o compartido, con sensaciones personalizables.<\/p>\n<p>&nbsp;<\/p>\n<p><img decoding=\"async\" class=\"emoji\" role=\"img\" draggable=\"false\" src=\"https:\/\/s.w.org\/images\/core\/emoji\/16.0.1\/svg\/2728.svg\" alt=\"\u2728\" \/>\u00a0TABENA no es un vibrador cualquiera: es placer en 360\u00b0.<\/p>\n<p>\u00bfLista para la doble revoluci\u00f3n? \u00a1Sube de nivel tus momentos \u00edntimos!<\/p>\n<p>&nbsp;<\/p>\n<p><strong>Caracter\u00edsticas<\/strong>:<\/p>\n<ul class=\"lte-list\">\n<li>Color: Rosa, Lila<\/li>\n<li>Tama\u00f1o:\n<ul class=\"lte-list\">\n<li>Longitud total 13,5 cm<\/li>\n<li>Longitud insertable 11cm<\/li>\n<li>Di\u00e1metro Max.\u00a0 3,3 cm<\/li>\n<\/ul>\n<\/li>\n<li>Funciones de modelo: Succionador y vibrador a control<\/li>\n<li>Material: Silicona + ABS<\/li>\n<li>Carga: USB<\/li>\n<li>Frecuencia: 10 modos de vibraci\u00f3n y succi\u00f3n<\/li>\n<li>Certificaci\u00f3n: CE<\/li>\n<li>A prueba de agua: Si<\/li>\n<\/ul>\n","protected":false},"excerpt":{"rendered":"<p><img decoding=\"async\" class=\"emoji\" role=\"img\" draggable=\"false\" src=\"https:\/\/s.w.org\/images\/core\/emoji\/16.0.1\/svg\/2705.svg\" alt=\"\u2705\" \/>Motor percutor (Arriba y abajo)<\/p>\n<p><img decoding=\"async\" class=\"emoji\" role=\"img\" draggable=\"false\" src=\"https:\/\/s.w.org\/images\/core\/emoji\/16.0.1\/svg\/2705.svg\" alt=\"\u2705\" \/>10 velocidades de succi\u00f3n y vibraci\u00f3n<\/p>\n<p><img decoding=\"async\" class=\"emoji\" role=\"img\" draggable=\"false\" src=\"https:\/\/s.w.org\/images\/core\/emoji\/16.0.1\/svg\/2705.svg\" alt=\"\u2705\" \/>Recargable<\/p>\n<p><img decoding=\"async\" class=\"emoji\" role=\"img\" draggable=\"false\" src=\"https:\/\/s.w.org\/images\/core\/emoji\/16.0.1\/svg\/2705.svg\" alt=\"\u2705\" \/>A prueba de agua<\/p>\n","protected":false},"featured_media":180,"comment_status":"open","ping_status":"closed","template":"","meta":[],"product_brand":[],"product_cat":[25,24],"product_tag":[],"class_list":{"0":"post-179","1":"product","2":"type-product","3":"status-publish","4":"has-post-thumbnail","6":"product_cat-succionadores","7":"product_cat-vibradores","9":"first","10":"instock","11":"shipping-taxable","12":"purchasable","13":"product-type-simple"},"yoast_head":"<!-- This site is optimized with the Yoast SEO plugin v26.8 - https:\/\/yoast.com\/product\/yoast-seo-wordpress\/ -->\n<title>Vibrador y succionador Percutor Tabena LILO - Quarto Rojo<\/title>\n<meta name=\"robots\" content=\"index, follow, max-snippet:-1, max-image-preview:large, max-video-preview:-1\" \/>\n<link rel=\"canonical\" href=\"https:\/\/quartorojo.cl\/index.php\/producto\/vibrador-y-succionador-percutor-tabena-lilo-2\/\" \/>\n<meta property=\"og:locale\" content=\"es_ES\" \/>\n<meta property=\"og:type\" content=\"article\" \/>\n<meta property=\"og:title\" content=\"Vibrador y succionador Percutor Tabena LILO - Quarto Rojo\" \/>\n<meta property=\"og:description\" content=\"Motor percutor (Arriba y abajo)  10 velocidades de succi\u00f3n y vibraci\u00f3n  Recargable  A prueba de agua\" \/>\n<meta property=\"og:url\" content=\"https:\/\/quartorojo.cl\/index.php\/producto\/vibrador-y-succionador-percutor-tabena-lilo-2\/\" \/>\n<meta property=\"og:site_name\" content=\"Quarto Rojo\" \/>\n<meta property=\"article:modified_time\" content=\"2026-01-26T20:00:55+00:00\" \/>\n<meta property=\"og:image\" content=\"https:\/\/quartorojo.cl\/wp-content\/uploads\/2025\/11\/1-4.jpg\" \/>\n\t<meta property=\"og:image:width\" content=\"1208\" \/>\n\t<meta property=\"og:image:height\" content=\"1208\" \/>\n\t<meta property=\"og:image:type\" content=\"image\/jpeg\" \/>\n<meta name=\"twitter:card\" content=\"summary_large_image\" \/>\n<meta name=\"twitter:label1\" content=\"Tiempo de lectura\" \/>\n\t<meta name=\"twitter:data1\" content=\"2 minutos\" \/>\n<script type=\"application\/ld+json\" class=\"yoast-schema-graph\">{\"@context\":\"https:\/\/schema.org\",\"@graph\":[{\"@type\":\"WebPage\",\"@id\":\"https:\/\/quartorojo.cl\/index.php\/producto\/vibrador-y-succionador-percutor-tabena-lilo-2\/\",\"url\":\"https:\/\/quartorojo.cl\/index.php\/producto\/vibrador-y-succionador-percutor-tabena-lilo-2\/\",\"name\":\"Vibrador y succionador Percutor Tabena LILO - Quarto Rojo\",\"isPartOf\":{\"@id\":\"https:\/\/quartorojo.cl\/#website\"},\"primaryImageOfPage\":{\"@id\":\"https:\/\/quartorojo.cl\/index.php\/producto\/vibrador-y-succionador-percutor-tabena-lilo-2\/#primaryimage\"},\"image\":{\"@id\":\"https:\/\/quartorojo.cl\/index.php\/producto\/vibrador-y-succionador-percutor-tabena-lilo-2\/#primaryimage\"},\"thumbnailUrl\":\"https:\/\/quartorojo.cl\/wp-content\/uploads\/2025\/11\/1-4.jpg\",\"datePublished\":\"2025-11-04T22:02:54+00:00\",\"dateModified\":\"2026-01-26T20:00:55+00:00\",\"breadcrumb\":{\"@id\":\"https:\/\/quartorojo.cl\/index.php\/producto\/vibrador-y-succionador-percutor-tabena-lilo-2\/#breadcrumb\"},\"inLanguage\":\"es\",\"potentialAction\":[{\"@type\":\"ReadAction\",\"target\":[\"https:\/\/quartorojo.cl\/index.php\/producto\/vibrador-y-succionador-percutor-tabena-lilo-2\/\"]}]},{\"@type\":\"ImageObject\",\"inLanguage\":\"es\",\"@id\":\"https:\/\/quartorojo.cl\/index.php\/producto\/vibrador-y-succionador-percutor-tabena-lilo-2\/#primaryimage\",\"url\":\"https:\/\/quartorojo.cl\/wp-content\/uploads\/2025\/11\/1-4.jpg\",\"contentUrl\":\"https:\/\/quartorojo.cl\/wp-content\/uploads\/2025\/11\/1-4.jpg\",\"width\":1208,\"height\":1208},{\"@type\":\"BreadcrumbList\",\"@id\":\"https:\/\/quartorojo.cl\/index.php\/producto\/vibrador-y-succionador-percutor-tabena-lilo-2\/#breadcrumb\",\"itemListElement\":[{\"@type\":\"ListItem\",\"position\":1,\"name\":\"Portada\",\"item\":\"https:\/\/quartorojo.cl\/\"},{\"@type\":\"ListItem\",\"position\":2,\"name\":\"Tienda\",\"item\":\"https:\/\/quartorojo.cl\/index.php\/tienda\/\"},{\"@type\":\"ListItem\",\"position\":3,\"name\":\"Vibrador y succionador Percutor Tabena LILO\"}]},{\"@type\":\"WebSite\",\"@id\":\"https:\/\/quartorojo.cl\/#website\",\"url\":\"https:\/\/quartorojo.cl\/\",\"name\":\"Quartorojo.cl\",\"description\":\"Juguetes \u00cdntimos\",\"publisher\":{\"@id\":\"https:\/\/quartorojo.cl\/#organization\"},\"potentialAction\":[{\"@type\":\"SearchAction\",\"target\":{\"@type\":\"EntryPoint\",\"urlTemplate\":\"https:\/\/quartorojo.cl\/?s={search_term_string}\"},\"query-input\":{\"@type\":\"PropertyValueSpecification\",\"valueRequired\":true,\"valueName\":\"search_term_string\"}}],\"inLanguage\":\"es\"},{\"@type\":\"Organization\",\"@id\":\"https:\/\/quartorojo.cl\/#organization\",\"name\":\"Quarto Rojo\",\"url\":\"https:\/\/quartorojo.cl\/\",\"logo\":{\"@type\":\"ImageObject\",\"inLanguage\":\"es\",\"@id\":\"https:\/\/quartorojo.cl\/#\/schema\/logo\/image\/\",\"url\":\"https:\/\/quartorojo.cl\/wp-content\/uploads\/2025\/10\/LOGOQUARTOROJO2023TRAZADO-scaled.png\",\"contentUrl\":\"https:\/\/quartorojo.cl\/wp-content\/uploads\/2025\/10\/LOGOQUARTOROJO2023TRAZADO-scaled.png\",\"width\":2560,\"height\":2193,\"caption\":\"Quarto Rojo\"},\"image\":{\"@id\":\"https:\/\/quartorojo.cl\/#\/schema\/logo\/image\/\"}}]}<\/script>\n<!-- \/ Yoast SEO plugin. -->","yoast_head_json":{"title":"Vibrador y succionador Percutor Tabena LILO - Quarto Rojo","robots":{"index":"index","follow":"follow","max-snippet":"max-snippet:-1","max-image-preview":"max-image-preview:large","max-video-preview":"max-video-preview:-1"},"canonical":"https:\/\/quartorojo.cl\/index.php\/producto\/vibrador-y-succionador-percutor-tabena-lilo-2\/","og_locale":"es_ES","og_type":"article","og_title":"Vibrador y succionador Percutor Tabena LILO - Quarto Rojo","og_description":"Motor percutor (Arriba y abajo)  10 velocidades de succi\u00f3n y vibraci\u00f3n  Recargable  A prueba de agua","og_url":"https:\/\/quartorojo.cl\/index.php\/producto\/vibrador-y-succionador-percutor-tabena-lilo-2\/","og_site_name":"Quarto Rojo","article_modified_time":"2026-01-26T20:00:55+00:00","og_image":[{"width":1208,"height":1208,"url":"https:\/\/quartorojo.cl\/wp-content\/uploads\/2025\/11\/1-4.jpg","type":"image\/jpeg"}],"twitter_card":"summary_large_image","twitter_misc":{"Tiempo de lectura":"2 minutos"},"schema":{"@context":"https:\/\/schema.org","@graph":[{"@type":"WebPage","@id":"https:\/\/quartorojo.cl\/index.php\/producto\/vibrador-y-succionador-percutor-tabena-lilo-2\/","url":"https:\/\/quartorojo.cl\/index.php\/producto\/vibrador-y-succionador-percutor-tabena-lilo-2\/","name":"Vibrador y succionador Percutor Tabena LILO - Quarto Rojo","isPartOf":{"@id":"https:\/\/quartorojo.cl\/#website"},"primaryImageOfPage":{"@id":"https:\/\/quartorojo.cl\/index.php\/producto\/vibrador-y-succionador-percutor-tabena-lilo-2\/#primaryimage"},"image":{"@id":"https:\/\/quartorojo.cl\/index.php\/producto\/vibrador-y-succionador-percutor-tabena-lilo-2\/#primaryimage"},"thumbnailUrl":"https:\/\/quartorojo.cl\/wp-content\/uploads\/2025\/11\/1-4.jpg","datePublished":"2025-11-04T22:02:54+00:00","dateModified":"2026-01-26T20:00:55+00:00","breadcrumb":{"@id":"https:\/\/quartorojo.cl\/index.php\/producto\/vibrador-y-succionador-percutor-tabena-lilo-2\/#breadcrumb"},"inLanguage":"es","potentialAction":[{"@type":"ReadAction","target":["https:\/\/quartorojo.cl\/index.php\/producto\/vibrador-y-succionador-percutor-tabena-lilo-2\/"]}]},{"@type":"ImageObject","inLanguage":"es","@id":"https:\/\/quartorojo.cl\/index.php\/producto\/vibrador-y-succionador-percutor-tabena-lilo-2\/#primaryimage","url":"https:\/\/quartorojo.cl\/wp-content\/uploads\/2025\/11\/1-4.jpg","contentUrl":"https:\/\/quartorojo.cl\/wp-content\/uploads\/2025\/11\/1-4.jpg","width":1208,"height":1208},{"@type":"BreadcrumbList","@id":"https:\/\/quartorojo.cl\/index.php\/producto\/vibrador-y-succionador-percutor-tabena-lilo-2\/#breadcrumb","itemListElement":[{"@type":"ListItem","position":1,"name":"Portada","item":"https:\/\/quartorojo.cl\/"},{"@type":"ListItem","position":2,"name":"Tienda","item":"https:\/\/quartorojo.cl\/index.php\/tienda\/"},{"@type":"ListItem","position":3,"name":"Vibrador y succionador Percutor Tabena LILO"}]},{"@type":"WebSite","@id":"https:\/\/quartorojo.cl\/#website","url":"https:\/\/quartorojo.cl\/","name":"Quartorojo.cl","description":"Juguetes \u00cdntimos","publisher":{"@id":"https:\/\/quartorojo.cl\/#organization"},"potentialAction":[{"@type":"SearchAction","target":{"@type":"EntryPoint","urlTemplate":"https:\/\/quartorojo.cl\/?s={search_term_string}"},"query-input":{"@type":"PropertyValueSpecification","valueRequired":true,"valueName":"search_term_string"}}],"inLanguage":"es"},{"@type":"Organization","@id":"https:\/\/quartorojo.cl\/#organization","name":"Quarto Rojo","url":"https:\/\/quartorojo.cl\/","logo":{"@type":"ImageObject","inLanguage":"es","@id":"https:\/\/quartorojo.cl\/#\/schema\/logo\/image\/","url":"https:\/\/quartorojo.cl\/wp-content\/uploads\/2025\/10\/LOGOQUARTOROJO2023TRAZADO-scaled.png","contentUrl":"https:\/\/quartorojo.cl\/wp-content\/uploads\/2025\/10\/LOGOQUARTOROJO2023TRAZADO-scaled.png","width":2560,"height":2193,"caption":"Quarto Rojo"},"image":{"@id":"https:\/\/quartorojo.cl\/#\/schema\/logo\/image\/"}}]}},"_links":{"self":[{"href":"https:\/\/quartorojo.cl\/index.php\/wp-json\/wp\/v2\/product\/179","targetHints":{"allow":["GET"]}}],"collection":[{"href":"https:\/\/quartorojo.cl\/index.php\/wp-json\/wp\/v2\/product"}],"about":[{"href":"https:\/\/quartorojo.cl\/index.php\/wp-json\/wp\/v2\/types\/product"}],"replies":[{"embeddable":true,"href":"https:\/\/quartorojo.cl\/index.php\/wp-json\/wp\/v2\/comments?post=179"}],"wp:featuredmedia":[{"embeddable":true,"href":"https:\/\/quartorojo.cl\/index.php\/wp-json\/wp\/v2\/media\/180"}],"wp:attachment":[{"href":"https:\/\/quartorojo.cl\/index.php\/wp-json\/wp\/v2\/media?parent=179"}],"wp:term":[{"taxonomy":"product_brand","embeddable":true,"href":"https:\/\/quartorojo.cl\/index.php\/wp-json\/wp\/v2\/product_brand?post=179"},{"taxonomy":"product_cat","embeddable":true,"href":"https:\/\/quartorojo.cl\/index.php\/wp-json\/wp\/v2\/product_cat?post=179"},{"taxonomy":"product_tag","embeddable":true,"href":"https:\/\/quartorojo.cl\/index.php\/wp-json\/wp\/v2\/product_tag?post=179"}],"curies":[{"name":"wp","href":"https:\/\/api.w.org\/{rel}","templated":true}]}}