{"id":151,"date":"2025-10-28T02:34:45","date_gmt":"2025-10-28T02:34:45","guid":{"rendered":"https:\/\/quartorojo.cl\/?post_type=product&#038;p=151"},"modified":"2026-01-26T20:06:04","modified_gmt":"2026-01-26T20:06:04","slug":"vibrador-brocha-brush","status":"publish","type":"product","link":"https:\/\/quartorojo.cl\/index.php\/producto\/vibrador-brocha-brush\/","title":{"rendered":"Vibrador Brocha Brush"},"content":{"rendered":"<p><span style=\"color: #000080;\">Si buscas un juguete discreto, con un dise\u00f1o pensado especialmente para no llamar la atenci\u00f3n de personas no deseadas, Brush es el indicado para ti.\u00a0<b>Brush\u00a0<\/b>es un vibrador oculto en un lindo dise\u00f1o de brocha para maquillaje, con un potente motor silencioso y una suave brocha para usar en polvos de rubor . Su tama\u00f1o es peque\u00f1o y f\u00e1cil de transportar, la carga usb es ideal para usar en cualquier lugar y nunca quedarte sin bater\u00eda. Brush es ideal para principiantes en el uso de juguetes sexuales y su elegante dise\u00f1o destacar\u00e1 entre tus brochas.<\/span><\/p>\n<p><span style=\"color: #000080;\"><strong>Caracter\u00edsticas:<\/strong><\/span><\/p>\n<ul>\n<li><span style=\"color: #000080;\">Color: Verde<\/span><\/li>\n<li><span style=\"color: #000080;\">Tama\u00f1o:<\/span>\n<ul>\n<li><span style=\"color: #000080;\">Longitud total 15 cm<\/span><\/li>\n<li><span style=\"color: #000080;\">Longitud total insertable 10 cm<\/span><\/li>\n<li><span style=\"color: #000080;\">Di\u00e1metro Max. 3 cm<\/span><\/li>\n<\/ul>\n<\/li>\n<li><span style=\"color: #000080;\">Funciones de modelo: Vibrador<\/span><\/li>\n<li><span style=\"color: #000080;\">Material: ABS<\/span><\/li>\n<li><span style=\"color: #000080;\">Carga: Bater\u00eda de litio recargable<\/span><\/li>\n<li><span style=\"color: #000080;\">Bater\u00eda de litio: Tiempo de carga 90 min, tiempo de uso 90 min<\/span><\/li>\n<li><span style=\"color: #000080;\">Frecuencia: 10 modo de vibraci\u00f3n<\/span><\/li>\n<li><span style=\"color: #000080;\">Certificaci\u00f3n: CE<\/span><\/li>\n<li><span style=\"color: #000080;\">A prueba de agua: Si<\/span><\/li>\n<\/ul>\n<p><span style=\"color: #000080;\"><strong>Recomendaciones de uso:<\/strong><\/span><\/p>\n<ul>\n<li><span style=\"color: #000080;\">L\u00e1valo antes y despu\u00e9s de utilizarlo con agua tibia y jab\u00f3n<\/span><\/li>\n<li><span style=\"color: #000080;\">Si es de uso personal con tu pareja, no necesitas preservativo para utilizarlo<\/span><\/li>\n<li><span style=\"color: #000080;\">Siempre gu\u00e1rdalo seco y en un lugar sin humedad<\/span><\/li>\n<li><span style=\"color: #000080;\">Se recomienda no sumergirlo por mucho tiempo en el agua para evitar problemas<\/span><\/li>\n<li><span style=\"color: #000080;\">Siempre debes guardarlo solo, sin ning\u00fan otro juguete, para que ninguno de los dos se estropee<\/span><\/li>\n<\/ul>\n","protected":false},"excerpt":{"rendered":"<p><img decoding=\"async\" class=\"emoji\" role=\"img\" draggable=\"false\" src=\"https:\/\/s.w.org\/images\/core\/emoji\/16.0.1\/svg\/2705.svg\" alt=\"\u2705\" \/>Recargable<\/p>\n<p><img decoding=\"async\" class=\"emoji\" role=\"img\" draggable=\"false\" src=\"https:\/\/s.w.org\/images\/core\/emoji\/16.0.1\/svg\/2705.svg\" alt=\"\u2705\" \/>A prueba de agua<\/p>\n<p><img decoding=\"async\" class=\"emoji\" role=\"img\" draggable=\"false\" src=\"https:\/\/s.w.org\/images\/core\/emoji\/16.0.1\/svg\/2705.svg\" alt=\"\u2705\" \/>10 modo de vibraci\u00f3n<\/p>\n","protected":false},"featured_media":155,"comment_status":"open","ping_status":"closed","template":"","meta":[],"product_brand":[],"product_cat":[24],"product_tag":[],"class_list":{"0":"post-151","1":"product","2":"type-product","3":"status-publish","4":"has-post-thumbnail","6":"product_cat-vibradores","8":"first","9":"instock","10":"shipping-taxable","11":"purchasable","12":"product-type-simple"},"yoast_head":"<!-- This site is optimized with the Yoast SEO plugin v26.8 - https:\/\/yoast.com\/product\/yoast-seo-wordpress\/ -->\n<title>Vibrador Brocha Brush - Quarto Rojo<\/title>\n<meta name=\"robots\" content=\"index, follow, max-snippet:-1, max-image-preview:large, max-video-preview:-1\" \/>\n<link rel=\"canonical\" href=\"https:\/\/quartorojo.cl\/index.php\/producto\/vibrador-brocha-brush\/\" \/>\n<meta property=\"og:locale\" content=\"es_ES\" \/>\n<meta property=\"og:type\" content=\"article\" \/>\n<meta property=\"og:title\" content=\"Vibrador Brocha Brush - Quarto Rojo\" \/>\n<meta property=\"og:description\" content=\"Recargable  A prueba de agua  10 modo de vibraci\u00f3n\" \/>\n<meta property=\"og:url\" content=\"https:\/\/quartorojo.cl\/index.php\/producto\/vibrador-brocha-brush\/\" \/>\n<meta property=\"og:site_name\" content=\"Quarto Rojo\" \/>\n<meta property=\"article:modified_time\" content=\"2026-01-26T20:06:04+00:00\" \/>\n<meta property=\"og:image\" content=\"https:\/\/quartorojo.cl\/wp-content\/uploads\/2025\/10\/BROCHA-1.jpg\" \/>\n\t<meta property=\"og:image:width\" content=\"1208\" \/>\n\t<meta property=\"og:image:height\" content=\"1208\" \/>\n\t<meta property=\"og:image:type\" content=\"image\/jpeg\" \/>\n<meta name=\"twitter:card\" content=\"summary_large_image\" \/>\n<meta name=\"twitter:label1\" content=\"Tiempo de lectura\" \/>\n\t<meta name=\"twitter:data1\" content=\"2 minutos\" \/>\n<script type=\"application\/ld+json\" class=\"yoast-schema-graph\">{\"@context\":\"https:\/\/schema.org\",\"@graph\":[{\"@type\":\"WebPage\",\"@id\":\"https:\/\/quartorojo.cl\/index.php\/producto\/vibrador-brocha-brush\/\",\"url\":\"https:\/\/quartorojo.cl\/index.php\/producto\/vibrador-brocha-brush\/\",\"name\":\"Vibrador Brocha Brush - Quarto Rojo\",\"isPartOf\":{\"@id\":\"https:\/\/quartorojo.cl\/#website\"},\"primaryImageOfPage\":{\"@id\":\"https:\/\/quartorojo.cl\/index.php\/producto\/vibrador-brocha-brush\/#primaryimage\"},\"image\":{\"@id\":\"https:\/\/quartorojo.cl\/index.php\/producto\/vibrador-brocha-brush\/#primaryimage\"},\"thumbnailUrl\":\"https:\/\/quartorojo.cl\/wp-content\/uploads\/2025\/10\/BROCHA-1.jpg\",\"datePublished\":\"2025-10-28T02:34:45+00:00\",\"dateModified\":\"2026-01-26T20:06:04+00:00\",\"breadcrumb\":{\"@id\":\"https:\/\/quartorojo.cl\/index.php\/producto\/vibrador-brocha-brush\/#breadcrumb\"},\"inLanguage\":\"es\",\"potentialAction\":[{\"@type\":\"ReadAction\",\"target\":[\"https:\/\/quartorojo.cl\/index.php\/producto\/vibrador-brocha-brush\/\"]}]},{\"@type\":\"ImageObject\",\"inLanguage\":\"es\",\"@id\":\"https:\/\/quartorojo.cl\/index.php\/producto\/vibrador-brocha-brush\/#primaryimage\",\"url\":\"https:\/\/quartorojo.cl\/wp-content\/uploads\/2025\/10\/BROCHA-1.jpg\",\"contentUrl\":\"https:\/\/quartorojo.cl\/wp-content\/uploads\/2025\/10\/BROCHA-1.jpg\",\"width\":1208,\"height\":1208},{\"@type\":\"BreadcrumbList\",\"@id\":\"https:\/\/quartorojo.cl\/index.php\/producto\/vibrador-brocha-brush\/#breadcrumb\",\"itemListElement\":[{\"@type\":\"ListItem\",\"position\":1,\"name\":\"Portada\",\"item\":\"https:\/\/quartorojo.cl\/\"},{\"@type\":\"ListItem\",\"position\":2,\"name\":\"Tienda\",\"item\":\"https:\/\/quartorojo.cl\/index.php\/tienda\/\"},{\"@type\":\"ListItem\",\"position\":3,\"name\":\"Vibrador Brocha Brush\"}]},{\"@type\":\"WebSite\",\"@id\":\"https:\/\/quartorojo.cl\/#website\",\"url\":\"https:\/\/quartorojo.cl\/\",\"name\":\"Quartorojo.cl\",\"description\":\"Juguetes \u00cdntimos\",\"publisher\":{\"@id\":\"https:\/\/quartorojo.cl\/#organization\"},\"potentialAction\":[{\"@type\":\"SearchAction\",\"target\":{\"@type\":\"EntryPoint\",\"urlTemplate\":\"https:\/\/quartorojo.cl\/?s={search_term_string}\"},\"query-input\":{\"@type\":\"PropertyValueSpecification\",\"valueRequired\":true,\"valueName\":\"search_term_string\"}}],\"inLanguage\":\"es\"},{\"@type\":\"Organization\",\"@id\":\"https:\/\/quartorojo.cl\/#organization\",\"name\":\"Quarto Rojo\",\"url\":\"https:\/\/quartorojo.cl\/\",\"logo\":{\"@type\":\"ImageObject\",\"inLanguage\":\"es\",\"@id\":\"https:\/\/quartorojo.cl\/#\/schema\/logo\/image\/\",\"url\":\"https:\/\/quartorojo.cl\/wp-content\/uploads\/2025\/10\/LOGOQUARTOROJO2023TRAZADO-scaled.png\",\"contentUrl\":\"https:\/\/quartorojo.cl\/wp-content\/uploads\/2025\/10\/LOGOQUARTOROJO2023TRAZADO-scaled.png\",\"width\":2560,\"height\":2193,\"caption\":\"Quarto Rojo\"},\"image\":{\"@id\":\"https:\/\/quartorojo.cl\/#\/schema\/logo\/image\/\"}}]}<\/script>\n<!-- \/ Yoast SEO plugin. -->","yoast_head_json":{"title":"Vibrador Brocha Brush - Quarto Rojo","robots":{"index":"index","follow":"follow","max-snippet":"max-snippet:-1","max-image-preview":"max-image-preview:large","max-video-preview":"max-video-preview:-1"},"canonical":"https:\/\/quartorojo.cl\/index.php\/producto\/vibrador-brocha-brush\/","og_locale":"es_ES","og_type":"article","og_title":"Vibrador Brocha Brush - Quarto Rojo","og_description":"Recargable  A prueba de agua  10 modo de vibraci\u00f3n","og_url":"https:\/\/quartorojo.cl\/index.php\/producto\/vibrador-brocha-brush\/","og_site_name":"Quarto Rojo","article_modified_time":"2026-01-26T20:06:04+00:00","og_image":[{"width":1208,"height":1208,"url":"https:\/\/quartorojo.cl\/wp-content\/uploads\/2025\/10\/BROCHA-1.jpg","type":"image\/jpeg"}],"twitter_card":"summary_large_image","twitter_misc":{"Tiempo de lectura":"2 minutos"},"schema":{"@context":"https:\/\/schema.org","@graph":[{"@type":"WebPage","@id":"https:\/\/quartorojo.cl\/index.php\/producto\/vibrador-brocha-brush\/","url":"https:\/\/quartorojo.cl\/index.php\/producto\/vibrador-brocha-brush\/","name":"Vibrador Brocha Brush - Quarto Rojo","isPartOf":{"@id":"https:\/\/quartorojo.cl\/#website"},"primaryImageOfPage":{"@id":"https:\/\/quartorojo.cl\/index.php\/producto\/vibrador-brocha-brush\/#primaryimage"},"image":{"@id":"https:\/\/quartorojo.cl\/index.php\/producto\/vibrador-brocha-brush\/#primaryimage"},"thumbnailUrl":"https:\/\/quartorojo.cl\/wp-content\/uploads\/2025\/10\/BROCHA-1.jpg","datePublished":"2025-10-28T02:34:45+00:00","dateModified":"2026-01-26T20:06:04+00:00","breadcrumb":{"@id":"https:\/\/quartorojo.cl\/index.php\/producto\/vibrador-brocha-brush\/#breadcrumb"},"inLanguage":"es","potentialAction":[{"@type":"ReadAction","target":["https:\/\/quartorojo.cl\/index.php\/producto\/vibrador-brocha-brush\/"]}]},{"@type":"ImageObject","inLanguage":"es","@id":"https:\/\/quartorojo.cl\/index.php\/producto\/vibrador-brocha-brush\/#primaryimage","url":"https:\/\/quartorojo.cl\/wp-content\/uploads\/2025\/10\/BROCHA-1.jpg","contentUrl":"https:\/\/quartorojo.cl\/wp-content\/uploads\/2025\/10\/BROCHA-1.jpg","width":1208,"height":1208},{"@type":"BreadcrumbList","@id":"https:\/\/quartorojo.cl\/index.php\/producto\/vibrador-brocha-brush\/#breadcrumb","itemListElement":[{"@type":"ListItem","position":1,"name":"Portada","item":"https:\/\/quartorojo.cl\/"},{"@type":"ListItem","position":2,"name":"Tienda","item":"https:\/\/quartorojo.cl\/index.php\/tienda\/"},{"@type":"ListItem","position":3,"name":"Vibrador Brocha Brush"}]},{"@type":"WebSite","@id":"https:\/\/quartorojo.cl\/#website","url":"https:\/\/quartorojo.cl\/","name":"Quartorojo.cl","description":"Juguetes \u00cdntimos","publisher":{"@id":"https:\/\/quartorojo.cl\/#organization"},"potentialAction":[{"@type":"SearchAction","target":{"@type":"EntryPoint","urlTemplate":"https:\/\/quartorojo.cl\/?s={search_term_string}"},"query-input":{"@type":"PropertyValueSpecification","valueRequired":true,"valueName":"search_term_string"}}],"inLanguage":"es"},{"@type":"Organization","@id":"https:\/\/quartorojo.cl\/#organization","name":"Quarto Rojo","url":"https:\/\/quartorojo.cl\/","logo":{"@type":"ImageObject","inLanguage":"es","@id":"https:\/\/quartorojo.cl\/#\/schema\/logo\/image\/","url":"https:\/\/quartorojo.cl\/wp-content\/uploads\/2025\/10\/LOGOQUARTOROJO2023TRAZADO-scaled.png","contentUrl":"https:\/\/quartorojo.cl\/wp-content\/uploads\/2025\/10\/LOGOQUARTOROJO2023TRAZADO-scaled.png","width":2560,"height":2193,"caption":"Quarto Rojo"},"image":{"@id":"https:\/\/quartorojo.cl\/#\/schema\/logo\/image\/"}}]}},"_links":{"self":[{"href":"https:\/\/quartorojo.cl\/index.php\/wp-json\/wp\/v2\/product\/151","targetHints":{"allow":["GET"]}}],"collection":[{"href":"https:\/\/quartorojo.cl\/index.php\/wp-json\/wp\/v2\/product"}],"about":[{"href":"https:\/\/quartorojo.cl\/index.php\/wp-json\/wp\/v2\/types\/product"}],"replies":[{"embeddable":true,"href":"https:\/\/quartorojo.cl\/index.php\/wp-json\/wp\/v2\/comments?post=151"}],"wp:featuredmedia":[{"embeddable":true,"href":"https:\/\/quartorojo.cl\/index.php\/wp-json\/wp\/v2\/media\/155"}],"wp:attachment":[{"href":"https:\/\/quartorojo.cl\/index.php\/wp-json\/wp\/v2\/media?parent=151"}],"wp:term":[{"taxonomy":"product_brand","embeddable":true,"href":"https:\/\/quartorojo.cl\/index.php\/wp-json\/wp\/v2\/product_brand?post=151"},{"taxonomy":"product_cat","embeddable":true,"href":"https:\/\/quartorojo.cl\/index.php\/wp-json\/wp\/v2\/product_cat?post=151"},{"taxonomy":"product_tag","embeddable":true,"href":"https:\/\/quartorojo.cl\/index.php\/wp-json\/wp\/v2\/product_tag?post=151"}],"curies":[{"name":"wp","href":"https:\/\/api.w.org\/{rel}","templated":true}]}}